{"id":68593,"date":"2018-09-13T06:51:49","date_gmt":"2018-09-13T06:51:49","guid":{"rendered":"https:\/\/budoshop.si\/?product=boks-povoji-za-dlani-bandaze-semi"},"modified":"2026-01-12T08:47:31","modified_gmt":"2026-01-12T07:47:31","slug":"boks-povoji-za-dlani-bandaze-semi","status":"publish","type":"product","link":"https:\/\/www.budoshop.si\/sl\/izdelek\/boks-povoji-za-dlani-bandaze-semi\/","title":{"rendered":"Boks povoji za dlani &#8211; banda\u017ee &#8221;SEMI&#8221;"},"content":{"rendered":"<div style=\"text-align: justify;\">\n<p><span style=\"font-size: 15px; color: #993300;\">Za\u0161\u010ditni pol-elasti\u010dni bomba\u017eni boksarski povoji za dlani &#8211; banda\u017ee. Banda\u017ee se zapenjajo z je\u017ekom z za\u010detno rinko za na palec, tako da trdno stojijo na dlaneh. Primerne za Boks, Kick box, Tajski box (Muay Thai), MMA &#8230;<br \/>\nBoksarske banda\u017ee pomagajo za\u0161\u010dititi kosti in kite rok. Poleg tega nudijo podporo zapestju in palcu. Da bi se izognili po\u0161kodbam, pred treningom zato vedno povite dlani s povoji.<\/span><\/p>\n<p><span style=\"font-size: 15px; color: #993300;\">Dol\u017eina: cca. 350 ali 450 cm<\/span><br \/>\n<span style=\"font-size: 15px; color: #993300;\">\u0160irina: cca. 5cm<\/span><\/p>\n<p><span style=\"font-size: 15px; color: #993300;\">Barve: \u010drne, rde\u010de, bele, sive ali vijola. <\/span><\/p>\n<p><span style=\"font-size: 15px; color: #993300;\">Prodajajo se v paru.<\/span><\/p>\n<\/div>\n","protected":false},"excerpt":{"rendered":"<p><span style=\"color: #003366;\"><strong>Pol-elasti\u010dni boksarski za\u0161\u010ditni povoji\/banda\u017ee za dlani (par).<\/strong><\/span><\/p>\n","protected":false},"featured_media":68595,"comment_status":"open","ping_status":"closed","template":"","meta":[],"product_brand":[5608],"product_cat":[827,1043,1085,1087,771],"product_tag":[],"class_list":{"0":"post-68593","1":"product","2":"type-product","3":"status-publish","4":"has-post-thumbnail","6":"product_brand-dax","7":"product_cat-bandaze-in-podrokavice","8":"product_cat-boks-kickbox-tajski-boks-mma","9":"product_cat-dax-1","10":"product_cat-dax-3","11":"product_cat-ostalo-3","12":"pa_barva-bele-barve-sl","13":"pa_barva-crne-barve-sl-2","14":"pa_barva-rdeca-barva-sl-2","15":"pa_barva-siva-sl","16":"pa_barva-vijolicna","17":"pa_dolzina-350-cm-sl","18":"pa_dolzina-450-cm-sl","20":"first","21":"instock","22":"taxable","23":"shipping-taxable","24":"purchasable","25":"product-type-variable"},"_links":{"self":[{"href":"https:\/\/www.budoshop.si\/sl\/wp-json\/wp\/v2\/product\/68593","targetHints":{"allow":["GET"]}}],"collection":[{"href":"https:\/\/www.budoshop.si\/sl\/wp-json\/wp\/v2\/product"}],"about":[{"href":"https:\/\/www.budoshop.si\/sl\/wp-json\/wp\/v2\/types\/product"}],"replies":[{"embeddable":true,"href":"https:\/\/www.budoshop.si\/sl\/wp-json\/wp\/v2\/comments?post=68593"}],"wp:featuredmedia":[{"embeddable":true,"href":"https:\/\/www.budoshop.si\/sl\/wp-json\/wp\/v2\/media\/68595"}],"wp:attachment":[{"href":"https:\/\/www.budoshop.si\/sl\/wp-json\/wp\/v2\/media?parent=68593"}],"wp:term":[{"taxonomy":"product_brand","embeddable":true,"href":"https:\/\/www.budoshop.si\/sl\/wp-json\/wp\/v2\/product_brand?post=68593"},{"taxonomy":"product_cat","embeddable":true,"href":"https:\/\/www.budoshop.si\/sl\/wp-json\/wp\/v2\/product_cat?post=68593"},{"taxonomy":"product_tag","embeddable":true,"href":"https:\/\/www.budoshop.si\/sl\/wp-json\/wp\/v2\/product_tag?post=68593"}],"curies":[{"name":"wp","href":"https:\/\/api.w.org\/{rel}","templated":true}]}}