{"id":68571,"date":"2018-09-13T06:51:49","date_gmt":"2018-09-13T06:51:49","guid":{"rendered":"https:\/\/budoshop.si\/?product=elasticni-scitniksteznik-za-glezenj"},"modified":"2026-02-07T10:55:46","modified_gmt":"2026-02-07T09:55:46","slug":"elasticni-scitniksteznik-za-glezenj","status":"publish","type":"product","link":"https:\/\/www.budoshop.si\/sl\/izdelek\/elasticni-scitniksteznik-za-glezenj\/","title":{"rendered":"Elasti\u010dni \u0161\u010ditnik\/steznik za gle\u017eenj"},"content":{"rendered":"<div style=\"text-align: justify;\">\n<p><span style=\"color: #993300; font-size: 15px;\">elasti\u010dni \u0161\u010ditnik steznik za gle\u017eenj Elasti\u010dni \u0161\u010ditnik\/steznik za gle\u017eenj za za\u0161\u010dito, stabilnost in oporo v borilnih ve\u0161\u010dinah. \u0160\u010ditnik se enostavno natakne na nogo kot nogavico in ga ni potrebno zapenjati. Narejen je iz elasti\u010dnega me\u0161anega ko\u017ei prijaznega bomba\u017ea in se lepo ter trdno prilega zglobu a kljub temu zagotavlja dobro gibljivost gle\u017enja in za\u0161\u010dito pred odrgninami, zvini, udarci in drugimi po\u0161kodbami. prosta peta in predel prsto pa zagotavlja dober stik s tlemi. Primeren tudi pri rehabilitaciji.<\/span><\/p>\n<p><span style=\"color: #993300; font-size: 15px;\">Barve: bela in \u010drna.<\/span><\/p>\n<p><span style=\"color: #993300; font-size: 15px;\">Velikost: M (do \u0161tevilke noge 42) ali L (od \u0161tevilke noge 42 dalje)<\/span><\/p>\n<\/div>\n<div style=\"text-align: justify;\">\n<p><span style=\"color: #993300; font-size: 15px;\"><br \/>\nProdaja se v paru.<\/span><\/p>\n<p>&nbsp;<\/p>\n<\/div>\n","protected":false},"excerpt":{"rendered":"<p><span style=\"color: #002060;\"><strong>Elasti\u010dni \u0161\u010ditnik\/steznik gle\u017enja (par).<\/strong><\/span><\/p>\n","protected":false},"featured_media":121196,"comment_status":"open","ping_status":"closed","template":"","meta":[],"product_brand":[5596],"product_cat":[1035,1043,1033,1031,1029,1061,983,895,1039,1041],"product_tag":[],"class_list":{"0":"post-68571","1":"product","2":"type-product","3":"status-publish","4":"has-post-thumbnail","6":"product_brand-kwon","7":"product_cat-aikido-kendo-iai-kobudo-1","8":"product_cat-boks-kickbox-tajski-boks-mma","9":"product_cat-ju-jitsujiu-jitsu-1","10":"product_cat-judo-1","11":"product_cat-karate-5","12":"product_cat-kwon-5","13":"product_cat-kwon-3","14":"product_cat-scitniki-za-glezenj","15":"product_cat-taekwondo-3","16":"product_cat-tai-chi-kunf-fu-wu-shu-1","17":"pa_barva-bele-barve-sl","18":"pa_barva-crne-barve-sl-2","19":"pa_barva-rdeca-barva-sl-2","20":"pa_velikost-l-sl-2","21":"pa_velikost-m-sl-2","23":"first","24":"instock","25":"taxable","26":"shipping-taxable","27":"purchasable","28":"product-type-variable"},"_links":{"self":[{"href":"https:\/\/www.budoshop.si\/sl\/wp-json\/wp\/v2\/product\/68571","targetHints":{"allow":["GET"]}}],"collection":[{"href":"https:\/\/www.budoshop.si\/sl\/wp-json\/wp\/v2\/product"}],"about":[{"href":"https:\/\/www.budoshop.si\/sl\/wp-json\/wp\/v2\/types\/product"}],"replies":[{"embeddable":true,"href":"https:\/\/www.budoshop.si\/sl\/wp-json\/wp\/v2\/comments?post=68571"}],"wp:featuredmedia":[{"embeddable":true,"href":"https:\/\/www.budoshop.si\/sl\/wp-json\/wp\/v2\/media\/121196"}],"wp:attachment":[{"href":"https:\/\/www.budoshop.si\/sl\/wp-json\/wp\/v2\/media?parent=68571"}],"wp:term":[{"taxonomy":"product_brand","embeddable":true,"href":"https:\/\/www.budoshop.si\/sl\/wp-json\/wp\/v2\/product_brand?post=68571"},{"taxonomy":"product_cat","embeddable":true,"href":"https:\/\/www.budoshop.si\/sl\/wp-json\/wp\/v2\/product_cat?post=68571"},{"taxonomy":"product_tag","embeddable":true,"href":"https:\/\/www.budoshop.si\/sl\/wp-json\/wp\/v2\/product_tag?post=68571"}],"curies":[{"name":"wp","href":"https:\/\/api.w.org\/{rel}","templated":true}]}}