{"id":68453,"date":"2018-09-13T06:51:49","date_gmt":"2018-09-13T06:51:49","guid":{"rendered":"https:\/\/budoshop.si\/?product=boxing-kratke-hlacke-thai-evolution-novo"},"modified":"2026-01-09T09:36:45","modified_gmt":"2026-01-09T08:36:45","slug":"boxing-kratke-hlacke-thai-evolution-novo","status":"publish","type":"product","link":"https:\/\/www.budoshop.si\/sl\/izdelek\/boxing-kratke-hlacke-thai-evolution-novo\/","title":{"rendered":"Boxing kratke hla\u010dke &#8221;THAI EVOLUTION&#8221;"},"content":{"rendered":"<div style=\"text-align: justify;\">\n<p><span style=\"font-size: 15px; color: #993300;\">Te kratke hla\u010dke so izdelane iz 100% poliestra (saten &amp; mre\u017ea) po trenutnem Muay Thai kroju s 5cm \u0161iroko elastiko pasu in dodatno vrvico za trdno pritrditev. Lahkotnost materiala, udoben kroj in raz\u0161irjene hla\u010dnice omogo\u010dajo maksimalno svobodo gibanja. Primerne za trening Tajskega boksa (Muay Thai), Kickbox-a, Boksa in podobnih \u0161portov.<\/span><\/p>\n<p><span style=\"font-size: 15px; color: #993300;\">Barve: \u010drna, bela, srebrna, zlata, rde\u010da in roza<br \/>\n<\/span><\/p>\n<p><span style=\"color: #993300; font-size: 15px;\">Velikosti: S &#8211; M &#8211; L &#8211; XL<\/span><\/p>\n<\/div>\n","protected":false},"excerpt":{"rendered":"<p><span style=\"color: #002060;\"><strong>Moderne Muay Thai hla\u010dke razli\u010dnih barv.<\/strong><\/span><\/p>\n","protected":false},"featured_media":68455,"comment_status":"open","ping_status":"closed","template":"","meta":[],"product_brand":[5596],"product_cat":[1043,905,983,1061],"product_tag":[],"class_list":{"0":"post-68453","1":"product","2":"type-product","3":"status-publish","4":"has-post-thumbnail","6":"product_brand-kwon","7":"product_cat-boks-kickbox-tajski-boks-mma","8":"product_cat-hlacke","9":"product_cat-kwon-3","10":"product_cat-kwon-5","11":"pa_barva-bele-barve-sl","12":"pa_barva-rdeca-barva-sl-2","13":"pa_barva-crne-barve-sl-2","14":"pa_barva-roza-sl-2","15":"pa_barva-srebrna-sl","16":"pa_barva-zlate-barve-sl","17":"pa_velikost-s-sl-2","18":"pa_velikost-m-sl-2","19":"pa_velikost-l-sl-2","20":"pa_velikost-xl-sl","22":"first","23":"instock","24":"taxable","25":"shipping-taxable","26":"purchasable","27":"product-type-variable"},"_links":{"self":[{"href":"https:\/\/www.budoshop.si\/sl\/wp-json\/wp\/v2\/product\/68453","targetHints":{"allow":["GET"]}}],"collection":[{"href":"https:\/\/www.budoshop.si\/sl\/wp-json\/wp\/v2\/product"}],"about":[{"href":"https:\/\/www.budoshop.si\/sl\/wp-json\/wp\/v2\/types\/product"}],"replies":[{"embeddable":true,"href":"https:\/\/www.budoshop.si\/sl\/wp-json\/wp\/v2\/comments?post=68453"}],"wp:featuredmedia":[{"embeddable":true,"href":"https:\/\/www.budoshop.si\/sl\/wp-json\/wp\/v2\/media\/68455"}],"wp:attachment":[{"href":"https:\/\/www.budoshop.si\/sl\/wp-json\/wp\/v2\/media?parent=68453"}],"wp:term":[{"taxonomy":"product_brand","embeddable":true,"href":"https:\/\/www.budoshop.si\/sl\/wp-json\/wp\/v2\/product_brand?post=68453"},{"taxonomy":"product_cat","embeddable":true,"href":"https:\/\/www.budoshop.si\/sl\/wp-json\/wp\/v2\/product_cat?post=68453"},{"taxonomy":"product_tag","embeddable":true,"href":"https:\/\/www.budoshop.si\/sl\/wp-json\/wp\/v2\/product_tag?post=68453"}],"curies":[{"name":"wp","href":"https:\/\/api.w.org\/{rel}","templated":true}]}}