{"id":68435,"date":"2018-09-13T06:51:49","date_gmt":"2018-09-13T06:51:49","guid":{"rendered":"https:\/\/budoshop.si\/?product=tanto-shirasaya-white"},"modified":"2025-11-07T12:34:41","modified_gmt":"2025-11-07T11:34:41","slug":"tanto-shirasaya-white","status":"publish","type":"product","link":"https:\/\/www.budoshop.si\/sl\/izdelek\/tanto-shirasaya-white\/","title":{"rendered":"O-tanto &#8221;SHIRASAYA&#8221;"},"content":{"rendered":"<div><span style=\"font-size: 15px; color: #993300;\">Tanto Shirasaya je tradicionalen japonski no\u017e z lesenim ro\u010dajem in leseno Sayo (no\u017enico) brez Tsube (\u0161\u010ditnika). <span class=\"HwtZe\" lang=\"sl\"><span class=\"jCAhz ChMk0b\"><span class=\"ryNqvb\">Shirasaya se nana\u0161a na poseben nosilec me\u010da, ki se je uporabljal za haranjenje rezila, \u0161e<\/span><\/span> z<span class=\"jCAhz ChMk0b\"><span class=\"ryNqvb\">lasti v \u010dasu miru.<\/span><\/span> <span class=\"jCAhz ChMk0b\"><span class=\"ryNqvb\">Svetel nelakiran les magnolije v naravni barvi lesa absorbira vlago v notranjosti no\u017enice, jo odvaja navzven in tako rezilo \u0161\u010diti pred rjo.<\/span><\/span> <span class=\"jCAhz ChMk0b\"><span class=\"ryNqvb\">Mnogi Shirasaya so bili opremljeni s &#8216;Saya-gaki&#8217; napisom, ki je podal informacije o kova\u010du, poreklu in klasifikaciji.<\/span><\/span> <span class=\"jCAhz ChMk0b\"><span class=\"ryNqvb\">Na japonskih ulicah se je uporabljala tak\u0161na neopazna oprema me\u010dev in no\u017eev brez ro\u010daja in \u0161\u010ditnika, zlasti v poznem 19. stoletju, ko je cesar prepovedal no\u0161enje Samurajskih me\u010dev.<\/span><\/span> <span class=\"jCAhz ChMk0b\"><span class=\"ryNqvb\">Shirasaya je dajala videz navadnega lesenega me\u010da ali palice, a je bil v njej neopa\u017eeno skrit no\u017e ali me\u010d.<\/span><\/span><br \/>\n<span class=\"jCAhz ChMk0b\"><span class=\"ryNqvb\">Ta Shirasaya O-tanto se nana\u0161a na dalj\u0161i Samurajski Tanto no\u017e, dolg pribl.<\/span><\/span> <span class=\"jCAhz ChMk0b\"><span class=\"ryNqvb\">57 cm. Rezilo je izdelano v slogu Shinogi Zukuri z Bo-Hi utorom, ro\u010dno kovano iz ogljikovega jekla 1045.<\/span><\/span> <span class=\"jCAhz ChMk0b\"><span class=\"ryNqvb\">Rezilo je ostro bru\u0161eno z vdelano Hamon linijo, ki daje zelo pristen videz. Tradicionalno se ja tak\u0161en no\u017e uporabljal tudi za obredni Harakiri.<br \/>\nRezilo je v ro\u010daj pritrjeno z dvema bambusovima Mekugi zati\u010dema, kar pomeni, da se Tanto lahko popolnoma razstavi. Brez plastike, uporabljeni so samo kakovostni in avtenti\u010dni materiali. Habaki n Seppa so izdelane iz medenine. Dodana je tudi za\u0161\u010ditna bomba\u017ena torbica, John Lee \u017eig in certifikat. <\/span><\/span><\/span>Vzdol\u017e no\u017enice je japonska kaligrafija v \u010drni barvi, kar dela no\u017e zelo lep in atraktiven.<br \/>\nO-tanto Shiaraya je primeren tako kot trening rekvizit, kot darilno dekorativni predmet. <\/span><\/div>\n<div><span style=\"color: #993300; font-size: 15px;\"><br \/>\n<span class=\"HwtZe\" lang=\"sl\"><span class=\"jCAhz ChMk0b\"><span class=\"ryNqvb\">Material rezila: ogljikovo jeklo 1045<\/span><\/span> <\/span><\/span><\/div>\n<div><span style=\"color: #993300; font-size: 15px;\"><span class=\"HwtZe\" lang=\"sl\"><span class=\"jCAhz ChMk0b\"><span class=\"ryNqvb\">Material ro\u010daja: les\/\u017earna ko\u017ea\/bomba\u017e<\/span><\/span> <\/span><\/span><\/div>\n<div><span style=\"color: #993300; font-size: 15px;\"><span style=\"color: #993300; font-size: 15px;\"><span style=\"color: #993300; font-size: 15px;\"><span class=\"HwtZe\" lang=\"sl\"><span class=\"jCAhz ChMk0b\"><span class=\"ryNqvb\">Saya: Les<\/span><\/span><br \/>\n<span class=\"jCAhz ChMk0b\"><span class=\"ryNqvb\">Dol\u017eina ro\u010daja: 17 cm<\/span><\/span><br \/>\n<span class=\"jCAhz ChMk0b\"><span class=\"ryNqvb\">Dol\u017eina rezila: 30,5 cm<\/span><\/span><br \/>\n<span class=\"jCAhz ChMk0b\"><span class=\"ryNqvb\">Celotna dol\u017eina (brez Saye): 48 cm<\/span><\/span><br \/>\n<span class=\"jCAhz ChMk0b\"><span class=\"ryNqvb\">Te\u017ea (brez Saye): 420 g<\/span><\/span><\/span><\/span><\/span><\/span>&nbsp;<\/p>\n<p><span style=\"font-size: 15px; color: #993300;\">TA ARTIKEL PRODAJAMO SAMO POLNOLETNIM OSEBAM!!!<\/span><\/div>\n<div style=\"text-align: justify;\"><\/div>\n<div style=\"text-align: justify;\"><span style=\"color: #993300; font-size: 11px;\">Opozorilo!<br \/>\n\u25ba Artikel je namenjen samo dekorativni uporabi oziroma osebnemu treningu borilnih ve\u0161\u010din.<br \/>\n\u25ba Po prodaji, prodajalec ni ve\u010d odgovoren za nikakr\u0161ne po\u0161kodbe, ki se lahko zgodijo zaradi napa\u010dne uporabe ali zanemarjanja teh opozoril. Novi lastnik prevzema popolno odgovornost za skrb in uporabo tega artikla.<br \/>\n\u25ba Vsakr\u0161na napa\u010dna uporaba ali nepazljivost lahko vam ali drugemu povzro\u010di resne po\u0161kodbe ali celo smrt!<br \/>\n\u25ba Ta artikel se v nobenem primeru ne sme uporabljati na drugi osebi!<\/span><\/div>\n","protected":false},"excerpt":{"rendered":"<p><span style=\"color: #002060;\"><strong>Tradicionalen dolg japonski Tanto no\u017e s kovinskim rezilom v lesu brez Tsube. <\/strong><\/span><\/p>\n","protected":false},"featured_media":110389,"comment_status":"open","ping_status":"closed","template":"","meta":[],"product_brand":[5611],"product_cat":[1035,5375,1033,1037,813],"product_tag":[],"class_list":{"0":"post-68435","1":"product","2":"type-product","3":"status-publish","4":"has-post-thumbnail","6":"product_brand-john-lee","7":"product_cat-aikido-kendo-iai-kobudo-1","8":"product_cat-john-lee-sl","9":"product_cat-ju-jitsujiu-jitsu-1","10":"product_cat-ninjutsu-3","11":"product_cat-nozi","13":"first","14":"instock","15":"taxable","16":"shipping-taxable","17":"purchasable","18":"product-type-simple"},"_links":{"self":[{"href":"https:\/\/www.budoshop.si\/sl\/wp-json\/wp\/v2\/product\/68435","targetHints":{"allow":["GET"]}}],"collection":[{"href":"https:\/\/www.budoshop.si\/sl\/wp-json\/wp\/v2\/product"}],"about":[{"href":"https:\/\/www.budoshop.si\/sl\/wp-json\/wp\/v2\/types\/product"}],"replies":[{"embeddable":true,"href":"https:\/\/www.budoshop.si\/sl\/wp-json\/wp\/v2\/comments?post=68435"}],"wp:featuredmedia":[{"embeddable":true,"href":"https:\/\/www.budoshop.si\/sl\/wp-json\/wp\/v2\/media\/110389"}],"wp:attachment":[{"href":"https:\/\/www.budoshop.si\/sl\/wp-json\/wp\/v2\/media?parent=68435"}],"wp:term":[{"taxonomy":"product_brand","embeddable":true,"href":"https:\/\/www.budoshop.si\/sl\/wp-json\/wp\/v2\/product_brand?post=68435"},{"taxonomy":"product_cat","embeddable":true,"href":"https:\/\/www.budoshop.si\/sl\/wp-json\/wp\/v2\/product_cat?post=68435"},{"taxonomy":"product_tag","embeddable":true,"href":"https:\/\/www.budoshop.si\/sl\/wp-json\/wp\/v2\/product_tag?post=68435"}],"curies":[{"name":"wp","href":"https:\/\/api.w.org\/{rel}","templated":true}]}}