{"id":68391,"date":"2018-09-13T06:51:49","date_gmt":"2018-09-13T06:51:49","guid":{"rendered":"https:\/\/budoshop.si\/?product=elasticne-boksarske-podrokavice"},"modified":"2025-02-12T10:26:47","modified_gmt":"2025-02-12T09:26:47","slug":"elasticne-boksarske-podrokavice","status":"publish","type":"product","link":"https:\/\/www.budoshop.si\/sl\/izdelek\/elasticne-boksarske-podrokavice\/","title":{"rendered":"Elasti\u010dne boksarske podrokavice &#8211; V AKCIJI!!"},"content":{"rendered":"<div style=\"text-align: justify;\"><span style=\"font-size: 15px; color: #993300;\">Elasti\u010dne boksarske podrokavice brez prstov z lo\u010denim predelom med sredincem in prstancem ter odprtino za palec. Boksarske podrokavice nadome\u0161\u010dajo dolgotrajno navijanje banda\u017enih povojev pod boksarskimi rokavicami, saj jih enostavno natakne na dlan. Boksarske podrokavice so izdelane iz 100% elasti\u010dnega bomba\u017ea in namenjene bolj\u0161emu oprijemu roke z rokavico. Prav tako dobro vpijajo znoj. Podrokavice so primerne tudi kot enostavna za\u0161\u010dita za trening na boksarski vre\u010di ali hru\u0161ki, pa tudi za trening\u00a0 &#8216;grappling&#8217; ve\u0161\u010din, saj jih lahko nataknemo preko banda\u017enih trakov in imamo na ta na\u010din dovolj za\u0161\u010ditene pesti ter popolnoma proste prste. Enostavno pralno v pralnem stroju.<\/span><\/div>\n<div style=\"text-align: justify;\">\n<p><span style=\"color: #993300; font-size: 15px;\">Barve: \u010drna ali bela<\/span><\/p>\n<p><span style=\"font-size: 15px; color: #993300;\">Velikosti: M in L.<\/span><\/p>\n<\/div>\n","protected":false},"excerpt":{"rendered":"<p><span style=\"color: #002060;\"><strong>Elasti\u010dne boksarske podrokavice raznih barv.<\/strong><\/span><\/p>\n","protected":false},"featured_media":68393,"comment_status":"open","ping_status":"closed","template":"","meta":[],"product_brand":[5595],"product_cat":[1027,827,1043,1061,983,771],"product_tag":[],"class_list":{"0":"post-68391","1":"product","2":"type-product","3":"status-publish","4":"has-post-thumbnail","6":"product_brand-ju-sports","7":"product_cat-v-akciji-2","8":"product_cat-bandaze-in-podrokavice","9":"product_cat-boks-kickbox-tajski-boks-mma","10":"product_cat-kwon-5","11":"product_cat-kwon-3","12":"product_cat-ostalo-3","13":"pa_barva-bele-barve-sl","14":"pa_barva-crne-barve-sl-2","15":"pa_barva-modre-barve-sl","16":"pa_barva-rdeca-barva-sl-2","17":"pa_velikost-l-sl-2","18":"pa_velikost-m-sl-2","19":"pa_velikost-s-sl-2","20":"pa_velikost-xl-sl","22":"first","23":"instock","24":"sale","25":"taxable","26":"shipping-taxable","27":"purchasable","28":"product-type-variable"},"_links":{"self":[{"href":"https:\/\/www.budoshop.si\/sl\/wp-json\/wp\/v2\/product\/68391","targetHints":{"allow":["GET"]}}],"collection":[{"href":"https:\/\/www.budoshop.si\/sl\/wp-json\/wp\/v2\/product"}],"about":[{"href":"https:\/\/www.budoshop.si\/sl\/wp-json\/wp\/v2\/types\/product"}],"replies":[{"embeddable":true,"href":"https:\/\/www.budoshop.si\/sl\/wp-json\/wp\/v2\/comments?post=68391"}],"wp:featuredmedia":[{"embeddable":true,"href":"https:\/\/www.budoshop.si\/sl\/wp-json\/wp\/v2\/media\/68393"}],"wp:attachment":[{"href":"https:\/\/www.budoshop.si\/sl\/wp-json\/wp\/v2\/media?parent=68391"}],"wp:term":[{"taxonomy":"product_brand","embeddable":true,"href":"https:\/\/www.budoshop.si\/sl\/wp-json\/wp\/v2\/product_brand?post=68391"},{"taxonomy":"product_cat","embeddable":true,"href":"https:\/\/www.budoshop.si\/sl\/wp-json\/wp\/v2\/product_cat?post=68391"},{"taxonomy":"product_tag","embeddable":true,"href":"https:\/\/www.budoshop.si\/sl\/wp-json\/wp\/v2\/product_tag?post=68391"}],"curies":[{"name":"wp","href":"https:\/\/api.w.org\/{rel}","templated":true}]}}