{"id":68347,"date":"2018-09-13T06:51:49","date_gmt":"2018-09-13T06:51:49","guid":{"rendered":"https:\/\/budoshop.si\/?product=karate-gi-kimono-kamikaze-europa"},"modified":"2026-03-11T09:01:03","modified_gmt":"2026-03-11T08:01:03","slug":"karate-gi-kimono-kamikaze-europa","status":"publish","type":"product","link":"https:\/\/www.budoshop.si\/sl\/izdelek\/karate-gi-kimono-kamikaze-europa\/","title":{"rendered":"Karate Gi (Kimono) &#8221;Kamikaze EUROPA&#8221;"},"content":{"rendered":"<p style=\"text-align: justify;\"><span style=\"color: #993300; font-size: 15px;\">Ta bomba\u017eni model KAMIKAZE Karate Kimona bele barve je eden najbolj priljubljenih modelov na svetu in ga za svoj Karate trening uporablja veliko svetovnih Karate mojstrov. Narejen je iz prvoklasnega srednje te\u017ekega (10oz) 100% bomba\u017ea ter kreiran za mo\u010dne Karate treninge in vse Karateiste, ki i\u0161\u010dejo maksimalno udobnost in svobodo gibanja. Blago iz katerega je sestavljen ta model Karate Kimona je narejeno posebej za Kamikaze, saj z lahkoto vsrkava znoj in hitro izpu\u0161\u010da vla\u017enost kar omogo\u010da telesu, da bolj prosto diha. Model ima tudi izbolj\u0161an sistem zapenjanja hla\u010d. <\/span><\/p>\n<p><span style=\"font-size: 15px; color: #993300;\">V kompletu so hla\u010de in jakna. <\/span><\/p>\n<p><span style=\"font-size: 15px; color: #993300;\">Vi\u0161ina: 140 &#8211; 200 cm (od vi\u0161ine 160 na 5 cm).<\/span><\/p>\n<p><span style=\"font-size: 11px; color: #993300;\">Pozor! Kimono ni predprano in se lahko pri prvem pranju skr\u010di za cca. 3 %.<\/span><\/p>\n","protected":false},"excerpt":{"rendered":"<p><strong><span style=\"color: #002060;\">Svetovno znani model Karate Kimona znamke Kamikaze.<\/span><\/strong><\/p>\n","protected":false},"featured_media":68349,"comment_status":"open","ping_status":"closed","template":"","meta":[],"product_brand":[5612],"product_cat":[1045,913,947,1029],"product_tag":[],"class_list":{"0":"post-68347","1":"product","2":"type-product","3":"status-publish","4":"has-post-thumbnail","6":"product_brand-kamikaze","7":"product_cat-kamikaze-5","8":"product_cat-kamikaze-1","9":"product_cat-kamikaze-3","10":"product_cat-karate-5","11":"pa_velikost-140-cm-sl","12":"pa_velikost-150-cm-sl","13":"pa_velikost-160-cm-sl","14":"pa_velikost-165-cm-sl","15":"pa_velikost-170-cm-sl","16":"pa_velikost-175-cm-sl","17":"pa_velikost-180-cm-sl","18":"pa_velikost-185-cm-sl","19":"pa_velikost-190-cm-sl","20":"pa_velikost-195-cm-sl","21":"pa_velikost-200-cm-sl","22":"pa_velikost-205-cm-sl","24":"first","25":"instock","26":"taxable","27":"shipping-taxable","28":"purchasable","29":"product-type-variable"},"_links":{"self":[{"href":"https:\/\/www.budoshop.si\/sl\/wp-json\/wp\/v2\/product\/68347","targetHints":{"allow":["GET"]}}],"collection":[{"href":"https:\/\/www.budoshop.si\/sl\/wp-json\/wp\/v2\/product"}],"about":[{"href":"https:\/\/www.budoshop.si\/sl\/wp-json\/wp\/v2\/types\/product"}],"replies":[{"embeddable":true,"href":"https:\/\/www.budoshop.si\/sl\/wp-json\/wp\/v2\/comments?post=68347"}],"wp:featuredmedia":[{"embeddable":true,"href":"https:\/\/www.budoshop.si\/sl\/wp-json\/wp\/v2\/media\/68349"}],"wp:attachment":[{"href":"https:\/\/www.budoshop.si\/sl\/wp-json\/wp\/v2\/media?parent=68347"}],"wp:term":[{"taxonomy":"product_brand","embeddable":true,"href":"https:\/\/www.budoshop.si\/sl\/wp-json\/wp\/v2\/product_brand?post=68347"},{"taxonomy":"product_cat","embeddable":true,"href":"https:\/\/www.budoshop.si\/sl\/wp-json\/wp\/v2\/product_cat?post=68347"},{"taxonomy":"product_tag","embeddable":true,"href":"https:\/\/www.budoshop.si\/sl\/wp-json\/wp\/v2\/product_tag?post=68347"}],"curies":[{"name":"wp","href":"https:\/\/api.w.org\/{rel}","templated":true}]}}