{"id":68309,"date":"2018-09-13T06:51:49","date_gmt":"2018-09-13T06:51:49","guid":{"rendered":"https:\/\/budoshop.si\/?product=torba-za-borilne-sporte-kamikaze"},"modified":"2026-01-29T09:25:16","modified_gmt":"2026-01-29T08:25:16","slug":"torba-za-borilne-sporte-kamikaze","status":"publish","type":"product","link":"https:\/\/www.budoshop.si\/sl\/izdelek\/torba-za-borilne-sporte-kamikaze\/","title":{"rendered":"Torba za borilne \u0161porte &#8221;KAMIKAZE&#8221;"},"content":{"rendered":"<div style=\"text-align: justify;\">\n<p><span style=\"color: #993300; font-size: 15px;\">Slavna Kamikaze \u0161portna torba v \u010drni ali rde\u010di barvi, s Karate motivom in Kamikaze logotipom v beli barvi. Odli\u010dna za dnevno uporabo, kratka potovanja, seminarje ali tekmovanja. Sestavlja je velik osrednji prostor, dva bo\u010dna predala in dva manj\u0161a stranska predala.<\/span><\/p>\n<p><span style=\"font-size: 15px; color: #993300;\">Velikost: cca. 63 x 26 x 30 cm.<\/span><\/p>\n<p>&nbsp;<\/p>\n<\/div>\n","protected":false},"excerpt":{"rendered":"<p><span style=\"color: #002060;\"><strong>\u0160portna torba za borilne ve\u0161\u010dine z Azijskim motivom znamke Kamikaze.<\/strong><\/span><\/p>\n","protected":false},"featured_media":68311,"comment_status":"open","ping_status":"closed","template":"","meta":[],"product_brand":[5612],"product_cat":[1035,1033,1031,1045,947,1029,1037,971],"product_tag":[],"class_list":{"0":"post-68309","1":"product","2":"type-product","3":"status-publish","4":"has-post-thumbnail","6":"product_brand-kamikaze","7":"product_cat-aikido-kendo-iai-kobudo-1","8":"product_cat-ju-jitsujiu-jitsu-1","9":"product_cat-judo-1","10":"product_cat-kamikaze-5","11":"product_cat-kamikaze-3","12":"product_cat-karate-5","13":"product_cat-ninjutsu-3","14":"product_cat-sportne-torbe","15":"pa_barva-crne-barve-sl-2","16":"pa_barva-rdeca-barva-sl-2","18":"first","19":"instock","20":"taxable","21":"shipping-taxable","22":"purchasable","23":"product-type-variable"},"_links":{"self":[{"href":"https:\/\/www.budoshop.si\/sl\/wp-json\/wp\/v2\/product\/68309","targetHints":{"allow":["GET"]}}],"collection":[{"href":"https:\/\/www.budoshop.si\/sl\/wp-json\/wp\/v2\/product"}],"about":[{"href":"https:\/\/www.budoshop.si\/sl\/wp-json\/wp\/v2\/types\/product"}],"replies":[{"embeddable":true,"href":"https:\/\/www.budoshop.si\/sl\/wp-json\/wp\/v2\/comments?post=68309"}],"wp:featuredmedia":[{"embeddable":true,"href":"https:\/\/www.budoshop.si\/sl\/wp-json\/wp\/v2\/media\/68311"}],"wp:attachment":[{"href":"https:\/\/www.budoshop.si\/sl\/wp-json\/wp\/v2\/media?parent=68309"}],"wp:term":[{"taxonomy":"product_brand","embeddable":true,"href":"https:\/\/www.budoshop.si\/sl\/wp-json\/wp\/v2\/product_brand?post=68309"},{"taxonomy":"product_cat","embeddable":true,"href":"https:\/\/www.budoshop.si\/sl\/wp-json\/wp\/v2\/product_cat?post=68309"},{"taxonomy":"product_tag","embeddable":true,"href":"https:\/\/www.budoshop.si\/sl\/wp-json\/wp\/v2\/product_tag?post=68309"}],"curies":[{"name":"wp","href":"https:\/\/api.w.org\/{rel}","templated":true}]}}