{"id":68159,"date":"2018-09-13T06:51:49","date_gmt":"2018-09-13T06:51:49","guid":{"rendered":"https:\/\/budoshop.si\/?product=mma-in-grappling-rokavice-vale-tudo"},"modified":"2026-01-09T10:01:52","modified_gmt":"2026-01-09T09:01:52","slug":"mma-in-grappling-rokavice-vale-tudo","status":"publish","type":"product","link":"https:\/\/www.budoshop.si\/sl\/izdelek\/mma-in-grappling-rokavice-vale-tudo\/","title":{"rendered":"MMA in grappling rokavice &#8221;VALE TUDO&#8221;"},"content":{"rendered":"<div style=\"text-align: justify;\"><span style=\"color: #993300; font-size: 15px;\">Te izredno lahke MMA in grappling rokavice so namenjene vsem oblikam MMA in grapling treninga. MMA rokavice so primerne za udarjanje in grabljenje in primerne treningu prostih borb, saj rok ne omejujejo temve\u010d dajejo ob\u010dutek kot, da na rokah nimamo ni\u010d, vseeno pa varujejo pred po\u0161kodbami. MMA rokavice so narejene iz kvalitetnega umetnega usnja in se zapenjajo s trakom okrog zapestja, ki se ga pritrdi z je\u017ekom kar omogo\u010da dober oprijem in enostavno natikanje in snemanje. Zgornji del, ki pokriva dlan s \u010dlenki je oblo\u017een z neopremskimi vlo\u017eki, prosti prsti pa omogo\u010dajo dobro grabljenje. MMA rokavice so izredno lahke in primerne tudi za udarjanje v boksarsko vre\u010do. Vedno atraktivne \u010drne barve.<br \/>\n<\/span><\/div>\n<div style=\"text-align: justify;\">\n<p><span style=\"color: #993300; font-size: 15px;\">Znamke Kwon.<\/span><\/p>\n<p><span style=\"color: #993300; font-size: 15px;\">\u010crne barve.<\/span><\/p>\n<p><span style=\"color: #993300; font-size: 15px;\">Velikosti: S &#8211; M &#8211; L.<\/span><\/p>\n<\/div>\n","protected":false},"excerpt":{"rendered":"<p><strong><span style=\"color: #002060;\">Lahke MMA in GRAPPLING rokavice s prostimi prsti.<\/span><\/strong><\/p>\n","protected":false},"featured_media":68161,"comment_status":"open","ping_status":"closed","template":"","meta":[],"product_brand":[5596],"product_cat":[1043,819,969,983,1061],"product_tag":[],"class_list":{"0":"post-68159","1":"product","2":"type-product","3":"status-publish","4":"has-post-thumbnail","6":"product_brand-kwon","7":"product_cat-boks-kickbox-tajski-boks-mma","8":"product_cat-grappling-in-mma-rokavice","9":"product_cat-rokavice-za-vreco","10":"product_cat-kwon-3","11":"product_cat-kwon-5","12":"pa_velikost-s-sl-2","13":"pa_velikost-m-sl-2","14":"pa_velikost-l-sl-2","16":"first","17":"instock","18":"taxable","19":"shipping-taxable","20":"purchasable","21":"product-type-variable"},"_links":{"self":[{"href":"https:\/\/www.budoshop.si\/sl\/wp-json\/wp\/v2\/product\/68159","targetHints":{"allow":["GET"]}}],"collection":[{"href":"https:\/\/www.budoshop.si\/sl\/wp-json\/wp\/v2\/product"}],"about":[{"href":"https:\/\/www.budoshop.si\/sl\/wp-json\/wp\/v2\/types\/product"}],"replies":[{"embeddable":true,"href":"https:\/\/www.budoshop.si\/sl\/wp-json\/wp\/v2\/comments?post=68159"}],"wp:featuredmedia":[{"embeddable":true,"href":"https:\/\/www.budoshop.si\/sl\/wp-json\/wp\/v2\/media\/68161"}],"wp:attachment":[{"href":"https:\/\/www.budoshop.si\/sl\/wp-json\/wp\/v2\/media?parent=68159"}],"wp:term":[{"taxonomy":"product_brand","embeddable":true,"href":"https:\/\/www.budoshop.si\/sl\/wp-json\/wp\/v2\/product_brand?post=68159"},{"taxonomy":"product_cat","embeddable":true,"href":"https:\/\/www.budoshop.si\/sl\/wp-json\/wp\/v2\/product_cat?post=68159"},{"taxonomy":"product_tag","embeddable":true,"href":"https:\/\/www.budoshop.si\/sl\/wp-json\/wp\/v2\/product_tag?post=68159"}],"curies":[{"name":"wp","href":"https:\/\/api.w.org\/{rel}","templated":true}]}}