{"id":68147,"date":"2018-09-13T06:51:49","date_gmt":"2018-09-13T06:51:49","guid":{"rendered":"https:\/\/budoshop.si\/?product=elasticna-judo-trening-tuba"},"modified":"2026-03-14T20:09:52","modified_gmt":"2026-03-14T19:09:52","slug":"elasticna-judo-trening-tuba","status":"publish","type":"product","link":"https:\/\/www.budoshop.si\/sl\/izdelek\/elasticna-judo-trening-tuba\/","title":{"rendered":"Elasti\u010dna JUDO trening tuba"},"content":{"rendered":"<div style=\"text-align: justify;\">\n<p><span style=\"color: #993300; font-size: 15px;\">Votla gumijasta Judo trening tuba z ro\u010daji na koncih. Namenjena je treningu mo\u010di in tehnik Judo metov. Uporablja se predvsem v JUDO-ju in JU JUTSU-ju, pa tudi ostalih borilnih ve\u0161\u010dinah, kjer je potrebna mo\u010d in dobra metalna tehnika. Primerna tako za samostojen trening kot trening s partnerjem. <\/span><\/p>\n<p><span style=\"font-size: 15px; color: #993300;\">Dol\u017eine:<br \/>\n&#8211; 160 cm<br \/>\n-190 cm<br \/>\n<\/span><\/p>\n<\/div>\n","protected":false},"excerpt":{"rendered":"<p><span style=\"color: #002060;\"><strong>Gumirana tuba za Judo\/Jujutsu vadbo.<\/strong><\/span><\/p>\n","protected":false},"featured_media":68149,"comment_status":"open","ping_status":"closed","template":"","meta":[],"product_brand":[5607],"product_cat":[1121,1033,1031,1061,983,1127,1125],"product_tag":[],"class_list":{"0":"post-68147","1":"product","2":"type-product","3":"status-publish","4":"has-post-thumbnail","6":"product_brand-danhro","7":"product_cat-elastike","8":"product_cat-ju-jitsujiu-jitsu-1","9":"product_cat-judo-1","10":"product_cat-kwon-5","11":"product_cat-kwon-3","12":"product_cat-ostalo-8","13":"product_cat-pripomocki-za-fitness","14":"pa_velikost-160-cm-sl","15":"pa_velikost-190cm-sl","17":"first","18":"outofstock","19":"taxable","20":"shipping-taxable","21":"purchasable","22":"product-type-variable"},"_links":{"self":[{"href":"https:\/\/www.budoshop.si\/sl\/wp-json\/wp\/v2\/product\/68147","targetHints":{"allow":["GET"]}}],"collection":[{"href":"https:\/\/www.budoshop.si\/sl\/wp-json\/wp\/v2\/product"}],"about":[{"href":"https:\/\/www.budoshop.si\/sl\/wp-json\/wp\/v2\/types\/product"}],"replies":[{"embeddable":true,"href":"https:\/\/www.budoshop.si\/sl\/wp-json\/wp\/v2\/comments?post=68147"}],"wp:featuredmedia":[{"embeddable":true,"href":"https:\/\/www.budoshop.si\/sl\/wp-json\/wp\/v2\/media\/68149"}],"wp:attachment":[{"href":"https:\/\/www.budoshop.si\/sl\/wp-json\/wp\/v2\/media?parent=68147"}],"wp:term":[{"taxonomy":"product_brand","embeddable":true,"href":"https:\/\/www.budoshop.si\/sl\/wp-json\/wp\/v2\/product_brand?post=68147"},{"taxonomy":"product_cat","embeddable":true,"href":"https:\/\/www.budoshop.si\/sl\/wp-json\/wp\/v2\/product_cat?post=68147"},{"taxonomy":"product_tag","embeddable":true,"href":"https:\/\/www.budoshop.si\/sl\/wp-json\/wp\/v2\/product_tag?post=68147"}],"curies":[{"name":"wp","href":"https:\/\/api.w.org\/{rel}","templated":true}]}}