{"id":68141,"date":"2018-09-13T06:51:49","date_gmt":"2018-09-13T04:51:49","guid":{"rendered":"https:\/\/budoshop.si\/?product=pokoncno-stojalo-za-katana-mec"},"modified":"2023-10-02T20:11:55","modified_gmt":"2023-10-02T18:11:55","slug":"pokoncno-stojalo-za-katana-mec","status":"publish","type":"product","link":"https:\/\/www.budoshop.si\/sl\/izdelek\/pokoncno-stojalo-za-katana-mec\/","title":{"rendered":"Pokon\u010dno stojalo za Katana me\u010d"},"content":{"rendered":"<div style=\"text-align: justify;\">\n<p><span style=\"color: #993300; font-size: 15px;\">Izredno lepo leseno sestavljivo stojalo za samostojno pokon\u010dno dr\u017eanje Katana me\u010da \u010drne barve. Stojalo je sestavljeno iz podstavka z utorom v katerega se vstavi me\u010d in zakrivljenega pokon\u010dnega dela s kljuko, ki dr\u017ei me\u010d pokon\u010dno. S postavitvijo tega stojala na pravo mesto bo va\u0161 Katana me\u010d stal \u0161e posebno ponosno in bo \u0161e bolj poudaril njegovo plemenitost. <\/span><\/p>\n<p><span style=\"font-size: 15px; color: #993300;\">Skupna vi\u0161ina: cca. 60 cm.<\/span><\/p>\n<\/div>\n","protected":false},"excerpt":{"rendered":"<p><span style=\"color: #003366;\"><strong>Leseno samostoje\u010de stojalo za Katana me\u010d.<\/strong><\/span><\/p>\n","protected":false},"featured_media":68143,"comment_status":"open","ping_status":"closed","template":"","meta":[],"product_brand":[],"product_cat":[763],"product_tag":[],"class_list":{"0":"post-68141","1":"product","2":"type-product","3":"status-publish","4":"has-post-thumbnail","6":"product_cat-stojala","8":"first","9":"instock","10":"taxable","11":"shipping-taxable","12":"purchasable","13":"product-type-simple"},"_links":{"self":[{"href":"https:\/\/www.budoshop.si\/sl\/wp-json\/wp\/v2\/product\/68141","targetHints":{"allow":["GET"]}}],"collection":[{"href":"https:\/\/www.budoshop.si\/sl\/wp-json\/wp\/v2\/product"}],"about":[{"href":"https:\/\/www.budoshop.si\/sl\/wp-json\/wp\/v2\/types\/product"}],"replies":[{"embeddable":true,"href":"https:\/\/www.budoshop.si\/sl\/wp-json\/wp\/v2\/comments?post=68141"}],"wp:featuredmedia":[{"embeddable":true,"href":"https:\/\/www.budoshop.si\/sl\/wp-json\/wp\/v2\/media\/68143"}],"wp:attachment":[{"href":"https:\/\/www.budoshop.si\/sl\/wp-json\/wp\/v2\/media?parent=68141"}],"wp:term":[{"taxonomy":"product_brand","embeddable":true,"href":"https:\/\/www.budoshop.si\/sl\/wp-json\/wp\/v2\/product_brand?post=68141"},{"taxonomy":"product_cat","embeddable":true,"href":"https:\/\/www.budoshop.si\/sl\/wp-json\/wp\/v2\/product_cat?post=68141"},{"taxonomy":"product_tag","embeddable":true,"href":"https:\/\/www.budoshop.si\/sl\/wp-json\/wp\/v2\/product_tag?post=68141"}],"curies":[{"name":"wp","href":"https:\/\/api.w.org\/{rel}","templated":true}]}}