{"id":68099,"date":"2018-09-13T06:51:49","date_gmt":"2018-09-13T06:51:49","guid":{"rendered":"https:\/\/budoshop.si\/?product=sestavljiva-deska-za-udarjanje"},"modified":"2026-01-13T10:38:21","modified_gmt":"2026-01-13T09:38:21","slug":"sestavljiva-deska-za-udarjanje","status":"publish","type":"product","link":"https:\/\/www.budoshop.si\/sl\/izdelek\/sestavljiva-deska-za-udarjanje\/","title":{"rendered":"Sestavljiva deska za udarjanje &#8221;LIGHT&#8221;"},"content":{"rendered":"<div style=\"text-align: justify;\">\n<p><span style=\"color: #993300; font-size: 15px;\">Deska narejena iz vzdr\u017eljive plastike namenjena ve\u010dkratnemu lomljenju. Narejena je iz dveh delov, ki sta s posebnim sistemom na sredini sestavljena skupaj. Pri dovolj mo\u010dnem udarcu se deski lo\u010dita, vendar jih po uporabi enostavno sestavimo skupaj in pripravljeni sta za novo uporabo. Tako lahko to desko uporabljamo spet in spet.<br \/>\nDeska je na obeh straneh tudi oblo\u017eena z gumirano peno, ki \u0161\u010diti \u010dlenke in sklepe in je tako namenjena vsem vrstam udarcev.<br \/>\n<span class=\"HwtZe\" lang=\"sl\"><span class=\"jCAhz ChMk0b\"><span class=\"ryNqvb\">Na\u0161e lomne deske so vzdr\u017eljive, varne za uporabo in primerne za ve\u010dkratno uporabo.<br \/>\n<span class=\"jCAhz\">Rumene barve.<\/span><\/span><\/span><\/span><br \/>\n<\/span><\/p>\n<\/div>\n<ul>\n<li><span style=\"font-size: 15px; color: #993300;\">dimenzije: 31 x 23 x 1,1 cm, mo\u010d udarca cca. 23 kg<\/span><\/li>\n<li><span style=\"font-size: 15px; color: #993300;\">udarna povr\u0161ina oblo\u017eena z gumirano peno<\/span><\/li>\n<li><span style=\"font-size: 15px; color: #993300;\">izredno vzdr\u017eljivo<\/span><\/li>\n<\/ul>\n<div style=\"text-align: justify;\">\n<div style=\"text-align: left;\"><\/div>\n<\/div>\n","protected":false},"excerpt":{"rendered":"<p><span style=\"color: #003366;\"><strong>Lahka sestavljiva deska za treniranje mo\u010dnih udarcev.<\/strong><\/span><\/p>\n","protected":false},"featured_media":113919,"comment_status":"open","ping_status":"closed","template":"","meta":[],"product_brand":[5595],"product_cat":[5405,5406,1043,1033,1029,1039,1041,809],"product_tag":[],"class_list":{"0":"post-68099","1":"product","2":"type-product","3":"status-publish","4":"has-post-thumbnail","6":"product_brand-ju-sports","7":"product_cat-ju-sports","8":"product_cat-ju-sports-2","9":"product_cat-boks-kickbox-tajski-boks-mma","10":"product_cat-ju-jitsujiu-jitsu-1","11":"product_cat-karate-5","12":"product_cat-taekwondo-3","13":"product_cat-tai-chi-kunf-fu-wu-shu-1","14":"product_cat-deske-za-lomljenje","15":"pa_model-light-sl","16":"pa_model-medium-sl","17":"pa_model-heavy-sl","19":"first","20":"outofstock","21":"taxable","22":"shipping-taxable","23":"purchasable","24":"product-type-simple"},"_links":{"self":[{"href":"https:\/\/www.budoshop.si\/sl\/wp-json\/wp\/v2\/product\/68099","targetHints":{"allow":["GET"]}}],"collection":[{"href":"https:\/\/www.budoshop.si\/sl\/wp-json\/wp\/v2\/product"}],"about":[{"href":"https:\/\/www.budoshop.si\/sl\/wp-json\/wp\/v2\/types\/product"}],"replies":[{"embeddable":true,"href":"https:\/\/www.budoshop.si\/sl\/wp-json\/wp\/v2\/comments?post=68099"}],"wp:featuredmedia":[{"embeddable":true,"href":"https:\/\/www.budoshop.si\/sl\/wp-json\/wp\/v2\/media\/113919"}],"wp:attachment":[{"href":"https:\/\/www.budoshop.si\/sl\/wp-json\/wp\/v2\/media?parent=68099"}],"wp:term":[{"taxonomy":"product_brand","embeddable":true,"href":"https:\/\/www.budoshop.si\/sl\/wp-json\/wp\/v2\/product_brand?post=68099"},{"taxonomy":"product_cat","embeddable":true,"href":"https:\/\/www.budoshop.si\/sl\/wp-json\/wp\/v2\/product_cat?post=68099"},{"taxonomy":"product_tag","embeddable":true,"href":"https:\/\/www.budoshop.si\/sl\/wp-json\/wp\/v2\/product_tag?post=68099"}],"curies":[{"name":"wp","href":"https:\/\/api.w.org\/{rel}","templated":true}]}}