{"id":67683,"date":"2018-09-13T06:51:49","date_gmt":"2018-09-13T06:51:49","guid":{"rendered":"https:\/\/budoshop.si\/?product=the-twenty-guiding-principle-of-karate-%e2%80%93-the-spiritual-legacy-of-the-master"},"modified":"2024-03-01T08:38:46","modified_gmt":"2024-03-01T07:38:46","slug":"the-twenty-guiding-principle-of-karate-%e2%80%93-the-spiritual-legacy-of-the-master","status":"publish","type":"product","link":"https:\/\/www.budoshop.si\/sl\/izdelek\/the-twenty-guiding-principle-of-karate-%e2%80%93-the-spiritual-legacy-of-the-master\/","title":{"rendered":"THE TWENTY GUIDING PRINCIPLE OF KARATE \u2013 The Spiritual Legacy of the Master"},"content":{"rendered":"<div style=\"text-align: justify;\">\n<p><span style=\"color: #993300; font-size: 15px;\">Gichin Funakoshi, &#8220;o\u010de karateja,&#8221; je neko\u010d dejal, da &#8220;kon\u010dni cilj karateja ne le\u017ei ne v zmagi ne v porazu, temve\u010d v praktikantovem trudu izbolj\u0161anje njegovega zna\u010daja.&#8221;<\/span><\/p>\n<p><span style=\"font-size: 15px; color: #993300;\">V podporo tej vse\u017eivljenjski dr\u017ei in nudenju smernic za bodo\u010de praktikante je napisal svojih, zdaj \u017ee legendarnih, dvajset na\u010del. Medtem ko so ta na\u010dela kro\u017eila \u017ee leta, prevod spremljajo\u010dega komentarja ni na\u0161el pot v objavo &#8211; do sedaj.<\/span><\/p>\n<p><span style=\"font-size: 15px; color: #993300;\">Pristop mojstra Funakoshija poudarja duhovne vidike in umske spretnost nad surovo mo\u010d in tehniko. Praktikanti se ne bi smeli zana\u0161ati samo na tehniko &#8211; udarjanje, brcanje, blokiranje &#8211; temve\u010d morajo negovati tudi duhovne vidike njihove vadbe. Skrbite zase in ostalo bo sledilo, je bilo sporo\u010dilo, ki ga je postavil za zanamce pred ve\u010d kot \u0161estdesetimi leti.<\/span><\/p>\n<p><span style=\"font-size: 15px; color: #993300;\">Kot aksiomov, so Funakoshijeva na\u010dela odprta za razli\u010dne interpretacije. &#8220;V karateju ni prvega napada&#8221; je povzro\u010dil neskon\u010dne razprave o njegovem pravem pomenu. Mnoge od teh nejasnosti so pojasnjene v komentarjih, ki so prav tako polni filozofskih misli in zanimivih zgodovinskih epizod ter nasveti za vse, ki i\u0161\u010dejo bolj\u0161o Pot.<\/span><\/p>\n<p><span style=\"font-size: 15px; color: #993300;\">Prvi\u010d je to delo v angle\u0161\u010dino prevedel John Teramoto, ki tudi sam vadi karate, knjiga pa je opremljena tudi z izvirnimi kaligrafijami. Ta dolgo pri\u010dakovana monografija je provokativno in branje za ljubitelje vseh borilnih ve\u0161\u010din.<\/span><\/p>\n<p><span style=\"font-size: 15px; color: #993300;\">128 strani, trde platnice<\/span><\/p>\n<p><span style=\"font-size: 15px; color: #993300;\">Jezik: angle\u0161ki<\/span><\/p>\n<\/div>\n","protected":false},"excerpt":{"rendered":"<p><span style=\"color: #002060;\"><strong>Avtor: Gichin FUNAKOSHI<\/strong><\/span><\/p>\n","protected":false},"featured_media":67685,"comment_status":"open","ping_status":"closed","template":"","meta":[],"product_brand":[],"product_cat":[1029,785],"product_tag":[],"class_list":{"0":"post-67683","1":"product","2":"type-product","3":"status-publish","4":"has-post-thumbnail","6":"product_cat-karate-5","7":"product_cat-karate-3","9":"first","10":"outofstock","11":"taxable","12":"shipping-taxable","13":"purchasable","14":"product-type-simple"},"_links":{"self":[{"href":"https:\/\/www.budoshop.si\/sl\/wp-json\/wp\/v2\/product\/67683","targetHints":{"allow":["GET"]}}],"collection":[{"href":"https:\/\/www.budoshop.si\/sl\/wp-json\/wp\/v2\/product"}],"about":[{"href":"https:\/\/www.budoshop.si\/sl\/wp-json\/wp\/v2\/types\/product"}],"replies":[{"embeddable":true,"href":"https:\/\/www.budoshop.si\/sl\/wp-json\/wp\/v2\/comments?post=67683"}],"wp:featuredmedia":[{"embeddable":true,"href":"https:\/\/www.budoshop.si\/sl\/wp-json\/wp\/v2\/media\/67685"}],"wp:attachment":[{"href":"https:\/\/www.budoshop.si\/sl\/wp-json\/wp\/v2\/media?parent=67683"}],"wp:term":[{"taxonomy":"product_brand","embeddable":true,"href":"https:\/\/www.budoshop.si\/sl\/wp-json\/wp\/v2\/product_brand?post=67683"},{"taxonomy":"product_cat","embeddable":true,"href":"https:\/\/www.budoshop.si\/sl\/wp-json\/wp\/v2\/product_cat?post=67683"},{"taxonomy":"product_tag","embeddable":true,"href":"https:\/\/www.budoshop.si\/sl\/wp-json\/wp\/v2\/product_tag?post=67683"}],"curies":[{"name":"wp","href":"https:\/\/api.w.org\/{rel}","templated":true}]}}