{"id":67679,"date":"2018-09-13T06:51:49","date_gmt":"2018-09-13T06:51:49","guid":{"rendered":"https:\/\/budoshop.si\/?product=karate-do-%e2%80%93-my-way-of-life"},"modified":"2026-01-22T11:50:32","modified_gmt":"2026-01-22T10:50:32","slug":"karate-do-%e2%80%93-my-way-of-life","status":"publish","type":"product","link":"https:\/\/www.budoshop.si\/sl\/izdelek\/karate-do-%e2%80%93-my-way-of-life\/","title":{"rendered":"KARATE DO \u2013 My Way of Life"},"content":{"rendered":"<p><span style=\"font-size: 15px; color: #993300;\">Iz vsebine: Vstop na pot, Brez oro\u017eja, Trening za \u017eivljenje, Prepoznavanje, Eno \u017eivljenje, Pomembne to\u010dke, Preteklost, prihodnost <\/span><\/p>\n<p><span style=\"font-size: 15px; color: #993300;\">147 strani, 7 slik <\/span><\/p>\n<p><span style=\"font-size: small; color: #993300;\"><span style=\"font-size: 15px;\">Jezik: angle\u0161ki<\/span> <\/span><\/p>\n","protected":false},"excerpt":{"rendered":"<p><span style=\"color: #003366;\"><strong>Avtor: Gichin FUNAKOSHI<\/strong><\/span><\/p>\n","protected":false},"featured_media":67681,"comment_status":"open","ping_status":"closed","template":"","meta":[],"product_brand":[],"product_cat":[785,783],"product_tag":[],"class_list":{"0":"post-67679","1":"product","2":"type-product","3":"status-publish","4":"has-post-thumbnail","6":"product_cat-karate-3","7":"product_cat-masters-1","9":"first","10":"outofstock","11":"taxable","12":"shipping-taxable","13":"purchasable","14":"product-type-simple"},"_links":{"self":[{"href":"https:\/\/www.budoshop.si\/sl\/wp-json\/wp\/v2\/product\/67679","targetHints":{"allow":["GET"]}}],"collection":[{"href":"https:\/\/www.budoshop.si\/sl\/wp-json\/wp\/v2\/product"}],"about":[{"href":"https:\/\/www.budoshop.si\/sl\/wp-json\/wp\/v2\/types\/product"}],"replies":[{"embeddable":true,"href":"https:\/\/www.budoshop.si\/sl\/wp-json\/wp\/v2\/comments?post=67679"}],"wp:featuredmedia":[{"embeddable":true,"href":"https:\/\/www.budoshop.si\/sl\/wp-json\/wp\/v2\/media\/67681"}],"wp:attachment":[{"href":"https:\/\/www.budoshop.si\/sl\/wp-json\/wp\/v2\/media?parent=67679"}],"wp:term":[{"taxonomy":"product_brand","embeddable":true,"href":"https:\/\/www.budoshop.si\/sl\/wp-json\/wp\/v2\/product_brand?post=67679"},{"taxonomy":"product_cat","embeddable":true,"href":"https:\/\/www.budoshop.si\/sl\/wp-json\/wp\/v2\/product_cat?post=67679"},{"taxonomy":"product_tag","embeddable":true,"href":"https:\/\/www.budoshop.si\/sl\/wp-json\/wp\/v2\/product_tag?post=67679"}],"curies":[{"name":"wp","href":"https:\/\/api.w.org\/{rel}","templated":true}]}}