{"id":67569,"date":"2018-09-13T06:51:49","date_gmt":"2018-09-13T06:51:49","guid":{"rendered":"https:\/\/budoshop.si\/?product=usnjena-boksarska-fokuser-rokavica-par-novo"},"modified":"2026-02-11T12:07:24","modified_gmt":"2026-02-11T11:07:24","slug":"usnjena-boksarska-fokuser-rokavica-par-novo","status":"publish","type":"product","link":"https:\/\/www.budoshop.si\/sl\/izdelek\/usnjena-boksarska-fokuser-rokavica-par-novo\/","title":{"rendered":"Usnjena boksarska fokuser rokavica (par)"},"content":{"rendered":"<div style=\"text-align: justify;\">\n<p><span style=\"font-size: 15px; color: #993300;\">Ro\u010dni trenerski fokuser namenjen predvsem treningu hitrosti ro\u010dnih udarcev, pa tudi no\u017enih. Narejen je iz kvalitetnega usnja in polnjen s posebno \u010dvrsto in lahko peno, kar zagotavlja dolgo obstojnost. Rahlo ukrivljen. Na dlan se ga natakne kot rokavico s prostimi prsti in pritrdi s \u0161irokim trakom na je\u017eka.<br \/>\n\u010crne barve.<\/span><\/p>\n<p><span style=\"font-size: 15px; color: #993300;\">Dimenzije: 29 x 20 x 6 cm. <\/span><\/p>\n<p><span style=\"font-size: 15px; color: #993300;\">Prodaja se v paru!<\/span><\/p>\n<\/div>\n","protected":false},"excerpt":{"rendered":"<p><span style=\"color: #003366;\"><strong>Usnjen trenerski ro\u010dni boksarski fokuser za udarjanje (par).<\/strong><\/span><\/p>\n","protected":false},"featured_media":67571,"comment_status":"open","ping_status":"closed","template":"","meta":[],"product_brand":[5608],"product_cat":[1043,1085,1087,1111,1033,1029,1039,1041],"product_tag":[],"class_list":{"0":"post-67569","1":"product","2":"type-product","3":"status-publish","4":"has-post-thumbnail","6":"product_brand-dax","7":"product_cat-boks-kickbox-tajski-boks-mma","8":"product_cat-dax-1","9":"product_cat-dax-3","10":"product_cat-fokuser-rokavice","11":"product_cat-ju-jitsujiu-jitsu-1","12":"product_cat-karate-5","13":"product_cat-taekwondo-3","14":"product_cat-tai-chi-kunf-fu-wu-shu-1","16":"first","17":"instock","18":"taxable","19":"shipping-taxable","20":"purchasable","21":"product-type-simple"},"_links":{"self":[{"href":"https:\/\/www.budoshop.si\/sl\/wp-json\/wp\/v2\/product\/67569","targetHints":{"allow":["GET"]}}],"collection":[{"href":"https:\/\/www.budoshop.si\/sl\/wp-json\/wp\/v2\/product"}],"about":[{"href":"https:\/\/www.budoshop.si\/sl\/wp-json\/wp\/v2\/types\/product"}],"replies":[{"embeddable":true,"href":"https:\/\/www.budoshop.si\/sl\/wp-json\/wp\/v2\/comments?post=67569"}],"wp:featuredmedia":[{"embeddable":true,"href":"https:\/\/www.budoshop.si\/sl\/wp-json\/wp\/v2\/media\/67571"}],"wp:attachment":[{"href":"https:\/\/www.budoshop.si\/sl\/wp-json\/wp\/v2\/media?parent=67569"}],"wp:term":[{"taxonomy":"product_brand","embeddable":true,"href":"https:\/\/www.budoshop.si\/sl\/wp-json\/wp\/v2\/product_brand?post=67569"},{"taxonomy":"product_cat","embeddable":true,"href":"https:\/\/www.budoshop.si\/sl\/wp-json\/wp\/v2\/product_cat?post=67569"},{"taxonomy":"product_tag","embeddable":true,"href":"https:\/\/www.budoshop.si\/sl\/wp-json\/wp\/v2\/product_tag?post=67569"}],"curies":[{"name":"wp","href":"https:\/\/api.w.org\/{rel}","templated":true}]}}