{"id":67563,"date":"2018-09-13T06:51:49","date_gmt":"2018-09-13T04:51:49","guid":{"rendered":"https:\/\/budoshop.si\/?product=fokuser-loparcek-single"},"modified":"2025-03-05T09:36:36","modified_gmt":"2025-03-05T08:36:36","slug":"fokuser-loparcek-single","status":"publish","type":"product","link":"https:\/\/www.budoshop.si\/sl\/izdelek\/fokuser-loparcek-single\/","title":{"rendered":"Fokuser lopar\u010dek &#8221;SINGLE&#8221;"},"content":{"rendered":"<div style=\"text-align: justify;\"><span style=\"color: #c00000; font-size: 15px;\">Zelo kvalitetni fokuser-lopar\u010dek namenjen treningu no\u017enih udarcev znamke. Narejen je iz \u010dvrste pene in oblo\u017een z umetnim usnjem \u010drno barve. Opremljen je z elasti\u010dnim zapestnikom, ki omogo\u010da trdno dr\u017eanje v roki tudi pri najmo\u010dnej\u0161ih udarcih. Primeren in uporaben za trening TAEKWONDO-ja, KARATE-ja, KICK BOX-a in drugih \u0161portov.<br \/>\n\u010crne barve.<\/span><\/div>\n<div style=\"text-align: justify;\"><\/div>\n<div style=\"text-align: justify;\"><span style=\"color: #c00000; font-size: 15px;\">Skupna dol\u017eina: cca. 43 cm<br \/>\nUdarna povr\u0161ina: cca. 30 cm<br \/>\n\u0160irina: cca. 21 cm<br \/>\nDeberina: cca. 6 cm<\/p>\n<p><\/span><\/div>\n<div style=\"text-align: justify;\"><\/div>\n","protected":false},"excerpt":{"rendered":"<p><span style=\"color: #002060;\"><strong>Enojni fokuser lopar\u010dek za trening no\u017enih udarcev.<\/strong><\/span><\/p>\n","protected":false},"featured_media":117820,"comment_status":"open","ping_status":"closed","template":"","meta":[],"product_brand":[],"product_cat":[1115,1033,1029,983,1061,1039],"product_tag":[],"class_list":{"0":"post-67563","1":"product","2":"type-product","3":"status-publish","4":"has-post-thumbnail","6":"product_cat-fokuser-loparcki-trenerske-palice","7":"product_cat-ju-jitsujiu-jitsu-1","8":"product_cat-karate-5","9":"product_cat-kwon-3","10":"product_cat-kwon-5","11":"product_cat-taekwondo-3","13":"first","14":"instock","15":"taxable","16":"shipping-taxable","17":"purchasable","18":"product-type-simple"},"_links":{"self":[{"href":"https:\/\/www.budoshop.si\/sl\/wp-json\/wp\/v2\/product\/67563","targetHints":{"allow":["GET"]}}],"collection":[{"href":"https:\/\/www.budoshop.si\/sl\/wp-json\/wp\/v2\/product"}],"about":[{"href":"https:\/\/www.budoshop.si\/sl\/wp-json\/wp\/v2\/types\/product"}],"replies":[{"embeddable":true,"href":"https:\/\/www.budoshop.si\/sl\/wp-json\/wp\/v2\/comments?post=67563"}],"wp:featuredmedia":[{"embeddable":true,"href":"https:\/\/www.budoshop.si\/sl\/wp-json\/wp\/v2\/media\/117820"}],"wp:attachment":[{"href":"https:\/\/www.budoshop.si\/sl\/wp-json\/wp\/v2\/media?parent=67563"}],"wp:term":[{"taxonomy":"product_brand","embeddable":true,"href":"https:\/\/www.budoshop.si\/sl\/wp-json\/wp\/v2\/product_brand?post=67563"},{"taxonomy":"product_cat","embeddable":true,"href":"https:\/\/www.budoshop.si\/sl\/wp-json\/wp\/v2\/product_cat?post=67563"},{"taxonomy":"product_tag","embeddable":true,"href":"https:\/\/www.budoshop.si\/sl\/wp-json\/wp\/v2\/product_tag?post=67563"}],"curies":[{"name":"wp","href":"https:\/\/api.w.org\/{rel}","templated":true}]}}