{"id":67513,"date":"2018-09-13T06:51:49","date_gmt":"2018-09-13T06:51:49","guid":{"rendered":"https:\/\/budoshop.si\/?product=judo-hlace-bele-barve"},"modified":"2026-01-09T09:39:47","modified_gmt":"2026-01-09T08:39:47","slug":"judo-hlace-bele-barve","status":"publish","type":"product","link":"https:\/\/www.budoshop.si\/sl\/izdelek\/judo-hlace-bele-barve\/","title":{"rendered":"JUDO hla\u010de bele barve"},"content":{"rendered":"<div style=\"text-align: justify;\">\n<p><span style=\"color: #c00000; font-size: 15px;\">Udobne in lahke JUDO hla\u010de, primerne za trening JUDO-ja, BJJ, JU JUTSU-ja pa tudi KARATE-ja, TAI CHI-ja, TAEKWONDO-ja, CAPOEIRA in drugih borilnih ve\u0161\u010din.<\/span><\/p>\n<p><span style=\"color: #c00000; font-size: 15px;\">Narejene so iz mehkega srednje te\u017ekega (<span class=\"tlid-translation translation\">240 g\/m\u00b2<\/span>) 70% bomba\u017ea\/30% poliestra, po tradicionalnem kroju z elastiko v pasu in oja\u010danimi koleni.<\/span><\/p>\n<p><span style=\"color: #c00000; font-size: 15px;\">Vi\u0161ine: 150 \u2013 200 cm <span style=\"color: #c00000;\"><span style=\"color: #c00000;\">(na 10 cm) &#8211; tudi manj\u0161e po naro\u010dilu.<\/span><\/span><\/span><\/p>\n<p><span style=\"font-size: 11px; color: #c00000;\">Pozor! Hla\u010de niso predprane in se lahko pri prvem pranju skr\u010dijo za cca. 3 %.<\/span><\/p>\n<\/div>\n","protected":false},"excerpt":{"rendered":"<p><span style=\"color: #003366;\"><strong>Klasi\u010dne bele Judo hla\u010de z oja\u010danim predelom kolen.<\/strong><\/span><\/p>\n","protected":false},"featured_media":113717,"comment_status":"open","ping_status":"closed","template":"","meta":[],"product_brand":[5607],"product_cat":[681,1035,1063,985,919,1033,1031,1079,685],"product_tag":[],"class_list":{"0":"post-67513","1":"product","2":"type-product","3":"status-publish","4":"has-post-thumbnail","6":"product_brand-danhro","7":"product_cat-aikido-kendo-oblacila","8":"product_cat-aikido-kendo-iai-kobudo-1","9":"product_cat-danhro-1","10":"product_cat-danrho-1","11":"product_cat-ju-jitsu-kimona","12":"product_cat-ju-jitsujiu-jitsu-1","13":"product_cat-judo-1","14":"product_cat-klasik-3","15":"product_cat-ostalo","16":"pa_velikost-150-cm-sl","17":"pa_velikost-160-cm-sl","18":"pa_velikost-170-cm-sl","19":"pa_velikost-180-cm-sl","20":"pa_velikost-190-cm-sl","21":"pa_velikost-200-cm-sl","23":"first","24":"instock","25":"taxable","26":"shipping-taxable","27":"purchasable","28":"product-type-variable"},"_links":{"self":[{"href":"https:\/\/www.budoshop.si\/sl\/wp-json\/wp\/v2\/product\/67513","targetHints":{"allow":["GET"]}}],"collection":[{"href":"https:\/\/www.budoshop.si\/sl\/wp-json\/wp\/v2\/product"}],"about":[{"href":"https:\/\/www.budoshop.si\/sl\/wp-json\/wp\/v2\/types\/product"}],"replies":[{"embeddable":true,"href":"https:\/\/www.budoshop.si\/sl\/wp-json\/wp\/v2\/comments?post=67513"}],"wp:featuredmedia":[{"embeddable":true,"href":"https:\/\/www.budoshop.si\/sl\/wp-json\/wp\/v2\/media\/113717"}],"wp:attachment":[{"href":"https:\/\/www.budoshop.si\/sl\/wp-json\/wp\/v2\/media?parent=67513"}],"wp:term":[{"taxonomy":"product_brand","embeddable":true,"href":"https:\/\/www.budoshop.si\/sl\/wp-json\/wp\/v2\/product_brand?post=67513"},{"taxonomy":"product_cat","embeddable":true,"href":"https:\/\/www.budoshop.si\/sl\/wp-json\/wp\/v2\/product_cat?post=67513"},{"taxonomy":"product_tag","embeddable":true,"href":"https:\/\/www.budoshop.si\/sl\/wp-json\/wp\/v2\/product_tag?post=67513"}],"curies":[{"name":"wp","href":"https:\/\/api.w.org\/{rel}","templated":true}]}}