{"id":67483,"date":"2018-09-13T06:51:49","date_gmt":"2018-09-13T04:51:49","guid":{"rendered":"https:\/\/budoshop.si\/?product=vrtljivi-obesalnik-za-boksarsko-vreco"},"modified":"2023-10-11T11:47:10","modified_gmt":"2023-10-11T09:47:10","slug":"vrtljivi-obesalnik-za-boksarsko-vreco","status":"publish","type":"product","link":"https:\/\/www.budoshop.si\/sl\/izdelek\/vrtljivi-obesalnik-za-boksarsko-vreco\/","title":{"rendered":"Vrtljivi obe\u0161alnik za boksarsko vre\u010do"},"content":{"rendered":"<div style=\"text-align: justify;\">\n<p><span style=\"color: #993300; font-size: 15px;\">Vrtljivi obe\u0161alnik za vise\u010de boksarskevre\u010de je narejen iz \u010dvrstega jekla. Njegova dol\u017eina je cca. 14,5 cm, sestavljen pa je iz dveh rink, ki sta povezani z le\u017eajem. Na eno zataknemo verigo vre\u010de, drugo pa nataknemo na kavelj na steni. Ta obe\u0161alnik tako postane vmesni \u010dlen med dejanskim obe\u0161alnikom in vre\u010do. S tem onemogo\u010da, da bi se verige vre\u010de zapletale in dovoljuje, da se vre\u010da prosto vrti v vse smeri, kar podalj\u0161a njeno \u017eivljensko dobo. \u0160e posebej se ta artikel priporo\u010da za te\u017eje in mo\u010dnej\u0161e vre\u010de. <\/span><\/p>\n<p><span style=\"font-size: 15px; color: #993300;\">Opomba: Vre\u010de iz usnja so \u017ee opremljene s tem obe\u0161alnikom.<\/span><\/p>\n<\/div>\n","protected":false},"excerpt":{"rendered":"<p><span style=\"color: #002060;\"><strong>Vrtljivi vmesnik za boksarske vre\u010de.<\/strong><\/span><\/p>\n","protected":false},"featured_media":67485,"comment_status":"open","ping_status":"closed","template":"","meta":[],"product_brand":[],"product_cat":[1043,869,1029,1039,1041],"product_tag":[],"class_list":{"0":"post-67483","1":"product","2":"type-product","3":"status-publish","4":"has-post-thumbnail","6":"product_cat-boks-kickbox-tajski-boks-mma","7":"product_cat-dodatki-1","8":"product_cat-karate-5","9":"product_cat-taekwondo-3","10":"product_cat-tai-chi-kunf-fu-wu-shu-1","12":"first","13":"instock","14":"taxable","15":"shipping-taxable","16":"purchasable","17":"product-type-simple"},"_links":{"self":[{"href":"https:\/\/www.budoshop.si\/sl\/wp-json\/wp\/v2\/product\/67483","targetHints":{"allow":["GET"]}}],"collection":[{"href":"https:\/\/www.budoshop.si\/sl\/wp-json\/wp\/v2\/product"}],"about":[{"href":"https:\/\/www.budoshop.si\/sl\/wp-json\/wp\/v2\/types\/product"}],"replies":[{"embeddable":true,"href":"https:\/\/www.budoshop.si\/sl\/wp-json\/wp\/v2\/comments?post=67483"}],"wp:featuredmedia":[{"embeddable":true,"href":"https:\/\/www.budoshop.si\/sl\/wp-json\/wp\/v2\/media\/67485"}],"wp:attachment":[{"href":"https:\/\/www.budoshop.si\/sl\/wp-json\/wp\/v2\/media?parent=67483"}],"wp:term":[{"taxonomy":"product_brand","embeddable":true,"href":"https:\/\/www.budoshop.si\/sl\/wp-json\/wp\/v2\/product_brand?post=67483"},{"taxonomy":"product_cat","embeddable":true,"href":"https:\/\/www.budoshop.si\/sl\/wp-json\/wp\/v2\/product_cat?post=67483"},{"taxonomy":"product_tag","embeddable":true,"href":"https:\/\/www.budoshop.si\/sl\/wp-json\/wp\/v2\/product_tag?post=67483"}],"curies":[{"name":"wp","href":"https:\/\/api.w.org\/{rel}","templated":true}]}}