{"id":67449,"date":"2018-09-13T06:51:49","date_gmt":"2018-09-13T06:51:49","guid":{"rendered":"https:\/\/budoshop.si\/?product=velika-pahljaca-kovina"},"modified":"2026-01-13T10:26:59","modified_gmt":"2026-01-13T09:26:59","slug":"velika-pahljaca-kovina","status":"publish","type":"product","link":"https:\/\/www.budoshop.si\/sl\/izdelek\/velika-pahljaca-kovina\/","title":{"rendered":"Kovinska Tai Chi pahlja\u010da &#8221;DRAGON BLACK&#8221;"},"content":{"rendered":"<p><span class=\"HwtZe\" lang=\"sl\" style=\"font-size: 15px; color: #993300;\"><span class=\"jCAhz ChMk0b\"><span class=\"ryNqvb\">Tradicionalna Tai Chi pahlja\u010da je narejena iz jeklenih reber in potiskanega satena. <\/span><\/span><span class=\"jCAhz ChMk0b\"><span class=\"ryNqvb\">Na \u010drnem satenastem platnu je narisan \u010dudovit azijski zmaj, ki predstavlja zmago.<\/span><\/span> <span class=\"jCAhz\"><span class=\"ryNqvb\">Odprta je ta pahlja\u010da \u0161iroka kar cca.<\/span><\/span> <span class=\"jCAhz ChMk0b\"><span class=\"ryNqvb\">64 cm.<\/span><\/span> <span class=\"jCAhz ChMk0b\"><span class=\"ryNqvb\">Zvok, ki nastane pri odpiranju te pahlja\u010de, je veliko glasnej\u0161i kot pri bambusovih pahlja\u010daj.<br \/>\n<\/span><\/span><span class=\"jCAhz ChMk0b\"><span class=\"ryNqvb\">Taichi pahlja\u010da je bila prvotno izdelana iz kovine in z ostrim robom, se danes ve\u010dinoma uporablja kot dopolnilni rekvizit pri ve\u0161\u010dinah kot so Tai Chi, Kung Fu ali Wu Shuju za vadbo form in drilov ali vadbeno oro\u017eje. <\/span><\/span><span class=\"jCAhz ChMk0b\"><span class=\"ryNqvb\">Odli\u010den pripomo\u010dek za vadbo, kot tudi okras va\u0161ega vadbenega prostora ali dnevne sobe.<\/span><\/span><\/span><\/p>\n<p>&nbsp;<\/p>\n<ul>\n<li><span style=\"font-size: 15px; color: #993300;\">velikost: 33 cm<\/span><\/li>\n<li><span style=\"font-size: 15px; color: #993300;\">te\u017ea: cca. 480g<\/span><\/li>\n<li><span style=\"font-size: 15px; color: #993300;\">izdelana iz jeklenih reber in zato te\u017eja od bambusovih pahlja\u010d<\/span><\/li>\n<li><span style=\"font-size: 15px; color: #993300;\">natisnjen motiv tradicionalnega kitajskega zmaja.<\/span><\/li>\n<li><span class=\"HwtZe\" lang=\"sl\" style=\"font-size: 15px; color: #993300;\"><span class=\"jCAhz ChMk0b\"><span class=\"ryNqvb\">Vklju\u010dno s tekstilno vre\u010dko, ki ohrani obliko pahlja\u010de in jo ohrani na varnem<\/span><\/span><\/span><\/li>\n<\/ul>\n<p>&nbsp;<\/p>\n<div style=\"text-align: justify;\"><\/div>\n","protected":false},"excerpt":{"rendered":"<p><span style=\"color: #002060;\"><strong>Velika \u010drna TAI CHI kovinska pahlja\u010da z motivom zmaja.<\/strong><\/span><\/p>\n","protected":false},"featured_media":115101,"comment_status":"open","ping_status":"closed","template":"","meta":[],"product_brand":[5595],"product_cat":[5405,5406,1041,731,841],"product_tag":[],"class_list":{"0":"post-67449","1":"product","2":"type-product","3":"status-publish","4":"has-post-thumbnail","6":"product_brand-ju-sports","7":"product_cat-ju-sports","8":"product_cat-ju-sports-2","9":"product_cat-tai-chi-kunf-fu-wu-shu-1","10":"product_cat-ostalo-2","11":"product_cat-ostalo-4","12":"pa_barva-modre-barve-sl","13":"pa_barva-crne-barve-sl-2","15":"first","16":"outofstock","17":"taxable","18":"shipping-taxable","19":"purchasable","20":"product-type-simple"},"_links":{"self":[{"href":"https:\/\/www.budoshop.si\/sl\/wp-json\/wp\/v2\/product\/67449","targetHints":{"allow":["GET"]}}],"collection":[{"href":"https:\/\/www.budoshop.si\/sl\/wp-json\/wp\/v2\/product"}],"about":[{"href":"https:\/\/www.budoshop.si\/sl\/wp-json\/wp\/v2\/types\/product"}],"replies":[{"embeddable":true,"href":"https:\/\/www.budoshop.si\/sl\/wp-json\/wp\/v2\/comments?post=67449"}],"wp:featuredmedia":[{"embeddable":true,"href":"https:\/\/www.budoshop.si\/sl\/wp-json\/wp\/v2\/media\/115101"}],"wp:attachment":[{"href":"https:\/\/www.budoshop.si\/sl\/wp-json\/wp\/v2\/media?parent=67449"}],"wp:term":[{"taxonomy":"product_brand","embeddable":true,"href":"https:\/\/www.budoshop.si\/sl\/wp-json\/wp\/v2\/product_brand?post=67449"},{"taxonomy":"product_cat","embeddable":true,"href":"https:\/\/www.budoshop.si\/sl\/wp-json\/wp\/v2\/product_cat?post=67449"},{"taxonomy":"product_tag","embeddable":true,"href":"https:\/\/www.budoshop.si\/sl\/wp-json\/wp\/v2\/product_tag?post=67449"}],"curies":[{"name":"wp","href":"https:\/\/api.w.org\/{rel}","templated":true}]}}