{"id":67409,"date":"2018-09-13T06:51:49","date_gmt":"2018-09-13T06:51:49","guid":{"rendered":"https:\/\/budoshop.si\/?product=katana-shirasaya"},"modified":"2024-05-23T11:46:08","modified_gmt":"2024-05-23T09:46:08","slug":"katana-shirasaya","status":"publish","type":"product","link":"https:\/\/www.budoshop.si\/sl\/izdelek\/katana-shirasaya\/","title":{"rendered":"Katana &#8221;SHIRASAYA&#8221;"},"content":{"rendered":"<div style=\"text-align: justify;\">\n<p><span style=\"color: #993300; font-size: 15px;\">Tradicionalen dolgi Samurajski me\u010d z jeklenim nenabru\u0161enim rezilom, brez Tsube (\u0161\u010ditnikom) in lesenim ro\u010dajem ter Sayo (no\u017enico) v naravni svetli barvi lesa. Me\u010d daje tako videz navadne palice s skritim rezilom. Rezilo je natan\u010dna replika prave kovane Katane, narejene iz 1060 High Carbon nerjave\u010dega jekla z \u017elebom vzdol\u017e dol\u017eine. <span class=\"HwtZe\" lang=\"sl\"><span class=\"jCAhz ChMk0b\"><span class=\"ryNqvb\">Shirasaya je narejena iz naravnega lesa s Fuchi-jem in Koiguchi-jem iz prave bivolje ro\u017eevine. <\/span><\/span><\/span>Tak\u0161ne oblike me\u010da se redko dobi in je primeren tako za trening kot tudi dekorativni predmet.<\/span><\/p>\n<p>&nbsp;<\/p>\n<\/div>\n<div style=\"text-align: justify;\">\n<p style=\"text-align: justify;\"><span style=\"color: #993300; font-size: 15px;\">Detajli:<br \/>\n<\/span><span style=\"color: #993300; font-size: 15px;\">Kovina: 1060 High Carbon Steel<br \/>\nNAGASA (dol\u017eina rezila): 70 cm (72 cm s Habaki-em)<br \/>\n<\/span><span style=\"color: #993300; font-size: 15px;\">HAMON (motiv ostrine): Da, Notare stil<br \/>\n<\/span><span style=\"color: #993300; font-size: 15px;\">SORI (ukrivljenost): 2,00 cm<br \/>\nTSUKA (ro\u010daj): 28 cm<br \/>\n<\/span><span style=\"color: #993300; font-size: 15px;\">BOHI (\u017eleb v rezilo): Da<br \/>\n<\/span><span style=\"color: #993300; font-size: 15px;\">SAYA (no\u017enica): 74 cm naravna barva lesa<br \/>\n<\/span><span style=\"color: #993300; font-size: 15px;\">MEKUGI (zati\u010d): 2x bambusov<br \/>\n<\/span><span style=\"color: #993300; font-size: 15px;\">Te\u017ea: cca 1.130 g (skupaj s Sayo), 900 g brez Saye<\/span><\/p>\n<\/div>\n<div style=\"text-align: justify;\"><span style=\"color: #993300; font-size: 15px;\"><br \/>\nTA ARTIKEL PRODAJAMO SAMO POLNOLETNIM OSEBAM!!!<\/span><\/div>\n<div style=\"text-align: justify;\"><\/div>\n<div style=\"text-align: justify;\"><span style=\"color: #993300; font-size: 12px;\">Opozorilo!<br \/>\n\u25ba Artikel je namenjen samo dekorativni uporabi oziroma osebnemu treningu borilnih ve\u0161\u010din.<br \/>\n\u25ba Po prodaji, prodajalec ni ve\u010d odgovoren za nikakr\u0161ne po\u0161kodbe, ki se lahko zgodijo zaradi napa\u010dne uporabe ali zanemarjanja teh opozoril. Novi lastnik prevzema popolno odgovornost za skrb in uporabo tega artikla.<br \/>\n\u25ba Vsakr\u0161na napa\u010dna uporaba ali nepazljivost lahko vam ali drugemu povzro\u010di resne po\u0161kodbe ali celo smrt!<br \/>\n\u25ba Ta artikel se v nobenem primeru ne sme uporabljati na drugi osebi!<\/span><\/div>\n","protected":false},"excerpt":{"rendered":"<p><span style=\"color: #002060;\"><strong>Dolgi Samurajski me\u010d z lesenim ro\u010dajem in no\u017enico.<\/strong><\/span><\/p>\n","protected":false},"featured_media":109371,"comment_status":"open","ping_status":"closed","template":"","meta":[],"product_brand":[5600],"product_cat":[1035,5382,5383,1037,931,1055,977],"product_tag":[],"class_list":{"0":"post-67409","1":"product","2":"type-product","3":"status-publish","4":"has-post-thumbnail","6":"product_brand-yari-no-hanzo","7":"product_cat-aikido-kendo-iai-kobudo-1","8":"product_cat-dekorativni-katana-meci","9":"product_cat-iaito-trening-katana-meci","10":"product_cat-ninjutsu-3","11":"product_cat-posebni-meci","12":"product_cat-yari-no-hanzo-3","13":"product_cat-yari-no-hanzo-1","15":"first","16":"instock","17":"taxable","18":"shipping-taxable","19":"purchasable","20":"product-type-simple"},"_links":{"self":[{"href":"https:\/\/www.budoshop.si\/sl\/wp-json\/wp\/v2\/product\/67409","targetHints":{"allow":["GET"]}}],"collection":[{"href":"https:\/\/www.budoshop.si\/sl\/wp-json\/wp\/v2\/product"}],"about":[{"href":"https:\/\/www.budoshop.si\/sl\/wp-json\/wp\/v2\/types\/product"}],"replies":[{"embeddable":true,"href":"https:\/\/www.budoshop.si\/sl\/wp-json\/wp\/v2\/comments?post=67409"}],"wp:featuredmedia":[{"embeddable":true,"href":"https:\/\/www.budoshop.si\/sl\/wp-json\/wp\/v2\/media\/109371"}],"wp:attachment":[{"href":"https:\/\/www.budoshop.si\/sl\/wp-json\/wp\/v2\/media?parent=67409"}],"wp:term":[{"taxonomy":"product_brand","embeddable":true,"href":"https:\/\/www.budoshop.si\/sl\/wp-json\/wp\/v2\/product_brand?post=67409"},{"taxonomy":"product_cat","embeddable":true,"href":"https:\/\/www.budoshop.si\/sl\/wp-json\/wp\/v2\/product_cat?post=67409"},{"taxonomy":"product_tag","embeddable":true,"href":"https:\/\/www.budoshop.si\/sl\/wp-json\/wp\/v2\/product_tag?post=67409"}],"curies":[{"name":"wp","href":"https:\/\/api.w.org\/{rel}","templated":true}]}}