{"id":67393,"date":"2018-09-13T06:51:49","date_gmt":"2018-09-13T06:51:49","guid":{"rendered":"https:\/\/budoshop.si\/?product=lesen-vadbeni-mec-bokken-white"},"modified":"2023-10-01T18:55:08","modified_gmt":"2023-10-01T16:55:08","slug":"lesen-vadbeni-mec-bokken-white","status":"publish","type":"product","link":"https:\/\/www.budoshop.si\/sl\/izdelek\/lesen-vadbeni-mec-bokken-white\/","title":{"rendered":"Lesen vadbeni me\u010d &#8221;Bokken WHITE&#8221;"},"content":{"rendered":"<div style=\"text-align: justify;\"><span style=\"font-size: 15px;\"><span style=\"color: #c00000;\">Ta lesen vadbeni me\u010d, klasi\u010dne tradicionalne japonske Katana oblike, je narejen iz posebno \u010dvrstega belega hrasta, ki daje me\u010du potrebno trdnost in s tem tudi dalj\u0161o obstojnost. Zaradi strukture lesa je me\u010d tudi rahlo te\u017eji od klasi\u010dnega Bokken-a in bolje uravnote\u017een. Me\u010d je pri ro\u010daju opremljen s plasti\u010dno Tsubo (\u0161\u010ditnikom), ki je pritrjena z gumo, kar omogo\u010da varen trening me\u010devanja.<br \/>\n<\/span><span style=\"color: #c00000;\"><br \/>\nSkupna dol\u017eina: cca. 101 cm.<br \/>\nDol\u017eina rezila: cca. 76 cm.<br \/>\nDol\u017eina ro\u010daja: cca. 25 cm.<br \/>\nTe\u017ea: cca. 600 g<br \/>\n<\/span><\/span><\/div>\n<div style=\"text-align: justify;\"><span style=\"color: #c00000; font-size: 15px;\">\u00a0<\/span><\/div>\n<div style=\"text-align: justify;\">\n<p><span style=\"color: #c00000; font-size: 11px;\">Opozorilo!<br \/>\n\u25ba Artikel je namenjen samo dekorativni uporabi oziroma osebnemu treningu borilnih ve\u0161\u010din.<br \/>\n\u25ba Po prodaji, prodajalec ni ve\u010d odgovoren za nikakr\u0161ne po\u0161kodbe, ki se lahko zgodijo zaradi napa\u010dne uporabe ali zanemarjanja teh opozoril. Novi lastnik prevzema popolno odgovornost za skrb in uporabo tega artikla.<br \/>\n\u25ba Vsakr\u0161na napa\u010dna uporaba ali nepazljivost lahko vam ali drugemu povzro\u010di resne po\u0161kodbe ali celo smrt!<br \/>\n\u25ba Ta artikel se v nobenem primeru ne sme uporabljati na drugi osebi!<\/span><\/p>\n<p>&nbsp;<\/p>\n<\/div>\n","protected":false},"excerpt":{"rendered":"<p><span style=\"color: #002060;\"><strong>Lesen trening me\u010d Samurai-ske Katane oblike iz belega hrasta.<\/strong><\/span><\/p>\n","protected":false},"featured_media":67395,"comment_status":"open","ping_status":"closed","template":"","meta":[],"product_brand":[5595],"product_cat":[1035,1085,1087,757,1037],"product_tag":[],"class_list":{"0":"post-67393","1":"product","2":"type-product","3":"status-publish","4":"has-post-thumbnail","6":"product_brand-ju-sports","7":"product_cat-aikido-kendo-iai-kobudo-1","8":"product_cat-dax-1","9":"product_cat-dax-3","10":"product_cat-leseni","11":"product_cat-ninjutsu-3","13":"first","14":"instock","15":"taxable","16":"shipping-taxable","17":"purchasable","18":"product-type-simple"},"_links":{"self":[{"href":"https:\/\/www.budoshop.si\/sl\/wp-json\/wp\/v2\/product\/67393","targetHints":{"allow":["GET"]}}],"collection":[{"href":"https:\/\/www.budoshop.si\/sl\/wp-json\/wp\/v2\/product"}],"about":[{"href":"https:\/\/www.budoshop.si\/sl\/wp-json\/wp\/v2\/types\/product"}],"replies":[{"embeddable":true,"href":"https:\/\/www.budoshop.si\/sl\/wp-json\/wp\/v2\/comments?post=67393"}],"wp:featuredmedia":[{"embeddable":true,"href":"https:\/\/www.budoshop.si\/sl\/wp-json\/wp\/v2\/media\/67395"}],"wp:attachment":[{"href":"https:\/\/www.budoshop.si\/sl\/wp-json\/wp\/v2\/media?parent=67393"}],"wp:term":[{"taxonomy":"product_brand","embeddable":true,"href":"https:\/\/www.budoshop.si\/sl\/wp-json\/wp\/v2\/product_brand?post=67393"},{"taxonomy":"product_cat","embeddable":true,"href":"https:\/\/www.budoshop.si\/sl\/wp-json\/wp\/v2\/product_cat?post=67393"},{"taxonomy":"product_tag","embeddable":true,"href":"https:\/\/www.budoshop.si\/sl\/wp-json\/wp\/v2\/product_tag?post=67393"}],"curies":[{"name":"wp","href":"https:\/\/api.w.org\/{rel}","templated":true}]}}