{"id":67375,"date":"2018-09-13T06:51:49","date_gmt":"2018-09-13T06:51:49","guid":{"rendered":"https:\/\/budoshop.si\/?product=taekwondo-scitnik-za-golenpiscal-wt-ce"},"modified":"2025-09-23T10:32:57","modified_gmt":"2025-09-23T08:32:57","slug":"taekwondo-scitnik-za-golenpiscal-wt-ce","status":"publish","type":"product","link":"https:\/\/www.budoshop.si\/sl\/izdelek\/taekwondo-scitnik-za-golenpiscal-wt-ce\/","title":{"rendered":"Taekwondo \u0161\u010ditnik za golen\/pi\u0161\u010dal &#8221;WT&#8221;"},"content":{"rendered":"<div style=\"text-align: justify;\">\n<p><span style=\"color: #993300; font-size: 15px;\">Taekwondo \u0161\u010ditnik za pi\u0161\u010dal znamke Kwon bele barve je narejen iz pro\u017ene pene in oble\u010den v vinilni material, ki ga je enostavno \u010distiti. Taekwondo \u0161\u010ditnik je izjemno lahek in ergonomi\u010dno oblikovan, za dober in trden oprijem na nogo pa se ga zapenja z elasti\u010dnimi trakovi in pritrdi z je\u017ekom, kar nudi odli\u010dno udobnost no\u0161enja. Rahlo svetlikajo\u010d dizajn z modelom satovja dela ta \u0161\u010ditnik \u0161e izredno lep. Namenjen je predvsem praktikantom TAEKWONDO-ja uporabljajo pa ga tudi praktikanti drugih ve\u0161\u010din kot so Karate in podobno.<\/span><\/p>\n<p><span style=\"color: #993300; font-size: 15px;\"><strong>Ta artikel je odobren iz strani WT<\/strong>-ja (World Taekwondo Federation).<\/span><\/p>\n<p><span style=\"color: #993300; font-size: 15px;\">Ustreza CE standardom!<\/span><\/p>\n<p><span style=\"color: #993300; font-size: 15px;\">Velikosti: XS &#8211; S &#8211; M &#8211; L &#8211; XL.<br \/>\n<\/span><br \/>\n<span style=\"color: #993300; font-size: 15px;\">Prodaja se v paru.<\/span><\/p>\n<p>&nbsp;<\/p>\n<\/div>\n","protected":false},"excerpt":{"rendered":"<p><span style=\"color: #002060;\"><strong>WT verificirani Taekwondo \u0161\u010ditnik za golen\/pi\u0161\u010dal (par).<\/strong><\/span><\/p>\n","protected":false},"featured_media":67377,"comment_status":"open","ping_status":"closed","template":"","meta":[],"product_brand":[5596],"product_cat":[1029,1061,983,899,1039],"product_tag":[],"class_list":{"0":"post-67375","1":"product","2":"type-product","3":"status-publish","4":"has-post-thumbnail","6":"product_brand-kwon","7":"product_cat-karate-5","8":"product_cat-kwon-5","9":"product_cat-kwon-3","10":"product_cat-scitniki-za-piscali","11":"product_cat-taekwondo-3","12":"pa_velikost-l-sl-2","13":"pa_velikost-m-sl-2","14":"pa_velikost-s-sl-2","15":"pa_velikost-xl-sl","16":"pa_velikost-xs-sl","18":"first","19":"instock","20":"taxable","21":"shipping-taxable","22":"purchasable","23":"product-type-variable"},"_links":{"self":[{"href":"https:\/\/www.budoshop.si\/sl\/wp-json\/wp\/v2\/product\/67375","targetHints":{"allow":["GET"]}}],"collection":[{"href":"https:\/\/www.budoshop.si\/sl\/wp-json\/wp\/v2\/product"}],"about":[{"href":"https:\/\/www.budoshop.si\/sl\/wp-json\/wp\/v2\/types\/product"}],"replies":[{"embeddable":true,"href":"https:\/\/www.budoshop.si\/sl\/wp-json\/wp\/v2\/comments?post=67375"}],"wp:featuredmedia":[{"embeddable":true,"href":"https:\/\/www.budoshop.si\/sl\/wp-json\/wp\/v2\/media\/67377"}],"wp:attachment":[{"href":"https:\/\/www.budoshop.si\/sl\/wp-json\/wp\/v2\/media?parent=67375"}],"wp:term":[{"taxonomy":"product_brand","embeddable":true,"href":"https:\/\/www.budoshop.si\/sl\/wp-json\/wp\/v2\/product_brand?post=67375"},{"taxonomy":"product_cat","embeddable":true,"href":"https:\/\/www.budoshop.si\/sl\/wp-json\/wp\/v2\/product_cat?post=67375"},{"taxonomy":"product_tag","embeddable":true,"href":"https:\/\/www.budoshop.si\/sl\/wp-json\/wp\/v2\/product_tag?post=67375"}],"curies":[{"name":"wp","href":"https:\/\/api.w.org\/{rel}","templated":true}]}}