{"id":67357,"date":"2018-09-13T06:51:49","date_gmt":"2018-09-13T06:51:49","guid":{"rendered":"https:\/\/budoshop.si\/?product=taekwondo-scitnik-za-podlaket-wt-ce"},"modified":"2026-01-09T11:22:58","modified_gmt":"2026-01-09T10:22:58","slug":"taekwondo-scitnik-za-podlaket-wt-ce","status":"publish","type":"product","link":"https:\/\/www.budoshop.si\/sl\/izdelek\/taekwondo-scitnik-za-podlaket-wt-ce\/","title":{"rendered":"Taekwondo \u0161\u010ditnik za podlaket &#8221;WT&#8221;"},"content":{"rendered":"<div style=\"text-align: justify;\">\n<p><span style=\"color: #993300; font-size: 15px;\">Taekwondo \u0161\u010ditnik za podlaket znamke Kwon bele barve je narejen iz pro\u017ene pene in oble\u010den v vinilni material, ki ga je enostavno \u010distiti. Notranjost je oblo\u017eena z materialom, ki laj\u0161a vpijanje znoja. \u0160\u010ditnik je izjemno lahek in ergonomi\u010dno oblikovan, za dober in trden oprijem na roko pa se ga zapenja z elasti\u010dnimi trakovi in pritrdi z je\u017ekom, kar nudi odli\u010dno udobnost uporabe in hitro natikanje in snemanje. Rahlo svetlikajo\u010d dizajn. Verificiran za vsa Taekwondo tekmovanja in treninge, uporabljajo pa ga tudi praktikanti drugih ve\u0161\u010din kot so Karate in podobno.<\/span><\/p>\n<p><span style=\"font-size: 15px; color: #993300;\"><strong>Ta artikel je odobren iz strani WT<\/strong>-ja (World Taekwondo Federation).<\/span><\/p>\n<p><span style=\"font-size: 15px; color: #993300;\">Ustreza CE standardom!<\/span><\/p>\n<p><span style=\"font-size: 15px; color: #993300;\">Velikosti: XS &#8211; S &#8211; M &#8211; L &#8211; XL.<\/span><\/p>\n<\/div>\n<div style=\"text-align: justify;\">\n<p><span style=\"color: #993300; font-size: 15px;\"><br \/>\nProdaja se v paru.<\/span><\/p>\n<p>&nbsp;<\/p>\n<\/div>\n","protected":false},"excerpt":{"rendered":"<p><span style=\"color: #002060;\"><strong>WT verificirani Taekwondo \u0161\u010ditnik za podlaket (par).<\/strong><\/span><\/p>\n","protected":false},"featured_media":67359,"comment_status":"open","ping_status":"closed","template":"","meta":[],"product_brand":[5596],"product_cat":[983,1061,767,1039],"product_tag":[],"class_list":{"0":"post-67357","1":"product","2":"type-product","3":"status-publish","4":"has-post-thumbnail","6":"product_brand-kwon","7":"product_cat-kwon-3","8":"product_cat-kwon-5","9":"product_cat-scitniki-za-roke","10":"product_cat-taekwondo-3","11":"pa_velikost-l-sl-2","12":"pa_velikost-m-sl-2","13":"pa_velikost-s-sl-2","14":"pa_velikost-xl-sl","15":"pa_velikost-xs-sl","17":"first","18":"instock","19":"taxable","20":"shipping-taxable","21":"purchasable","22":"product-type-variable"},"_links":{"self":[{"href":"https:\/\/www.budoshop.si\/sl\/wp-json\/wp\/v2\/product\/67357","targetHints":{"allow":["GET"]}}],"collection":[{"href":"https:\/\/www.budoshop.si\/sl\/wp-json\/wp\/v2\/product"}],"about":[{"href":"https:\/\/www.budoshop.si\/sl\/wp-json\/wp\/v2\/types\/product"}],"replies":[{"embeddable":true,"href":"https:\/\/www.budoshop.si\/sl\/wp-json\/wp\/v2\/comments?post=67357"}],"wp:featuredmedia":[{"embeddable":true,"href":"https:\/\/www.budoshop.si\/sl\/wp-json\/wp\/v2\/media\/67359"}],"wp:attachment":[{"href":"https:\/\/www.budoshop.si\/sl\/wp-json\/wp\/v2\/media?parent=67357"}],"wp:term":[{"taxonomy":"product_brand","embeddable":true,"href":"https:\/\/www.budoshop.si\/sl\/wp-json\/wp\/v2\/product_brand?post=67357"},{"taxonomy":"product_cat","embeddable":true,"href":"https:\/\/www.budoshop.si\/sl\/wp-json\/wp\/v2\/product_cat?post=67357"},{"taxonomy":"product_tag","embeddable":true,"href":"https:\/\/www.budoshop.si\/sl\/wp-json\/wp\/v2\/product_tag?post=67357"}],"curies":[{"name":"wp","href":"https:\/\/api.w.org\/{rel}","templated":true}]}}