{"id":67337,"date":"2018-09-13T06:51:49","date_gmt":"2018-09-13T04:51:49","guid":{"rendered":"https:\/\/budoshop.si\/?product=rabljena-oprema-ugodno"},"modified":"2024-07-03T09:54:43","modified_gmt":"2024-07-03T07:54:43","slug":"rabljena-oprema-ugodno","status":"publish","type":"product","link":"https:\/\/www.budoshop.si\/sl\/izdelek\/rabljena-oprema-ugodno\/","title":{"rendered":"Rabljena oprema &#8211; UGODNO"},"content":{"rendered":"<div style=\"text-align: justify;\"><span style=\"color: #993300; font-size: 15px;\">Tu se nahaja seznam rabljene opreme, ki je na voljo v na\u0161i trgovini. Odkupujemo in nudimo samo odli\u010dno ohranjeno in ispravno opremo. <strong>Rabljene opreme ni mogo\u010de naro\u010diti preko spleta, lahko pa se o njej pozanimate ali jo naro\u010dite preko telefona (01\/42 73 707)<\/strong>.<\/span><\/div>\n<p><span style=\"color: #993300; font-size: 15px;\">Trenutno so na voljo naslednji rabljeni artikli:<\/span><\/p>\n<p><span style=\"color: #993300; font-size: 15px;\">&#8211; Yoseikan Kimono (bele hla\u010de z modro \u010drto in modra jakna) 160 cm &#8211; <strong>10,00 \u20ac<\/strong> &#8211; NERABLJEN!<\/span><\/p>\n<p><!--Judo Kimono jakna 200 cm - 10,00 &euro; Judo Kimono 200 cm - 25,00 &euro; Karate Kimono 200cm - 20,00&euro; Judo hla\u010de 170cm - 7,00 Kickbox zg. del RDE\u010dE BARVE (saten) 190 cm - 10,00 &euro;--><\/p>\n","protected":false},"excerpt":{"rendered":"<p><strong><span style=\"color: #002060;\">Ponudba rabljene opreme.<br \/>\n<\/span><\/strong><\/p>\n","protected":false},"featured_media":67339,"comment_status":"open","ping_status":"closed","template":"","meta":[],"product_brand":[],"product_cat":[739],"product_tag":[],"class_list":{"0":"post-67337","1":"product","2":"type-product","3":"status-publish","4":"has-post-thumbnail","6":"product_cat-rabljena-oprema","8":"first","9":"instock","10":"taxable","11":"shipping-taxable","12":"purchasable","13":"product-type-simple"},"_links":{"self":[{"href":"https:\/\/www.budoshop.si\/sl\/wp-json\/wp\/v2\/product\/67337","targetHints":{"allow":["GET"]}}],"collection":[{"href":"https:\/\/www.budoshop.si\/sl\/wp-json\/wp\/v2\/product"}],"about":[{"href":"https:\/\/www.budoshop.si\/sl\/wp-json\/wp\/v2\/types\/product"}],"replies":[{"embeddable":true,"href":"https:\/\/www.budoshop.si\/sl\/wp-json\/wp\/v2\/comments?post=67337"}],"wp:featuredmedia":[{"embeddable":true,"href":"https:\/\/www.budoshop.si\/sl\/wp-json\/wp\/v2\/media\/67339"}],"wp:attachment":[{"href":"https:\/\/www.budoshop.si\/sl\/wp-json\/wp\/v2\/media?parent=67337"}],"wp:term":[{"taxonomy":"product_brand","embeddable":true,"href":"https:\/\/www.budoshop.si\/sl\/wp-json\/wp\/v2\/product_brand?post=67337"},{"taxonomy":"product_cat","embeddable":true,"href":"https:\/\/www.budoshop.si\/sl\/wp-json\/wp\/v2\/product_cat?post=67337"},{"taxonomy":"product_tag","embeddable":true,"href":"https:\/\/www.budoshop.si\/sl\/wp-json\/wp\/v2\/product_tag?post=67337"}],"curies":[{"name":"wp","href":"https:\/\/api.w.org\/{rel}","templated":true}]}}