{"id":67297,"date":"2018-09-13T06:51:49","date_gmt":"2018-09-13T04:51:49","guid":{"rendered":"https:\/\/budoshop.si\/?product=torba-za-borilne-sporte-art"},"modified":"2026-01-09T10:14:35","modified_gmt":"2026-01-09T09:14:35","slug":"torba-za-borilne-sporte-art","status":"publish","type":"product","link":"https:\/\/www.budoshop.si\/sl\/izdelek\/torba-za-borilne-sporte-art\/","title":{"rendered":"Torba za borilne \u0161porte &#8221;ART&#8221;"},"content":{"rendered":"<div style=\"text-align: justify;\">\n<p><span style=\"color: #993300; font-size: 15px;\">Torba za borilne \u0161porte proizvajalca Kwon z logom in napisom va\u0161ega borilnega \u0161porta oziroma ve\u0161\u010dine je namenjena prena\u0161anju \u0161portne opreme in trening rekvizitov. Torba je \u010drne barve, izdelana iz trpe\u017enega najlona. Ovalne oblike s pasovi za ro\u010dno in\/ali ramensko prena\u0161anje. Pasovi so ob\u0161iti okrog celotne torbe tako, da se ne trgajo ampak zagotavljajo varno prena\u0161anje. Logo s sliko in napisom borilnega \u0161porta\/ve\u0161\u010dine se nahaja na bo\u010dnih straneh, kar daje torbi lep in atraktiven izgled. <\/span><\/p>\n<p><span style=\"font-size: 15px; color: #993300;\">Dimenzije: cca. 48 x 24 cm.<\/span><\/p>\n<p><span style=\"font-size: 15px; color: #993300;\">Model:<\/span><br \/>\n<span style=\"font-size: 15px; color: #993300;\">&#8211; Karate<\/span><br \/>\n<span style=\"font-size: 15px; color: #993300;\">&#8211; Judo<\/span><br \/>\n<span style=\"font-size: 15px; color: #993300;\">&#8211; Ju Jitsu<\/span><br \/>\n<span style=\"font-size: 15px; color: #993300;\">&#8211; Taekwondo<\/span><br \/>\n<span style=\"font-size: 15px; color: #993300;\">&#8211; Kick\/Thaiboxing<\/span><\/p>\n<p>&nbsp;<\/p>\n<\/div>\n","protected":false},"excerpt":{"rendered":"<p><span style=\"color: #002060;\"><strong>\u010crna \u0161portna torba z napisom borilnega \u0161porta \/ ve\u0161\u010dine.<\/strong><\/span><\/p>\n","protected":false},"featured_media":67299,"comment_status":"open","ping_status":"closed","template":"","meta":[],"product_brand":[5596],"product_cat":[1043,1033,1031,1029,1039,971,983,1061],"product_tag":[],"class_list":{"0":"post-67297","1":"product","2":"type-product","3":"status-publish","4":"has-post-thumbnail","6":"product_brand-kwon","7":"product_cat-boks-kickbox-tajski-boks-mma","8":"product_cat-ju-jitsujiu-jitsu-1","9":"product_cat-judo-1","10":"product_cat-karate-5","11":"product_cat-taekwondo-3","12":"product_cat-sportne-torbe","13":"product_cat-kwon-3","14":"product_cat-kwon-5","15":"pa_model-ju-jutsu-sl","16":"pa_model-karate-sl-2","17":"pa_model-kickthaiboxing-sl","18":"pa_model-taekwondo-sl","19":"pa_model-judo","21":"first","22":"instock","23":"taxable","24":"shipping-taxable","25":"purchasable","26":"product-type-variable"},"_links":{"self":[{"href":"https:\/\/www.budoshop.si\/sl\/wp-json\/wp\/v2\/product\/67297","targetHints":{"allow":["GET"]}}],"collection":[{"href":"https:\/\/www.budoshop.si\/sl\/wp-json\/wp\/v2\/product"}],"about":[{"href":"https:\/\/www.budoshop.si\/sl\/wp-json\/wp\/v2\/types\/product"}],"replies":[{"embeddable":true,"href":"https:\/\/www.budoshop.si\/sl\/wp-json\/wp\/v2\/comments?post=67297"}],"wp:featuredmedia":[{"embeddable":true,"href":"https:\/\/www.budoshop.si\/sl\/wp-json\/wp\/v2\/media\/67299"}],"wp:attachment":[{"href":"https:\/\/www.budoshop.si\/sl\/wp-json\/wp\/v2\/media?parent=67297"}],"wp:term":[{"taxonomy":"product_brand","embeddable":true,"href":"https:\/\/www.budoshop.si\/sl\/wp-json\/wp\/v2\/product_brand?post=67297"},{"taxonomy":"product_cat","embeddable":true,"href":"https:\/\/www.budoshop.si\/sl\/wp-json\/wp\/v2\/product_cat?post=67297"},{"taxonomy":"product_tag","embeddable":true,"href":"https:\/\/www.budoshop.si\/sl\/wp-json\/wp\/v2\/product_tag?post=67297"}],"curies":[{"name":"wp","href":"https:\/\/api.w.org\/{rel}","templated":true}]}}