{"id":67259,"date":"2018-09-13T06:51:49","date_gmt":"2018-09-13T06:51:49","guid":{"rendered":"https:\/\/budoshop.si\/?product=wkf-wako-tatami-blazine-karate"},"modified":"2026-03-17T09:51:38","modified_gmt":"2026-03-17T08:51:38","slug":"wkf-wako-tatami-blazine-karate","status":"publish","type":"product","link":"https:\/\/www.budoshop.si\/sl\/izdelek\/wkf-wako-tatami-blazine-karate\/","title":{"rendered":"WKF \/ WAKO Tatami blazine &#8221;KARATE&#8221;"},"content":{"rendered":"<div style=\"text-align: justify;\">\n<p><span style=\"color: #993300; font-size: 15px;\">Dvostanske WKF verificirane Tatami blazine namenjene Karate bori\u0161\u010dem znamke Trocellen. Blazine so narejene v Evropski uniji in imajo ustrezen certifikat o ustreznosti in kakovosti. <\/span><\/p>\n<p><span style=\"color: #993300; font-size: 15px;\">Odlikujejo jih popolna me\u0161anica lastnosti, kiizpolnjujejo vse potrebe \u0161portnika in enostavna ter prilagodljivanamestitev kosov sestavljanke. Trocellen opremlja najpomembnej\u0161asvetovna tekmovanja borilnih ve\u0161\u010din in nenehno \u0161iri svoj vodilni polo\u017eajna trgu.<\/span><\/p>\n<div style=\"text-align: left;\"><span style=\"font-size: 15px; color: #993300;\"><strong>Glavne lastnosti:<\/strong><\/span><br \/>\n<span style=\"color: #993300; font-size: 15px;\">Narejene so iz dveh plasti polietilena.<\/span><br \/>\n<span style=\"font-size: 15px; color: #993300;\">Rezane z vodnim curkom, ki zagotavlja popolno natan\u010dnost ujemanja.<\/span><br \/>\n<span style=\"color: #993300; font-size: 15px;\">Povr\u0161ina oblike ri\u017eeve slame.<\/span><br \/>\n<span style=\"color: #993300; font-size: 15px;\">Puzzle sistem sestavljanja.<\/span><br \/>\n<span style=\"color: #993300; font-size: 15px;\">Nedrse\u010de.<\/span><br \/>\n<span style=\"color: #993300; font-size: 15px;\">Pralne, neprepustne, anti-glivi\u010dne, anti-bakterijske, anti-alergi\u010dne.<\/span><\/div>\n<p>&nbsp;<\/p>\n<div style=\"text-align: left;\"><span style=\"color: #993300; font-size: 15px;\"><strong>Prednosti:<\/strong><br \/>\nSo zelo priljubljene zaradi svoje lahkotnosti, vzdr\u017eljivosti in dobregaoprijema. Ne drsijo, so pralne, nepropustne, anti-glivi\u010dne,anti-bakterijske in anti-alergi\u010dne. Rezanje z vodnim curkom dajenatan\u010dne oblike sestavljanke tako, da so enostavne za povezovanje in soprakti\u010dno brezhibne. Ker so vodoodporne, so blazine idealne tako zanotranjo kot zunanjo uporabo. Majhna te\u017ea (pribl. 2,5kg \/ kos) pa dela teTatami olgotrajne in enostavne za sestavljanje.<\/span><\/div>\n<p><span style=\"color: #993300; font-size: 15px;\"><span id=\"dnn_ctr448_ProductPage_lblItemHtmlHolder\">Narejene so iz dveh plasti kvalitetnega polietilena (posebne reciklerane pene), ki se ne zbija in zagotavlja konstantno enakomernost in trdnost po celotni blazini, s tem pa tudi obstojnost in dolgo \u017eivljenjsko dobo. Na trgu so najbrz tudi cenej\u0161e blazine vendar sumljivega porekla in definitivno veliko slab\u0161e kvalitete kot blazine, ki jih nudimo mi. Njihovo kvaliteto potrjuje Svetovna Karate Organizacija, ki jih je verificirala kot primerne za vse vrste nacionalnih ali mednarodnih tekmovanj. <\/span><\/span><\/p>\n<p><span style=\"font-size: 15px; color: #993300;\">Blazine so sestavljive na &#8216;puzzle&#8217; na\u010din tako, da v nobenem primeru ne lezejo narazen in so dvobarvne kar pomeni, da so na vsaki strani ene barve in jih lahko obra\u010damo v obe smeri. Zato jih lahko poljubno sestavljamo in ustvarjamo barvne kombinacije po \u017eelji. <\/span><\/p>\n<p><span style=\"font-size: 15px; color: #993300;\">Namenjene so predvsem klubom, ki nimajo lastne telovadnice in morajo za vsak trening na novo postavljati Tatami, saj njihova te\u017ea (2,5 kg) dopu\u0161\u010da lahkotno prena\u0161anje in premikanje.<\/span><\/p>\n<p><span style=\"font-size: 15px; color: #993300;\"><strong>Ta artikel je odobren iz strani WKF<\/strong>-a (World Karate Federation) <strong>in WAKO<\/strong> (World Association of Kickboxing Organizations)! <\/span><\/p>\n<p><span style=\"font-size: 15px; color: #993300;\">Oglejte si vzorce v na\u0161i prodajalni! <\/span><\/p>\n<p><span style=\"font-size: 15px; color: #993300;\">Dimenzije: 100cm x 100cm x 2cm <\/span><\/p>\n<p><span style=\"font-size: 15px; color: #993300;\">Te\u017ea ene blazine: cca. 2,5 kg.<\/span><\/p>\n<p><span style=\"font-size: 15px; color: #993300;\">Barva: rde\u010de- modra. <\/span><\/p>\n<p><span style=\"font-size: 11px; color: #993300;\">Opomba: Artikel se dobavlja po naro\u010dilu zato se pred naro\u010dilom pozanimajte o dobavljivosti in stro\u0161ku dostave.<\/span><\/p>\n<\/div>\n","protected":false},"excerpt":{"rendered":"<p><span style=\"color: #002060;\"><strong>Dvostanske WKF in WAKO verificirane Tatami blazine PUZZLE.<\/strong><\/span><\/p>\n","protected":false},"featured_media":67261,"comment_status":"open","ping_status":"closed","template":"","meta":[],"product_brand":[],"product_cat":[1043,1033,1029,1039,1041,743,999],"product_tag":[],"class_list":{"0":"post-67259","1":"product","2":"type-product","3":"status-publish","4":"has-post-thumbnail","6":"product_cat-boks-kickbox-tajski-boks-mma","7":"product_cat-ju-jitsujiu-jitsu-1","8":"product_cat-karate-5","9":"product_cat-taekwondo-3","10":"product_cat-tai-chi-kunf-fu-wu-shu-1","11":"product_cat-tatami-blazine","12":"product_cat-trocellen-1","14":"first","15":"instock","16":"taxable","17":"shipping-taxable","18":"purchasable","19":"product-type-simple"},"_links":{"self":[{"href":"https:\/\/www.budoshop.si\/sl\/wp-json\/wp\/v2\/product\/67259","targetHints":{"allow":["GET"]}}],"collection":[{"href":"https:\/\/www.budoshop.si\/sl\/wp-json\/wp\/v2\/product"}],"about":[{"href":"https:\/\/www.budoshop.si\/sl\/wp-json\/wp\/v2\/types\/product"}],"replies":[{"embeddable":true,"href":"https:\/\/www.budoshop.si\/sl\/wp-json\/wp\/v2\/comments?post=67259"}],"wp:featuredmedia":[{"embeddable":true,"href":"https:\/\/www.budoshop.si\/sl\/wp-json\/wp\/v2\/media\/67261"}],"wp:attachment":[{"href":"https:\/\/www.budoshop.si\/sl\/wp-json\/wp\/v2\/media?parent=67259"}],"wp:term":[{"taxonomy":"product_brand","embeddable":true,"href":"https:\/\/www.budoshop.si\/sl\/wp-json\/wp\/v2\/product_brand?post=67259"},{"taxonomy":"product_cat","embeddable":true,"href":"https:\/\/www.budoshop.si\/sl\/wp-json\/wp\/v2\/product_cat?post=67259"},{"taxonomy":"product_tag","embeddable":true,"href":"https:\/\/www.budoshop.si\/sl\/wp-json\/wp\/v2\/product_tag?post=67259"}],"curies":[{"name":"wp","href":"https:\/\/api.w.org\/{rel}","templated":true}]}}