{"id":67179,"date":"2018-09-13T06:51:49","date_gmt":"2018-09-13T04:51:49","guid":{"rendered":"https:\/\/budoshop.si\/?product=ijf-judo-tatami-blazine-200x100-antislip"},"modified":"2024-12-18T12:11:51","modified_gmt":"2024-12-18T11:11:51","slug":"ijf-judo-tatami-blazine-200x100-antislip","status":"publish","type":"product","link":"https:\/\/www.budoshop.si\/sl\/izdelek\/ijf-judo-tatami-blazine-200x100-antislip\/","title":{"rendered":"IJF Judo Tatami blazine 200&#215;100 Antislip"},"content":{"rendered":"<div style=\"text-align: justify;\">\n<p><span style=\"font-size: 15px; color: #993300;\">Vrhunske Judo Tatami blazine Belgijske znamke AGGLOREX. Narejene so iz vrhunskega AGGLOFOAM materiala. To so predelani PU-penastimi kosmi\u010di, ki preverjeno zagotavljajo enakomerno trdnost po celotni povr\u0161ini blazine. Ploskve in stranice so laminirane z zelo mo\u010dno in higiensko Judomat vinilno plastjo z ri\u017eevim vzorcem, robovi in vogali pa so vrhunsko lepljeni. <\/span><\/p>\n<p><span style=\"font-size: 15px; color: #993300;\">Nedrse\u010de gumijasto dno na mo\u010dni jutina podlagi so na spodnjem delu blazine prav tako laminirani, posebej pa so oja\u010dani tudi robovi blazin in prehod med gumi podlago ter vinilno plastjo. Zaradi tega lahko blazine polo\u017eimo direktno na tla brez podloge, saj ne lezejo narazen. <\/span><\/p>\n<p><span style=\"font-size: 15px; color: #993300;\">Na blazine nudimo 5 let garancije!!! <\/span><\/p>\n<p><span style=\"font-size: 15px; color: #993300;\">Blazine so narejene v skladu z Evropskim Standardom EN 12503-3 (toleranca dimenzij) in EN 12503-4 (shock absorption).<\/span><\/p>\n<p><span style=\"font-size: 15px; color: #993300;\"><strong> Te blazine so uradno potrjene s strani IJF-a<\/strong> (mednarodne judo zveze)! <\/span><br \/>\n<span style=\"font-size: 15px; color: #993300;\"><br \/>\nOglejte si vzorce v na\u0161i prodajalni! <\/span><\/p>\n<p><span style=\"font-size: 15px; color: #993300;\">Dimenzije: 200cm x 100cm.<\/span><\/p>\n<\/div>\n<div style=\"text-align: justify;\">\n<p><span style=\"font-size: 15px; color: #993300;\">Debeline: 3,4, 5 ali 6cm. <\/span><\/p>\n<p><span style=\"font-size: 15px; color: #993300;\">Barve: olivno zelena, jabol\u010dno zelena, rde\u010da, modra, rumena, oran\u017ena, siva in \u010drna. <\/span><\/p>\n<p><span style=\"color: #993300; font-size: 11px;\">Opomba: Artikel se dobavlja po naro\u010dilu zato se pred naro\u010dilom pozanimajte o dobavljivosti in stro\u0161ku dostave.<\/span><\/div>\n","protected":false},"excerpt":{"rendered":"<p><span style=\"color: #002060;\"><strong>Vrhunske nedrse\u010de IJF Judo Tatami blazine znamke AGGLOREX 200&#215;100 cm.<\/strong><\/span><\/p>\n","protected":false},"featured_media":67181,"comment_status":"open","ping_status":"closed","template":"","meta":[],"product_brand":[],"product_cat":[1035,1033,1031,743,989,1067],"product_tag":[],"class_list":{"0":"post-67179","1":"product","2":"type-product","3":"status-publish","4":"has-post-thumbnail","6":"product_cat-aikido-kendo-iai-kobudo-1","7":"product_cat-ju-jitsujiu-jitsu-1","8":"product_cat-judo-1","9":"product_cat-tatami-blazine","10":"product_cat-agglorex-1","11":"product_cat-agglorex-3","12":"pa_barva-rumene-barve-sl","13":"pa_barva-oranzna-barva-sl","14":"pa_barva-rdeca-barva-sl-2","15":"pa_barva-modre-barve-sl","16":"pa_barva-crne-barve-sl-2","17":"pa_barva-jabolcno-zelena-sl","18":"pa_barva-olivno-zelena-sl","19":"pa_barva-siva-sl","20":"pa_debelina-3-cm-sl","21":"pa_debelina-4-cm-sl","22":"pa_debelina-5-cm-sl","23":"pa_debelina-6-cm-sl","25":"first","26":"onbackorder","27":"taxable","28":"shipping-taxable","29":"purchasable","30":"product-type-variable"},"_links":{"self":[{"href":"https:\/\/www.budoshop.si\/sl\/wp-json\/wp\/v2\/product\/67179","targetHints":{"allow":["GET"]}}],"collection":[{"href":"https:\/\/www.budoshop.si\/sl\/wp-json\/wp\/v2\/product"}],"about":[{"href":"https:\/\/www.budoshop.si\/sl\/wp-json\/wp\/v2\/types\/product"}],"replies":[{"embeddable":true,"href":"https:\/\/www.budoshop.si\/sl\/wp-json\/wp\/v2\/comments?post=67179"}],"wp:featuredmedia":[{"embeddable":true,"href":"https:\/\/www.budoshop.si\/sl\/wp-json\/wp\/v2\/media\/67181"}],"wp:attachment":[{"href":"https:\/\/www.budoshop.si\/sl\/wp-json\/wp\/v2\/media?parent=67179"}],"wp:term":[{"taxonomy":"product_brand","embeddable":true,"href":"https:\/\/www.budoshop.si\/sl\/wp-json\/wp\/v2\/product_brand?post=67179"},{"taxonomy":"product_cat","embeddable":true,"href":"https:\/\/www.budoshop.si\/sl\/wp-json\/wp\/v2\/product_cat?post=67179"},{"taxonomy":"product_tag","embeddable":true,"href":"https:\/\/www.budoshop.si\/sl\/wp-json\/wp\/v2\/product_tag?post=67179"}],"curies":[{"name":"wp","href":"https:\/\/api.w.org\/{rel}","templated":true}]}}