{"id":67097,"date":"2018-09-13T06:51:49","date_gmt":"2018-09-13T06:51:49","guid":{"rendered":"https:\/\/budoshop.si\/?product=utezi-za-okrog-gleznjev-5-kg"},"modified":"2023-10-12T14:34:31","modified_gmt":"2023-10-12T12:34:31","slug":"utezi-za-okrog-gleznjev-5-kg","status":"publish","type":"product","link":"https:\/\/www.budoshop.si\/sl\/izdelek\/utezi-za-okrog-gleznjev-5-kg\/","title":{"rendered":"Ute\u017ei za okrog gle\u017enjev 5 KG"},"content":{"rendered":"<p style=\"vertical-align: top; text-align: justify;\"><span style=\"color: #c00000; font-size: 15px;\">Klasi\u010dne 5 kg (2x 2,5 kg) ute\u017ei za okrog le\u017enjev, ki se s trakom na je\u017eka zelo dobro in tesno pritrdijo ob nogo, kar omogo\u010da, da ute\u017e ne ska\u010de in nas tako ne ovira med treningom. Izdelane iz hrapavega materiala in polnjene z \u017eeleznimi zrnci.<br \/>\nNamenjene so treningu utrjevanja nog in no\u017enih udarcev, lahko pa jih uporabljamo tudi za roke. <\/span><\/p>\n<div style=\"text-align: justify;\">\n<p><span style=\"font-size: 15px;\">Prodaja se v paru.<\/span><\/p>\n<\/div>\n<p style=\"vertical-align: top; text-align: justify;\">\n","protected":false},"excerpt":{"rendered":"<p style=\"vertical-align: top;\"><span style=\"color: #002060;\"><strong>5 kg ute\u017ei za okrog gle\u017enjev (par).<\/strong><\/span><\/p>\n","protected":false},"featured_media":67099,"comment_status":"open","ping_status":"closed","template":"","meta":[],"product_brand":[5596],"product_cat":[1035,1043,1033,1031,1029,1061,983,1037,1039,1041,1123],"product_tag":[],"class_list":{"0":"post-67097","1":"product","2":"type-product","3":"status-publish","4":"has-post-thumbnail","6":"product_brand-kwon","7":"product_cat-aikido-kendo-iai-kobudo-1","8":"product_cat-boks-kickbox-tajski-boks-mma","9":"product_cat-ju-jitsujiu-jitsu-1","10":"product_cat-judo-1","11":"product_cat-karate-5","12":"product_cat-kwon-5","13":"product_cat-kwon-3","14":"product_cat-ninjutsu-3","15":"product_cat-taekwondo-3","16":"product_cat-tai-chi-kunf-fu-wu-shu-1","17":"product_cat-utezi-medicinske-zoge","19":"first","20":"instock","21":"taxable","22":"shipping-taxable","23":"purchasable","24":"product-type-simple"},"_links":{"self":[{"href":"https:\/\/www.budoshop.si\/sl\/wp-json\/wp\/v2\/product\/67097","targetHints":{"allow":["GET"]}}],"collection":[{"href":"https:\/\/www.budoshop.si\/sl\/wp-json\/wp\/v2\/product"}],"about":[{"href":"https:\/\/www.budoshop.si\/sl\/wp-json\/wp\/v2\/types\/product"}],"replies":[{"embeddable":true,"href":"https:\/\/www.budoshop.si\/sl\/wp-json\/wp\/v2\/comments?post=67097"}],"wp:featuredmedia":[{"embeddable":true,"href":"https:\/\/www.budoshop.si\/sl\/wp-json\/wp\/v2\/media\/67099"}],"wp:attachment":[{"href":"https:\/\/www.budoshop.si\/sl\/wp-json\/wp\/v2\/media?parent=67097"}],"wp:term":[{"taxonomy":"product_brand","embeddable":true,"href":"https:\/\/www.budoshop.si\/sl\/wp-json\/wp\/v2\/product_brand?post=67097"},{"taxonomy":"product_cat","embeddable":true,"href":"https:\/\/www.budoshop.si\/sl\/wp-json\/wp\/v2\/product_cat?post=67097"},{"taxonomy":"product_tag","embeddable":true,"href":"https:\/\/www.budoshop.si\/sl\/wp-json\/wp\/v2\/product_tag?post=67097"}],"curies":[{"name":"wp","href":"https:\/\/api.w.org\/{rel}","templated":true}]}}