{"id":67077,"date":"2018-09-13T06:51:49","date_gmt":"2018-09-13T06:51:49","guid":{"rendered":"https:\/\/budoshop.si\/?product=samostojeci-punching-bob"},"modified":"2023-10-11T11:13:27","modified_gmt":"2023-10-11T09:13:27","slug":"samostojeci-punching-bob","status":"publish","type":"product","link":"https:\/\/www.budoshop.si\/sl\/izdelek\/samostojeci-punching-bob\/","title":{"rendered":"Samostoje\u010di &#8221;Punching BOB&#8221;"},"content":{"rendered":"<div style=\"text-align: justify;\">\n<p><span style=\"color: #993300; font-size: 15px;\">Samostoje\u010da vre\u010da za udarjanje z obliko \u010dloveka, ki mu je ime Bob. Anatomsko oblikovan Punching Bob bo va\u0161 najbolj\u0161i trening partner saj nudi maksimalen trening natan\u010dnosti in realnosti udarjanja, je vedno na voljo in se ne boji va\u0161ih mo\u010dnih udarcev. Primeren je tudi za trening udarjanja v vitalne to\u010dke.<br \/>\nCca. 70 cm visoka silhueta \u010dloveka, narejena iz posebne pro\u017ene trde pene, ki sicer ni namenjena ektremnemu Thai in Kick boxing udarjanju, je nataknjena na gumijasto vzmet iz podstavka, katerega se napolni z vodo in je nastavljiva po vi\u0161ini. Tak\u0161en podstavek zagotavlja stabilnost pri vseh vrstah udarcev, saj gre vanj kar okoli 110 l vode ali cca. 120 kg peska ali mivke. <\/span><\/p>\n<p><span style=\"font-size: 15px; color: #993300;\">Silhueto se lahko nastavi na vi\u0161ine 160, 175 oz. 190 cm.<\/span><\/p>\n<p><span style=\"font-size: 15px; color: #993300;\">Te\u017ea:<\/span><br \/>\n<span style=\"font-size: 15px; color: #993300;\">Prazen: cca. 15 kg<\/span><br \/>\n<span style=\"font-size: 15px; color: #993300;\">Polnjen z vodo: cca. 125 kg<\/span><br \/>\n<span style=\"font-size: 15px; color: #993300;\">Polnjen s peskom: cca. 135 kg<\/span><\/p>\n<\/div>\n","protected":false},"excerpt":{"rendered":"<p><span style=\"color: #002060;\"><strong>Samostoje\u010da boksarska vre\u010da silhuete \u010dloveka.<\/strong><\/span><\/p>\n","protected":false},"featured_media":67079,"comment_status":"open","ping_status":"closed","template":"","meta":[],"product_brand":[],"product_cat":[1043,1033,1029,1037,1075,1083,867,1039,1041,1089],"product_tag":[],"class_list":{"0":"post-67077","1":"product","2":"type-product","3":"status-publish","4":"has-post-thumbnail","6":"product_cat-boks-kickbox-tajski-boks-mma","7":"product_cat-ju-jitsujiu-jitsu-1","8":"product_cat-karate-5","9":"product_cat-ninjutsu-3","10":"product_cat-pride-1","11":"product_cat-pride-3","12":"product_cat-samostojece-vrece","13":"product_cat-taekwondo-3","14":"product_cat-tai-chi-kunf-fu-wu-shu-1","15":"product_cat-trening-lutke","17":"first","18":"instock","19":"taxable","20":"shipping-taxable","21":"purchasable","22":"product-type-simple"},"_links":{"self":[{"href":"https:\/\/www.budoshop.si\/sl\/wp-json\/wp\/v2\/product\/67077","targetHints":{"allow":["GET"]}}],"collection":[{"href":"https:\/\/www.budoshop.si\/sl\/wp-json\/wp\/v2\/product"}],"about":[{"href":"https:\/\/www.budoshop.si\/sl\/wp-json\/wp\/v2\/types\/product"}],"replies":[{"embeddable":true,"href":"https:\/\/www.budoshop.si\/sl\/wp-json\/wp\/v2\/comments?post=67077"}],"wp:featuredmedia":[{"embeddable":true,"href":"https:\/\/www.budoshop.si\/sl\/wp-json\/wp\/v2\/media\/67079"}],"wp:attachment":[{"href":"https:\/\/www.budoshop.si\/sl\/wp-json\/wp\/v2\/media?parent=67077"}],"wp:term":[{"taxonomy":"product_brand","embeddable":true,"href":"https:\/\/www.budoshop.si\/sl\/wp-json\/wp\/v2\/product_brand?post=67077"},{"taxonomy":"product_cat","embeddable":true,"href":"https:\/\/www.budoshop.si\/sl\/wp-json\/wp\/v2\/product_cat?post=67077"},{"taxonomy":"product_tag","embeddable":true,"href":"https:\/\/www.budoshop.si\/sl\/wp-json\/wp\/v2\/product_tag?post=67077"}],"curies":[{"name":"wp","href":"https:\/\/api.w.org\/{rel}","templated":true}]}}