{"id":67049,"date":"2018-09-13T06:51:49","date_gmt":"2018-09-13T06:51:49","guid":{"rendered":"https:\/\/budoshop.si\/?product=oblazinjen-fokuser-scit-srednji"},"modified":"2026-01-09T10:12:21","modified_gmt":"2026-01-09T09:12:21","slug":"oblazinjen-fokuser-scit-srednji","status":"publish","type":"product","link":"https:\/\/www.budoshop.si\/sl\/izdelek\/oblazinjen-fokuser-scit-srednji\/","title":{"rendered":"Oblazinjen fokuser \u0161\u010dit &#8221;SREDNJI&#8221;"},"content":{"rendered":"<div style=\"text-align: justify;\"><span style=\"color: #993300; font-size: 15px;\">Ta mehak in lahek oblazinjen fokuser \u0161\u010dit za udarjanje narejen iz me\u0161anice \u010dvrste in mehke pene, ki je oble\u010dena v trpe\u017eno umetno usnje \u010drne barve je namenjen predvsem vadbi samoobrambe. Na prednji strani se nahaja ciljna to\u010dka rde\u010de barve. Pravokotne oblike in rahlo zakrivljen je namenjen utrjevanju vseh vrst udarcev z nogo ali roko. Trije oja\u010dani najlonski obro\u010di na zadnji strani, zagotavljajo dobro in stabilno dr\u017eanje. \u010crne barve<br \/>\n<\/span><\/div>\n<div style=\"text-align: justify;\">\n<p><span style=\"color: #993300; font-size: 15px;\">Primeren za trening samoobrambe, Thai box-a, Kickboxing-a, Taekwondo-ja, Karate-ja, proste borbe in vseh drugih kontaktnih ve\u0161\u010din in \u0161portov. <\/span><\/p>\n<p><span style=\"font-size: 15px; color: #993300;\">Dimenzije: cca. 60 cm X 35 cm X 14 cm<br \/>\nTe\u017ea: 1,6 kg<br \/>\n<\/span><\/p>\n<\/div>\n","protected":false},"excerpt":{"rendered":"<p><span style=\"color: #003366;\"><strong>Oblazinjen fokuser \u0161\u010dit dimenzij 60 cm X 35 cm X 14 cm.<\/strong><\/span><\/p>\n","protected":false},"featured_media":111427,"comment_status":"open","ping_status":"closed","template":"","meta":[],"product_brand":[5596],"product_cat":[1043,1063,985,755,1033,1029,1039,1041],"product_tag":[],"class_list":{"0":"post-67049","1":"product","2":"type-product","3":"status-publish","4":"has-post-thumbnail","6":"product_brand-kwon","7":"product_cat-boks-kickbox-tajski-boks-mma","8":"product_cat-danhro-1","9":"product_cat-danrho-1","10":"product_cat-fokuserji-in-oblazinjeni-scit","11":"product_cat-ju-jitsujiu-jitsu-1","12":"product_cat-karate-5","13":"product_cat-taekwondo-3","14":"product_cat-tai-chi-kunf-fu-wu-shu-1","16":"first","17":"instock","18":"taxable","19":"shipping-taxable","20":"purchasable","21":"product-type-simple"},"_links":{"self":[{"href":"https:\/\/www.budoshop.si\/sl\/wp-json\/wp\/v2\/product\/67049","targetHints":{"allow":["GET"]}}],"collection":[{"href":"https:\/\/www.budoshop.si\/sl\/wp-json\/wp\/v2\/product"}],"about":[{"href":"https:\/\/www.budoshop.si\/sl\/wp-json\/wp\/v2\/types\/product"}],"replies":[{"embeddable":true,"href":"https:\/\/www.budoshop.si\/sl\/wp-json\/wp\/v2\/comments?post=67049"}],"wp:featuredmedia":[{"embeddable":true,"href":"https:\/\/www.budoshop.si\/sl\/wp-json\/wp\/v2\/media\/111427"}],"wp:attachment":[{"href":"https:\/\/www.budoshop.si\/sl\/wp-json\/wp\/v2\/media?parent=67049"}],"wp:term":[{"taxonomy":"product_brand","embeddable":true,"href":"https:\/\/www.budoshop.si\/sl\/wp-json\/wp\/v2\/product_brand?post=67049"},{"taxonomy":"product_cat","embeddable":true,"href":"https:\/\/www.budoshop.si\/sl\/wp-json\/wp\/v2\/product_cat?post=67049"},{"taxonomy":"product_tag","embeddable":true,"href":"https:\/\/www.budoshop.si\/sl\/wp-json\/wp\/v2\/product_tag?post=67049"}],"curies":[{"name":"wp","href":"https:\/\/api.w.org\/{rel}","templated":true}]}}