{"id":67035,"date":"2018-09-13T06:51:49","date_gmt":"2018-09-13T06:51:49","guid":{"rendered":"https:\/\/budoshop.si\/?product=lesena-trening-palica-eskrima-madez"},"modified":"2026-01-13T10:20:32","modified_gmt":"2026-01-13T09:20:32","slug":"lesena-trening-palica-eskrima-madez","status":"publish","type":"product","link":"https:\/\/www.budoshop.si\/sl\/izdelek\/lesena-trening-palica-eskrima-madez\/","title":{"rendered":"Lesena trening palica &#8221;Eskrima MADE\u017d&#8221;"},"content":{"rendered":"<div style=\"text-align: justify;\"><span style=\"color: #993300; font-size: 15px;\">Zelo atraktivna tradicionalna oblika Eskrima palice, ki jo zaradi rahle o\u017eganosti krasijo posebno lepi made\u017ei. Izredno trpe\u017ena, a kljub temu lahkotna. Primerna za naprednej\u0161e praktikante Filipinskih borilnih ve\u0161\u010dinah kot so Arnis, Kali in Eskrima.<\/span><\/div>\n<div style=\"text-align: justify;\">\n<p><span style=\"color: #993300; font-size: 15px;\">Palice se prodajajo posamezno a se bomo potrudili, da bomo v primeru dveh palic poiskali primeren par.<\/span><\/p>\n<p><span style=\"color: #993300; font-size: 15px;\">Dol\u017eina palice: cca. 66 cm<\/span><\/p>\n<\/div>\n<div style=\"text-align: justify;\"><span style=\"color: #993300; font-size: small;\"><span style=\"font-size: 15px;\">\u0160irina palica: cca. 2,5 cm.<\/span> <\/span><br \/>\n<span style=\"color: #c00000; font-size: small;\"><br \/>\n<\/span><\/div>\n","protected":false},"excerpt":{"rendered":"<p><span style=\"color: #003366;\"><strong>O\u017egana klasi\u010dna Eskrima trening palica.<\/strong><\/span><\/p>\n","protected":false},"featured_media":67037,"comment_status":"open","ping_status":"closed","template":"","meta":[],"product_brand":[5595],"product_cat":[1035,725,1041],"product_tag":[],"class_list":{"0":"post-67035","1":"product","2":"type-product","3":"status-publish","4":"has-post-thumbnail","6":"product_brand-ju-sports","7":"product_cat-aikido-kendo-iai-kobudo-1","8":"product_cat-palice","9":"product_cat-tai-chi-kunf-fu-wu-shu-1","11":"first","12":"instock","13":"taxable","14":"shipping-taxable","15":"purchasable","16":"product-type-simple"},"_links":{"self":[{"href":"https:\/\/www.budoshop.si\/sl\/wp-json\/wp\/v2\/product\/67035","targetHints":{"allow":["GET"]}}],"collection":[{"href":"https:\/\/www.budoshop.si\/sl\/wp-json\/wp\/v2\/product"}],"about":[{"href":"https:\/\/www.budoshop.si\/sl\/wp-json\/wp\/v2\/types\/product"}],"replies":[{"embeddable":true,"href":"https:\/\/www.budoshop.si\/sl\/wp-json\/wp\/v2\/comments?post=67035"}],"wp:featuredmedia":[{"embeddable":true,"href":"https:\/\/www.budoshop.si\/sl\/wp-json\/wp\/v2\/media\/67037"}],"wp:attachment":[{"href":"https:\/\/www.budoshop.si\/sl\/wp-json\/wp\/v2\/media?parent=67035"}],"wp:term":[{"taxonomy":"product_brand","embeddable":true,"href":"https:\/\/www.budoshop.si\/sl\/wp-json\/wp\/v2\/product_brand?post=67035"},{"taxonomy":"product_cat","embeddable":true,"href":"https:\/\/www.budoshop.si\/sl\/wp-json\/wp\/v2\/product_cat?post=67035"},{"taxonomy":"product_tag","embeddable":true,"href":"https:\/\/www.budoshop.si\/sl\/wp-json\/wp\/v2\/product_tag?post=67035"}],"curies":[{"name":"wp","href":"https:\/\/api.w.org\/{rel}","templated":true}]}}