{"id":67029,"date":"2018-09-13T06:51:49","date_gmt":"2018-09-13T04:51:49","guid":{"rendered":"https:\/\/budoshop.si\/?product=lesena-trening-palica-eskrima-traditional"},"modified":"2023-10-15T13:35:10","modified_gmt":"2023-10-15T11:35:10","slug":"lesena-trening-palica-eskrima-traditional","status":"publish","type":"product","link":"https:\/\/www.budoshop.si\/sl\/izdelek\/lesena-trening-palica-eskrima-traditional\/","title":{"rendered":"Lesena trening palica &#8221;Eskrima TRADITIONAL&#8221;"},"content":{"rendered":"<div style=\"text-align: justify;\"><span style=\"color: #c00000; font-size: 15px;\"><span style=\"color: #c00000;\">Ta tradicionalna olupljena ratanova oblika Eskrima trening palice je, zaradi svoje lahkotnosti in izredne trpe\u017enosti, med praktikanti Filipnskih borilnih ve\u0161\u010din kot so Arnis, Kali in Eskrima zelo priljubljena. Ratanove Eskrima malice so primerne tako za enostavne vadbe kot za mo\u010dne sparinge. Prav tako so te Eskrima palice odli\u010dne tudi za predstavitve, ker so zelo hitre, a obvladljive.<\/span><\/span><\/div>\n<div style=\"text-align: justify;\"><span style=\"color: #c00000; font-size: 15px;\"><span style=\"color: #c00000;\">Palice se prodajajo posamezno, a se bomo potrudili, da bomo v primeru nakupa dveh palic, poiskali \u010dim bolj enak par.<br \/>\n<\/span><br \/>\nDol\u017eina palice: cca. 70 cm<\/span><\/div>\n<div style=\"text-align: justify;\">\n<p><span style=\"color: #c00000;\"><span style=\"font-size: small;\"><span style=\"font-size: 15px;\">\u0160irina palica: cca. 2,5 cm.<\/span> <\/span><\/span><\/p>\n<p>&nbsp;<\/p>\n<\/div>\n","protected":false},"excerpt":{"rendered":"<p><span style=\"color: #003366;\"><strong>Tradicionalne Eskrima trening palice iz olupljenega ratana.<\/strong><\/span><\/p>\n","protected":false},"featured_media":67031,"comment_status":"open","ping_status":"closed","template":"","meta":[],"product_brand":[],"product_cat":[725],"product_tag":[],"class_list":{"0":"post-67029","1":"product","2":"type-product","3":"status-publish","4":"has-post-thumbnail","6":"product_cat-palice","8":"first","9":"instock","10":"taxable","11":"shipping-taxable","12":"purchasable","13":"product-type-simple"},"_links":{"self":[{"href":"https:\/\/www.budoshop.si\/sl\/wp-json\/wp\/v2\/product\/67029","targetHints":{"allow":["GET"]}}],"collection":[{"href":"https:\/\/www.budoshop.si\/sl\/wp-json\/wp\/v2\/product"}],"about":[{"href":"https:\/\/www.budoshop.si\/sl\/wp-json\/wp\/v2\/types\/product"}],"replies":[{"embeddable":true,"href":"https:\/\/www.budoshop.si\/sl\/wp-json\/wp\/v2\/comments?post=67029"}],"wp:featuredmedia":[{"embeddable":true,"href":"https:\/\/www.budoshop.si\/sl\/wp-json\/wp\/v2\/media\/67031"}],"wp:attachment":[{"href":"https:\/\/www.budoshop.si\/sl\/wp-json\/wp\/v2\/media?parent=67029"}],"wp:term":[{"taxonomy":"product_brand","embeddable":true,"href":"https:\/\/www.budoshop.si\/sl\/wp-json\/wp\/v2\/product_brand?post=67029"},{"taxonomy":"product_cat","embeddable":true,"href":"https:\/\/www.budoshop.si\/sl\/wp-json\/wp\/v2\/product_cat?post=67029"},{"taxonomy":"product_tag","embeddable":true,"href":"https:\/\/www.budoshop.si\/sl\/wp-json\/wp\/v2\/product_tag?post=67029"}],"curies":[{"name":"wp","href":"https:\/\/api.w.org\/{rel}","templated":true}]}}