{"id":67023,"date":"2018-09-13T06:51:49","date_gmt":"2018-09-13T04:51:49","guid":{"rendered":"https:\/\/budoshop.si\/?product=gumiran-vadbeni-noz-tanto-guma"},"modified":"2023-10-01T17:21:46","modified_gmt":"2023-10-01T15:21:46","slug":"gumiran-vadbeni-noz-tanto-guma","status":"publish","type":"product","link":"https:\/\/www.budoshop.si\/sl\/izdelek\/gumiran-vadbeni-noz-tanto-guma\/","title":{"rendered":"Gumiran vadbeni no\u017e &#8221;Tanto GUMA&#8221;"},"content":{"rendered":"<div style=\"text-align: justify;\">\n<p><span style=\"color: #993300; font-size: 15px;\">Gumijast trening no\u017e tradicionalne TANTO oblike, z ozna\u010denim rezilom srebrne barve in ro\u010dajem s profilom za dober prijem \u010drne barve. Rezilo no\u017ea je pro\u017eno, da nudi realisti\u010den trening obrambe od no\u017ea, pa tudi varen trening borbe no\u017e na no\u017e. <\/span><\/p>\n<p><span style=\"font-size: 15px; color: #993300;\">Dol\u017eina rezila je cca. 14 cm in ro\u010daja cca. 10 cm.<\/span><\/p>\n<\/div>\n","protected":false},"excerpt":{"rendered":"<p><span style=\"color: #003366;\"><strong>Gumijast trening no\u017e.<\/strong><\/span><\/p>\n","protected":false},"featured_media":67025,"comment_status":"open","ping_status":"closed","template":"","meta":[],"product_brand":[],"product_cat":[1035,1033,1031,1029,983,1037,813,759,1041],"product_tag":[],"class_list":{"0":"post-67023","1":"product","2":"type-product","3":"status-publish","4":"has-post-thumbnail","6":"product_cat-aikido-kendo-iai-kobudo-1","7":"product_cat-ju-jitsujiu-jitsu-1","8":"product_cat-judo-1","9":"product_cat-karate-5","10":"product_cat-kwon-3","11":"product_cat-ninjutsu-3","12":"product_cat-nozi","13":"product_cat-gumijasti","14":"product_cat-tai-chi-kunf-fu-wu-shu-1","16":"first","17":"instock","18":"taxable","19":"shipping-taxable","20":"purchasable","21":"product-type-simple"},"_links":{"self":[{"href":"https:\/\/www.budoshop.si\/sl\/wp-json\/wp\/v2\/product\/67023","targetHints":{"allow":["GET"]}}],"collection":[{"href":"https:\/\/www.budoshop.si\/sl\/wp-json\/wp\/v2\/product"}],"about":[{"href":"https:\/\/www.budoshop.si\/sl\/wp-json\/wp\/v2\/types\/product"}],"replies":[{"embeddable":true,"href":"https:\/\/www.budoshop.si\/sl\/wp-json\/wp\/v2\/comments?post=67023"}],"wp:featuredmedia":[{"embeddable":true,"href":"https:\/\/www.budoshop.si\/sl\/wp-json\/wp\/v2\/media\/67025"}],"wp:attachment":[{"href":"https:\/\/www.budoshop.si\/sl\/wp-json\/wp\/v2\/media?parent=67023"}],"wp:term":[{"taxonomy":"product_brand","embeddable":true,"href":"https:\/\/www.budoshop.si\/sl\/wp-json\/wp\/v2\/product_brand?post=67023"},{"taxonomy":"product_cat","embeddable":true,"href":"https:\/\/www.budoshop.si\/sl\/wp-json\/wp\/v2\/product_cat?post=67023"},{"taxonomy":"product_tag","embeddable":true,"href":"https:\/\/www.budoshop.si\/sl\/wp-json\/wp\/v2\/product_tag?post=67023"}],"curies":[{"name":"wp","href":"https:\/\/api.w.org\/{rel}","templated":true}]}}