{"id":67003,"date":"2018-09-13T06:51:49","date_gmt":"2018-09-13T06:51:49","guid":{"rendered":"https:\/\/budoshop.si\/?product=celada-z-zascitno-mrezo-ce"},"modified":"2026-02-20T17:17:45","modified_gmt":"2026-02-20T16:17:45","slug":"celada-z-zascitno-mrezo-ce","status":"publish","type":"product","link":"https:\/\/www.budoshop.si\/sl\/izdelek\/celada-z-zascitno-mrezo-ce\/","title":{"rendered":"\u010celada z za\u0161\u010ditno mre\u017eo"},"content":{"rendered":"<div style=\"text-align: justify;\">\n<p><span style=\"color: #993300; font-size: 15px;\">\u010celada za borilne \u0161porte\/ve\u0161\u010dine iz umetnega usnja modre ali rde\u010de barve z za\u0161\u010ditno mre\u017eo iz trde plastike preko obraza, ki jo je mo\u017eno tudi odstraniti. O\u010desni predel daje ve\u010dji vidni prostor in tako pove\u010duje borbeno sposobnost, hkrati pa maksimalno \u0161\u010diti glavo in obraz pred udarci. Dvojni je\u017eek na zadnji strani \u010delade omogo\u010da, da se \u010delado lahko hitro in u\u010dinkovito prilagaja svojim potrebam in tako pripomore k njeni udobnosti na glavi. Dodatne vdrtine za u\u0161esa pa prepre\u010dujejo neprijeten pritisk na u\u0161esa in ne omejujejo sluha. Zapenja se s \u010dvrstim trakom, ki se preko brade zapenja z je\u017ekom in daje dober oprijem tako, da \u010delada trdno stoji na glavi in ne omejuje uporabnika. Uporablja se pri treningu realne borbe, samoobrambe in ve\u0161\u010din kot so Nunchaku, Tonfa, Kali, Eskrima in podobno. <\/span><\/p>\n<p><span style=\"font-size: 15px; color: #993300;\">Ustreza CE standardom!<\/span><\/p>\n<p><span style=\"font-size: 15px; color: #993300;\">Barva: MODRA ali RDE\u010cA.<\/span><\/p>\n<p><span style=\"font-size: 15px; color: #993300;\">Univerzalna velikost.<\/span><\/p>\n<p>&nbsp;<\/p>\n<\/div>\n","protected":false},"excerpt":{"rendered":"<p><span style=\"color: #002060;\"><strong>Trening \u010delada za borilne ve\u0161\u010dine z mre\u017easto za\u0161\u010dito obraza.<\/strong><\/span><\/p>\n","protected":false},"featured_media":107218,"comment_status":"open","ping_status":"closed","template":"","meta":[],"product_brand":[],"product_cat":[1043,1033,1075,1083,769],"product_tag":[],"class_list":{"0":"post-67003","1":"product","2":"type-product","3":"status-publish","4":"has-post-thumbnail","6":"product_cat-boks-kickbox-tajski-boks-mma","7":"product_cat-ju-jitsujiu-jitsu-1","8":"product_cat-pride-1","9":"product_cat-pride-3","10":"product_cat-scitniki-za-glavo","11":"pa_barva-modre-barve-sl","12":"pa_barva-rdeca-barva-sl-2","14":"first","15":"instock","16":"taxable","17":"shipping-taxable","18":"purchasable","19":"product-type-variable"},"_links":{"self":[{"href":"https:\/\/www.budoshop.si\/sl\/wp-json\/wp\/v2\/product\/67003","targetHints":{"allow":["GET"]}}],"collection":[{"href":"https:\/\/www.budoshop.si\/sl\/wp-json\/wp\/v2\/product"}],"about":[{"href":"https:\/\/www.budoshop.si\/sl\/wp-json\/wp\/v2\/types\/product"}],"replies":[{"embeddable":true,"href":"https:\/\/www.budoshop.si\/sl\/wp-json\/wp\/v2\/comments?post=67003"}],"wp:featuredmedia":[{"embeddable":true,"href":"https:\/\/www.budoshop.si\/sl\/wp-json\/wp\/v2\/media\/107218"}],"wp:attachment":[{"href":"https:\/\/www.budoshop.si\/sl\/wp-json\/wp\/v2\/media?parent=67003"}],"wp:term":[{"taxonomy":"product_brand","embeddable":true,"href":"https:\/\/www.budoshop.si\/sl\/wp-json\/wp\/v2\/product_brand?post=67003"},{"taxonomy":"product_cat","embeddable":true,"href":"https:\/\/www.budoshop.si\/sl\/wp-json\/wp\/v2\/product_cat?post=67003"},{"taxonomy":"product_tag","embeddable":true,"href":"https:\/\/www.budoshop.si\/sl\/wp-json\/wp\/v2\/product_tag?post=67003"}],"curies":[{"name":"wp","href":"https:\/\/api.w.org\/{rel}","templated":true}]}}