{"id":66979,"date":"2018-09-13T06:51:49","date_gmt":"2018-09-13T06:51:49","guid":{"rendered":"https:\/\/budoshop.si\/?product=usnjene-mma-in-grappling-rokavice-vale-tudo-novo"},"modified":"2026-02-06T08:40:02","modified_gmt":"2026-02-06T07:40:02","slug":"usnjene-mma-in-grappling-rokavice-vale-tudo-novo","status":"publish","type":"product","link":"https:\/\/www.budoshop.si\/sl\/izdelek\/usnjene-mma-in-grappling-rokavice-vale-tudo-novo\/","title":{"rendered":"Usnjene MMA in grappling rokavice &#8221;VALE TUDO&#8221;"},"content":{"rendered":"<div style=\"text-align: justify;\">\n<div style=\"text-align: justify;\">\n<p><span style=\"font-size: 15px; color: #993300;\">Te profesionalne usnjene MMA<span class=\"HwtZe\" lang=\"sl\"><span class=\"jCAhz ChMk0b\"><span class=\"ryNqvb\">\u00a0rokavice iz govejega usnja so zelo vzdr\u017eljive in izpolnjujejo visoke zahteve me\u0161anih borilnih ve\u0161\u010din glede kakovosti, prileganja in varnosti.<\/span><\/span> <span class=\"jCAhz ChMk0b\"><span class=\"ryNqvb\"> Odprta zasnova dlani omogo\u010da optimalno izvajanje tehnik prijema med grapplingom ali MMA borbami.<\/span><\/span> <span class=\"jCAhz ChMk0b\"><span class=\"ryNqvb\"> Podloga na hrbtni strani te vzdr\u017eljive usnjene rokavice MMA absorbira mo\u010dne udarce in \u0161\u010diti \u010dlenke pred po\u0161kodbami.<\/span><\/span>\u00a0<\/span> Zapenjanje z usnjenim trakom okrog zapestja in pritrditvijo z je\u017ekom kar omogo\u010da odli\u010den oprijem in enostavno ter hitro natikanje in snemanje. Material omogo\u010da enostavno \u010di\u0161\u010denje.<\/span><\/p>\n<p><span style=\"font-size: 15px; color: #993300;\">\u010crne barve.<\/span><\/p>\n<p><span style=\"color: #993300; font-size: 15px;\">Velikosti: S \/M &#8211; L \/XL.<\/span><\/p>\n<p>&nbsp;<\/p>\n<\/div>\n<\/div>\n","protected":false},"excerpt":{"rendered":"<p><span style=\"color: #003366;\"><strong>Usnjene MMA in GRAPPLING rokavice s prostimi prsti.<\/strong><\/span><\/p>\n","protected":false},"featured_media":121183,"comment_status":"open","ping_status":"closed","template":"","meta":[],"product_brand":[5596],"product_cat":[1043,819,983,1061],"product_tag":[],"class_list":{"0":"post-66979","1":"product","2":"type-product","3":"status-publish","4":"has-post-thumbnail","6":"product_brand-kwon","7":"product_cat-boks-kickbox-tajski-boks-mma","8":"product_cat-grappling-in-mma-rokavice","9":"product_cat-kwon-3","10":"product_cat-kwon-5","11":"pa_velikost-lxl-sl-2","12":"pa_velikost-sm-sl-2","14":"first","15":"instock","16":"taxable","17":"shipping-taxable","18":"purchasable","19":"product-type-variable"},"_links":{"self":[{"href":"https:\/\/www.budoshop.si\/sl\/wp-json\/wp\/v2\/product\/66979","targetHints":{"allow":["GET"]}}],"collection":[{"href":"https:\/\/www.budoshop.si\/sl\/wp-json\/wp\/v2\/product"}],"about":[{"href":"https:\/\/www.budoshop.si\/sl\/wp-json\/wp\/v2\/types\/product"}],"replies":[{"embeddable":true,"href":"https:\/\/www.budoshop.si\/sl\/wp-json\/wp\/v2\/comments?post=66979"}],"wp:featuredmedia":[{"embeddable":true,"href":"https:\/\/www.budoshop.si\/sl\/wp-json\/wp\/v2\/media\/121183"}],"wp:attachment":[{"href":"https:\/\/www.budoshop.si\/sl\/wp-json\/wp\/v2\/media?parent=66979"}],"wp:term":[{"taxonomy":"product_brand","embeddable":true,"href":"https:\/\/www.budoshop.si\/sl\/wp-json\/wp\/v2\/product_brand?post=66979"},{"taxonomy":"product_cat","embeddable":true,"href":"https:\/\/www.budoshop.si\/sl\/wp-json\/wp\/v2\/product_cat?post=66979"},{"taxonomy":"product_tag","embeddable":true,"href":"https:\/\/www.budoshop.si\/sl\/wp-json\/wp\/v2\/product_tag?post=66979"}],"curies":[{"name":"wp","href":"https:\/\/api.w.org\/{rel}","templated":true}]}}