{"id":66923,"date":"2018-09-13T06:51:49","date_gmt":"2018-09-13T04:51:49","guid":{"rendered":"https:\/\/budoshop.si\/?product=personalizirano-vezenje-na-pas-za-borilne-vescine"},"modified":"2023-09-25T08:58:34","modified_gmt":"2023-09-25T06:58:34","slug":"personalizirano-vezenje-na-pas-za-borilne-vescine","status":"publish","type":"product","link":"https:\/\/www.budoshop.si\/sl\/izdelek\/personalizirano-vezenje-na-pas-za-borilne-vescine\/","title":{"rendered":"Personalizirano vezenje na pas za borilne ve\u0161\u010dine"},"content":{"rendered":"<div style=\"text-align: justify;\">\n<p><span style=\"font-size: 15px; color: #993300;\">Na vse pasove za borilne ve\u0161\u010dine iz na\u0161e ponudbe vam nudimo mo\u017enost kvalitetnega vezenega napisa.<br \/>\nIzvezemo lahko va\u0161e ime, priimek, ve\u0161\u010dino, ime Dojo-a oz. \u0161ole (Ryu-ha) ali drugih simbolov z na\u0161imi \u010drkami ali japonskimi Kanji pismenkami.<\/span><\/p>\n<p><span style=\"font-size: 15px; color: #993300;\">Vezemo ve\u0161\u010dine in simbole kot so: <\/span><br \/>\n<span style=\"font-size: 15px; color: #993300;\">BUDO, KARATE, KARATE-DO, SHOTOKAN, SHORIN RYU, WADO RYU, SHITO RYU, GOJU RYU, SANKUKAI, JUDO, KODOKAN, JU JITSU, JUDO, AIKIDO, KENDO, KUNG FU, TAEKWONDO, NIN, NINJUTSU, BUJINKAN &#8230;<\/span><\/p>\n<p><span style=\"color: #993300; font-size: 15px;\">Prav tako je mo\u017enost vezenja v razli\u010dnih barvah (bela, rumena, oran\u017ena, rde\u010da, zelena, modra, \u010drna, srebrna, zlata &#8230;). <\/span><\/p>\n<p><span style=\"color: #993300; font-size: 15px;\"><strong>Cena je za vezenje ene strani<\/strong>.<\/span><\/p>\n<\/div>\n<div style=\"text-align: justify;\">\n<p><span style=\"color: #993300; font-size: 15px;\">Naro\u010denih pasov ni mo\u010d zamenjati in morajo biti v celoti vpla\u010dani v naprej.<\/span><\/p>\n<p><span style=\"color: #993300; font-size: 15px;\">Vezenje se izvaja po naro\u010dilu! Za naro\u010dilo pokli\u010dite na telefon: <strong>01 \/ 42 73 707<\/strong> ali pi\u0161ite na <strong>info@budoshop.si<\/strong>.<\/span><\/p>\n<p>&nbsp;<\/p>\n<\/div>\n","protected":false},"excerpt":{"rendered":"<p><span style=\"color: #002060;\"><strong>Nudimo vam mo\u017enost vezenega napisa na pri nas kupljene pasove za borilne ve\u0161\u010dine.<\/strong><\/span><\/p>\n","protected":false},"featured_media":66925,"comment_status":"open","ping_status":"closed","template":"","meta":[],"product_brand":[],"product_cat":[1035,859,1033,1031,1029,861,1037,1039],"product_tag":[],"class_list":{"0":"post-66923","1":"product","2":"type-product","3":"status-publish","4":"has-post-thumbnail","6":"product_cat-aikido-kendo-iai-kobudo-1","7":"product_cat-barvni-pasovi","8":"product_cat-ju-jitsujiu-jitsu-1","9":"product_cat-judo-1","10":"product_cat-karate-5","11":"product_cat-mojstrski-pasovi","12":"product_cat-ninjutsu-3","13":"product_cat-taekwondo-3","15":"first","16":"instock","17":"taxable","18":"shipping-taxable","19":"purchasable","20":"product-type-simple"},"_links":{"self":[{"href":"https:\/\/www.budoshop.si\/sl\/wp-json\/wp\/v2\/product\/66923","targetHints":{"allow":["GET"]}}],"collection":[{"href":"https:\/\/www.budoshop.si\/sl\/wp-json\/wp\/v2\/product"}],"about":[{"href":"https:\/\/www.budoshop.si\/sl\/wp-json\/wp\/v2\/types\/product"}],"replies":[{"embeddable":true,"href":"https:\/\/www.budoshop.si\/sl\/wp-json\/wp\/v2\/comments?post=66923"}],"wp:featuredmedia":[{"embeddable":true,"href":"https:\/\/www.budoshop.si\/sl\/wp-json\/wp\/v2\/media\/66925"}],"wp:attachment":[{"href":"https:\/\/www.budoshop.si\/sl\/wp-json\/wp\/v2\/media?parent=66923"}],"wp:term":[{"taxonomy":"product_brand","embeddable":true,"href":"https:\/\/www.budoshop.si\/sl\/wp-json\/wp\/v2\/product_brand?post=66923"},{"taxonomy":"product_cat","embeddable":true,"href":"https:\/\/www.budoshop.si\/sl\/wp-json\/wp\/v2\/product_cat?post=66923"},{"taxonomy":"product_tag","embeddable":true,"href":"https:\/\/www.budoshop.si\/sl\/wp-json\/wp\/v2\/product_tag?post=66923"}],"curies":[{"name":"wp","href":"https:\/\/api.w.org\/{rel}","templated":true}]}}