{"id":66891,"date":"2018-09-13T06:51:49","date_gmt":"2018-09-13T06:51:49","guid":{"rendered":"https:\/\/budoshop.si\/?product=karate-judo-jujitsu-taekwondo-crn-pas-obi-sensei-saten"},"modified":"2026-04-07T12:05:49","modified_gmt":"2026-04-07T10:05:49","slug":"karate-judo-jujitsu-taekwondo-crn-pas-obi-sensei-saten","status":"publish","type":"product","link":"https:\/\/www.budoshop.si\/sl\/izdelek\/karate-judo-jujitsu-taekwondo-crn-pas-obi-sensei-saten\/","title":{"rendered":"Karate \/ Judo \/ Jujitsu \/ Taekwondo \u010drn pas &#8221;Obi SENSEI&#8221; saten &#8211; V AKCIJI!!!"},"content":{"rendered":"<div style=\"text-align: justify;\">\n<p><span style=\"color: #993300; font-size: 15px;\">Visoko kvaliteten mo\u010dan mojstrski \u010drn pas za borilne ve\u0161\u010dine japonske kvalitete. Narejen je iz 100% poliestra, kar daje pasu lep svilenast sijaj. \u0160irok je 5 cm in kar 11 krat pre\u0161it, kar daje pasu mo\u010dno trdnost in s tem obstojnost ter kvaliteto, katera se ne uni\u010di niti s pranjem. <\/span><\/p>\n<p><span style=\"color: #993300; font-size: 15px;\">Dol\u017eine: 260 \u2013 280 &#8211; 300 &#8211; 330 &#8211; 350 cm.<\/span><\/p>\n<\/div>\n","protected":false},"excerpt":{"rendered":"<p><span style=\"color: #003366;\"><strong>Kvalitetnej\u0161i 5 cm \u0161irok satenast \u010drn pas za borilne ve\u0161\u010dine.<\/strong><\/span><\/p>\n","protected":false},"featured_media":66893,"comment_status":"open","ping_status":"closed","template":"","meta":[],"product_brand":[5607],"product_cat":[1027,1035,1033,1031,1029,1037,1039,861,985,1063],"product_tag":[],"class_list":{"0":"post-66891","1":"product","2":"type-product","3":"status-publish","4":"has-post-thumbnail","6":"product_brand-danhro","7":"product_cat-v-akciji-2","8":"product_cat-aikido-kendo-iai-kobudo-1","9":"product_cat-ju-jitsujiu-jitsu-1","10":"product_cat-judo-1","11":"product_cat-karate-5","12":"product_cat-ninjutsu-3","13":"product_cat-taekwondo-3","14":"product_cat-mojstrski-pasovi","15":"product_cat-danrho-1","16":"product_cat-danhro-1","17":"pa_dolzina-260-cm-sl","18":"pa_dolzina-280-cm-sl","19":"pa_dolzina-300-cm-sl","20":"pa_dolzina-330-cm-sl","21":"pa_dolzina-350-cm-sl","23":"first","24":"instock","25":"sale","26":"taxable","27":"shipping-taxable","28":"purchasable","29":"product-type-variable"},"_links":{"self":[{"href":"https:\/\/www.budoshop.si\/sl\/wp-json\/wp\/v2\/product\/66891","targetHints":{"allow":["GET"]}}],"collection":[{"href":"https:\/\/www.budoshop.si\/sl\/wp-json\/wp\/v2\/product"}],"about":[{"href":"https:\/\/www.budoshop.si\/sl\/wp-json\/wp\/v2\/types\/product"}],"replies":[{"embeddable":true,"href":"https:\/\/www.budoshop.si\/sl\/wp-json\/wp\/v2\/comments?post=66891"}],"wp:featuredmedia":[{"embeddable":true,"href":"https:\/\/www.budoshop.si\/sl\/wp-json\/wp\/v2\/media\/66893"}],"wp:attachment":[{"href":"https:\/\/www.budoshop.si\/sl\/wp-json\/wp\/v2\/media?parent=66891"}],"wp:term":[{"taxonomy":"product_brand","embeddable":true,"href":"https:\/\/www.budoshop.si\/sl\/wp-json\/wp\/v2\/product_brand?post=66891"},{"taxonomy":"product_cat","embeddable":true,"href":"https:\/\/www.budoshop.si\/sl\/wp-json\/wp\/v2\/product_cat?post=66891"},{"taxonomy":"product_tag","embeddable":true,"href":"https:\/\/www.budoshop.si\/sl\/wp-json\/wp\/v2\/product_tag?post=66891"}],"curies":[{"name":"wp","href":"https:\/\/api.w.org\/{rel}","templated":true}]}}