{"id":66837,"date":"2018-09-13T06:51:49","date_gmt":"2018-09-13T04:51:49","guid":{"rendered":"https:\/\/budoshop.si\/?product=zakladnica-kitajske-modrosti"},"modified":"2024-02-13T12:09:05","modified_gmt":"2024-02-13T11:09:05","slug":"zakladnica-kitajske-modrosti","status":"publish","type":"product","link":"https:\/\/www.budoshop.si\/sl\/izdelek\/zakladnica-kitajske-modrosti\/","title":{"rendered":"ZAKLADNICA KITAJSKE MODROSTI"},"content":{"rendered":"<div style=\"text-align: justify;\">\n<p><span style=\"font-size: 15px; color: #993300;\">Zakladnica kitajske modrosti je vir davne in ve\u010dne modrosti. Izbrane misli izvirajo iz klasi\u010dnega kitajskega u\u010denja: Knjige sprememb (I \u010ding), Meditacij Kung Fu, Umetnosti vojne, del Lao Ceja, \u010duang Ceja in drugih taoisti\u010dnih modrecev, Konfucija, Mencija in ponarodelih ljudskih pregovorov. <\/span><\/p>\n<p><span style=\"font-size: 15px; color: #993300;\">Kot prakti\u010den narod z visoko razvito dru\u017ebeno zavestjo so se Kitajci v filozofiji ukvarjali z dru\u017ebenim \u017eivljenjem, \u010dlove\u0161kimi odnosi, naravnimi vrednotami in oblikami vladanja. Obenem pa zna\u010daj Kitajcev vsebuje tudi misti\u010dni vidik, ki te\u017ei k preseganju dru\u017ebe in vsakdanjega \u017eivljenja ter doseganju vi\u0161je ravni zavesti. To je raven modreca, tega kitajskega ideala razsvetljenega \u010dloveka, ki je dosegel misti\u010dno zdru\u017eitev z vesoljem. Kitajski modrec zdru\u017euje v sebi obe dopolnjujo\u010di se strani \u010dlove\u0161ke narave \u2013 intuitivno modrost in prakti\u010dno znanje, kontemplacijo in delovanje v dru\u017ebi.<\/span><\/p>\n<p><span style=\"font-size: 15px; color: #993300;\">155 strani, ve\u010d slik in simbolov<\/span><\/p>\n<\/div>\n","protected":false},"excerpt":{"rendered":"<p><span style=\"color: #002060;\"><strong>Avtor: Peter AMALIETTI<\/strong><\/span><\/p>\n","protected":false},"featured_media":66839,"comment_status":"open","ping_status":"closed","template":"","meta":[],"product_brand":[],"product_cat":[1035,1043,1033,1031,1029,777,1037,1039,1041],"product_tag":[],"class_list":{"0":"post-66837","1":"product","2":"type-product","3":"status-publish","4":"has-post-thumbnail","6":"product_cat-aikido-kendo-iai-kobudo-1","7":"product_cat-boks-kickbox-tajski-boks-mma","8":"product_cat-ju-jitsujiu-jitsu-1","9":"product_cat-judo-1","10":"product_cat-karate-5","11":"product_cat-knjige-v-slovenscini","12":"product_cat-ninjutsu-3","13":"product_cat-taekwondo-3","14":"product_cat-tai-chi-kunf-fu-wu-shu-1","16":"first","17":"instock","18":"taxable","19":"shipping-taxable","20":"purchasable","21":"product-type-simple"},"_links":{"self":[{"href":"https:\/\/www.budoshop.si\/sl\/wp-json\/wp\/v2\/product\/66837","targetHints":{"allow":["GET"]}}],"collection":[{"href":"https:\/\/www.budoshop.si\/sl\/wp-json\/wp\/v2\/product"}],"about":[{"href":"https:\/\/www.budoshop.si\/sl\/wp-json\/wp\/v2\/types\/product"}],"replies":[{"embeddable":true,"href":"https:\/\/www.budoshop.si\/sl\/wp-json\/wp\/v2\/comments?post=66837"}],"wp:featuredmedia":[{"embeddable":true,"href":"https:\/\/www.budoshop.si\/sl\/wp-json\/wp\/v2\/media\/66839"}],"wp:attachment":[{"href":"https:\/\/www.budoshop.si\/sl\/wp-json\/wp\/v2\/media?parent=66837"}],"wp:term":[{"taxonomy":"product_brand","embeddable":true,"href":"https:\/\/www.budoshop.si\/sl\/wp-json\/wp\/v2\/product_brand?post=66837"},{"taxonomy":"product_cat","embeddable":true,"href":"https:\/\/www.budoshop.si\/sl\/wp-json\/wp\/v2\/product_cat?post=66837"},{"taxonomy":"product_tag","embeddable":true,"href":"https:\/\/www.budoshop.si\/sl\/wp-json\/wp\/v2\/product_tag?post=66837"}],"curies":[{"name":"wp","href":"https:\/\/api.w.org\/{rel}","templated":true}]}}