{"id":66821,"date":"2018-09-13T06:51:49","date_gmt":"2018-09-13T04:51:49","guid":{"rendered":"https:\/\/budoshop.si\/?product=samostojeca-boksarska-vreca"},"modified":"2024-09-20T09:05:11","modified_gmt":"2024-09-20T07:05:11","slug":"samostojeca-boksarska-vreca","status":"publish","type":"product","link":"https:\/\/www.budoshop.si\/sl\/izdelek\/samostojeca-boksarska-vreca\/","title":{"rendered":"Samostoje\u010da boksarska vre\u010da"},"content":{"rendered":"<div style=\"text-align: justify;\">\n<p><span style=\"color: #993300; font-size: 15px;\">Cca. 65 cm velika cilindri\u010dno oblikovana udarna povr\u0161ina je narejena iz zelo odporne posebne poliuretanske pene in oble\u010dena v trpe\u017eno umetno usnje. Nataknjena je na \u010drn podstavek, ki se ga napolni z vodo, peskom ali mivko, kar zagotavlja dobro stabilnost tudi pri mo\u010dnej\u0161ih udarcih z roko ali nogo (vanj gre okoli 110 l vode oz. 120 kg peska) z oja\u010danim vzmetnim stebrom za bolj\u0161o fleksibilnost.<br \/>\nTa samostoje\u010da vre\u010da je nastavljiva na tri vi\u0161ine; 155, 165 in 180 cm. Primerna tako za otroke kot odrasle.<br \/>\nPrimerno za treninge boksa, kickboxa, karateja in drugih borilnih \u0161portov.<\/span><\/p>\n<p><span style=\"color: #993300; font-size: 15px;\">Samostoje\u010de boksarske vre\u010de so primerne za vse prostore kjer je vise\u010de vre\u010de te\u017eko montirati in \u0161e posebno primerne za dom, \u0161ole, fitnes centre in podobno.<\/span><\/p>\n<p><span style=\"color: #993300; font-size: 15px;\">Te\u017ea:<\/span><br \/>\n<span style=\"color: #993300; font-size: 15px;\">Prazen: cca. 15kg<\/span><br \/>\n<span style=\"color: #993300; font-size: 15px;\">Polnjen z vodo: cca. 125kg<\/span><br \/>\n<span style=\"color: #993300; font-size: 15px;\">Polnjen s peskom: cca. 135kg<\/span><\/p>\n<\/div>\n<p><span style=\"font-size: x-small; color: #993300;\">\u00a0<\/span><\/p>\n<p><span style=\"font-size: x-small; color: #993300;\">Opomba: Samostoje\u010de vre\u010de niso namenjene najmo\u010dnej\u0161im udarcem z roko in nogo zato za tak\u0161ne vrste treninga priporo\u010damo nakup vise\u010de boksarske vre\u010de.<\/span><\/p>\n<p><span style=\"font-size: x-small; color: #993300;\">Dostava se zara\u010duna po ceniku dostavne slu\u017ebe!<\/span><\/p>\n<div style=\"text-align: justify;\"><\/div>\n","protected":false},"excerpt":{"rendered":"<p><span style=\"color: #002060;\"><strong>Nastavjiva samostoje\u010da boksarska vre\u010da s cca. 65 cm veliko udarno povr\u0161ino.<\/strong><\/span><\/p>\n","protected":false},"featured_media":112338,"comment_status":"open","ping_status":"closed","template":"","meta":[],"product_brand":[],"product_cat":[1043,1033,1029,1039,1041,867,1083,1075],"product_tag":[],"class_list":{"0":"post-66821","1":"product","2":"type-product","3":"status-publish","4":"has-post-thumbnail","6":"product_cat-boks-kickbox-tajski-boks-mma","7":"product_cat-ju-jitsujiu-jitsu-1","8":"product_cat-karate-5","9":"product_cat-taekwondo-3","10":"product_cat-tai-chi-kunf-fu-wu-shu-1","11":"product_cat-samostojece-vrece","12":"product_cat-pride-3","13":"product_cat-pride-1","15":"first","16":"instock","17":"taxable","18":"shipping-taxable","19":"purchasable","20":"product-type-simple"},"_links":{"self":[{"href":"https:\/\/www.budoshop.si\/sl\/wp-json\/wp\/v2\/product\/66821","targetHints":{"allow":["GET"]}}],"collection":[{"href":"https:\/\/www.budoshop.si\/sl\/wp-json\/wp\/v2\/product"}],"about":[{"href":"https:\/\/www.budoshop.si\/sl\/wp-json\/wp\/v2\/types\/product"}],"replies":[{"embeddable":true,"href":"https:\/\/www.budoshop.si\/sl\/wp-json\/wp\/v2\/comments?post=66821"}],"wp:featuredmedia":[{"embeddable":true,"href":"https:\/\/www.budoshop.si\/sl\/wp-json\/wp\/v2\/media\/112338"}],"wp:attachment":[{"href":"https:\/\/www.budoshop.si\/sl\/wp-json\/wp\/v2\/media?parent=66821"}],"wp:term":[{"taxonomy":"product_brand","embeddable":true,"href":"https:\/\/www.budoshop.si\/sl\/wp-json\/wp\/v2\/product_brand?post=66821"},{"taxonomy":"product_cat","embeddable":true,"href":"https:\/\/www.budoshop.si\/sl\/wp-json\/wp\/v2\/product_cat?post=66821"},{"taxonomy":"product_tag","embeddable":true,"href":"https:\/\/www.budoshop.si\/sl\/wp-json\/wp\/v2\/product_tag?post=66821"}],"curies":[{"name":"wp","href":"https:\/\/api.w.org\/{rel}","templated":true}]}}