{"id":66807,"date":"2018-09-13T06:51:49","date_gmt":"2018-09-13T06:51:49","guid":{"rendered":"https:\/\/budoshop.si\/?product=kovinski-raztegovalec-za-noge"},"modified":"2024-11-11T08:33:13","modified_gmt":"2024-11-11T07:33:13","slug":"kovinski-raztegovalec-za-noge","status":"publish","type":"product","link":"https:\/\/www.budoshop.si\/sl\/izdelek\/kovinski-raztegovalec-za-noge\/","title":{"rendered":"Kovinski raztegovalec za noge"},"content":{"rendered":"<div style=\"text-align: justify;\">\n<p><span style=\"color: #993300; font-size: 15px;\">Kovinski raztegovalec za noge, ki nudi hitro in uspe\u0161no razgibanost no\u017enih mi\u0161ic. Sestavljen je iz dveh cca. 104 cm dolgih stranskih krakov in nastavljive cca. 72 cm dolge sredinske ro\u010dke. Deluje po principu &#8216;vle\u010denja&#8217;, kar pomeni, da v stranska kraka upremo noge, potem pa vle\u010demo k sebi sredinski del naprave in s tem \u0161irimo noge. Za ve\u010dje ugodje, sta kraka kamor upremo noge in ro\u010dka oblazinjeni, da ne \u017eulijo in zagotavljajo dober oprijem.<\/span><\/p>\n<p><span style=\"font-size: 15px; color: #993300;\">Modre barve.<\/span><\/p>\n<\/div>\n","protected":false},"excerpt":{"rendered":"<p><span style=\"color: #002060;\"><strong>Tridelni pripomo\u010dek za pro\u017enost nog.<br \/>\n<\/strong><\/span><\/p>\n","protected":false},"featured_media":109022,"comment_status":"open","ping_status":"closed","template":"","meta":[],"product_brand":[],"product_cat":[1043,1033,1029,1037,1131,1039,1041],"product_tag":[],"class_list":{"0":"post-66807","1":"product","2":"type-product","3":"status-publish","4":"has-post-thumbnail","6":"product_cat-boks-kickbox-tajski-boks-mma","7":"product_cat-ju-jitsujiu-jitsu-1","8":"product_cat-karate-5","9":"product_cat-ninjutsu-3","10":"product_cat-pripomocki-za-raztezanje","11":"product_cat-taekwondo-3","12":"product_cat-tai-chi-kunf-fu-wu-shu-1","14":"first","15":"instock","16":"taxable","17":"shipping-taxable","18":"purchasable","19":"product-type-simple"},"_links":{"self":[{"href":"https:\/\/www.budoshop.si\/sl\/wp-json\/wp\/v2\/product\/66807","targetHints":{"allow":["GET"]}}],"collection":[{"href":"https:\/\/www.budoshop.si\/sl\/wp-json\/wp\/v2\/product"}],"about":[{"href":"https:\/\/www.budoshop.si\/sl\/wp-json\/wp\/v2\/types\/product"}],"replies":[{"embeddable":true,"href":"https:\/\/www.budoshop.si\/sl\/wp-json\/wp\/v2\/comments?post=66807"}],"wp:featuredmedia":[{"embeddable":true,"href":"https:\/\/www.budoshop.si\/sl\/wp-json\/wp\/v2\/media\/109022"}],"wp:attachment":[{"href":"https:\/\/www.budoshop.si\/sl\/wp-json\/wp\/v2\/media?parent=66807"}],"wp:term":[{"taxonomy":"product_brand","embeddable":true,"href":"https:\/\/www.budoshop.si\/sl\/wp-json\/wp\/v2\/product_brand?post=66807"},{"taxonomy":"product_cat","embeddable":true,"href":"https:\/\/www.budoshop.si\/sl\/wp-json\/wp\/v2\/product_cat?post=66807"},{"taxonomy":"product_tag","embeddable":true,"href":"https:\/\/www.budoshop.si\/sl\/wp-json\/wp\/v2\/product_tag?post=66807"}],"curies":[{"name":"wp","href":"https:\/\/api.w.org\/{rel}","templated":true}]}}