{"id":66801,"date":"2018-09-13T06:51:49","date_gmt":"2018-09-13T06:51:49","guid":{"rendered":"https:\/\/budoshop.si\/?product=oblazinjen-fokuser-scit-mali"},"modified":"2025-02-19T10:39:40","modified_gmt":"2025-02-19T09:39:40","slug":"oblazinjen-fokuser-scit-mali","status":"publish","type":"product","link":"https:\/\/www.budoshop.si\/sl\/izdelek\/oblazinjen-fokuser-scit-mali\/","title":{"rendered":"Oblazinjen fokuser \u0161\u010dit &#8221;MALI&#8221;"},"content":{"rendered":"<div style=\"text-align: justify;\"><span style=\"color: #993300; font-size: 15px;\">Oblazinjen fokuser \u0161\u010dit za udarjanje narejen iz \u010dvrste pene, ki je oble\u010dena v umetno usnje \u010drne barve. Namenjen je utrjevanju mo\u010dnih no\u017enih in ro\u010dnih udarcev. Raven z ventilacijskimi odprtinami. Trije ro\u010di na zadnji strani, zagotavljajo dobro in stabilno dr\u017eanje ter razli\u010dne na\u010dine dr\u017eanja, da lahko ustreza \u010dim ve\u010djemu spektru udarcev. Izredno lahek in primeren tudi za otroke.<\/span><\/div>\n<div style=\"text-align: justify;\">\n<p><span style=\"color: #993300; font-size: 15px;\">Namenjen treningu Thai Bbox-a, Kick box-a, Taekwondo-ja, Karate-ja, proste borbe in drugih kontaktnih ve\u0161\u010din in \u0161portov. <\/span><\/p>\n<p><span style=\"font-size: 15px; color: #993300;\">Dimenzije: cca. 48 cm X 30 cm X 10 cm.<\/span><\/p>\n<\/div>\n","protected":false},"excerpt":{"rendered":"<p><span style=\"color: #002060;\"><strong>Oblazinjen fokuser \u0161\u010dit dimenzij: 48 cm X 30 cm X 10 cm.<\/strong><\/span><\/p>\n","protected":false},"featured_media":117674,"comment_status":"open","ping_status":"closed","template":"","meta":[],"product_brand":[5595],"product_cat":[1043,755,1033,5405,5406,1029,1039,1041],"product_tag":[],"class_list":{"0":"post-66801","1":"product","2":"type-product","3":"status-publish","4":"has-post-thumbnail","6":"product_brand-ju-sports","7":"product_cat-boks-kickbox-tajski-boks-mma","8":"product_cat-fokuserji-in-oblazinjeni-scit","9":"product_cat-ju-jitsujiu-jitsu-1","10":"product_cat-ju-sports","11":"product_cat-ju-sports-2","12":"product_cat-karate-5","13":"product_cat-taekwondo-3","14":"product_cat-tai-chi-kunf-fu-wu-shu-1","16":"first","17":"instock","18":"taxable","19":"shipping-taxable","20":"purchasable","21":"product-type-simple"},"_links":{"self":[{"href":"https:\/\/www.budoshop.si\/sl\/wp-json\/wp\/v2\/product\/66801","targetHints":{"allow":["GET"]}}],"collection":[{"href":"https:\/\/www.budoshop.si\/sl\/wp-json\/wp\/v2\/product"}],"about":[{"href":"https:\/\/www.budoshop.si\/sl\/wp-json\/wp\/v2\/types\/product"}],"replies":[{"embeddable":true,"href":"https:\/\/www.budoshop.si\/sl\/wp-json\/wp\/v2\/comments?post=66801"}],"wp:featuredmedia":[{"embeddable":true,"href":"https:\/\/www.budoshop.si\/sl\/wp-json\/wp\/v2\/media\/117674"}],"wp:attachment":[{"href":"https:\/\/www.budoshop.si\/sl\/wp-json\/wp\/v2\/media?parent=66801"}],"wp:term":[{"taxonomy":"product_brand","embeddable":true,"href":"https:\/\/www.budoshop.si\/sl\/wp-json\/wp\/v2\/product_brand?post=66801"},{"taxonomy":"product_cat","embeddable":true,"href":"https:\/\/www.budoshop.si\/sl\/wp-json\/wp\/v2\/product_cat?post=66801"},{"taxonomy":"product_tag","embeddable":true,"href":"https:\/\/www.budoshop.si\/sl\/wp-json\/wp\/v2\/product_tag?post=66801"}],"curies":[{"name":"wp","href":"https:\/\/api.w.org\/{rel}","templated":true}]}}