{"id":66797,"date":"2018-09-13T06:51:49","date_gmt":"2018-09-13T06:51:49","guid":{"rendered":"https:\/\/budoshop.si\/?product=zidna-makiwara-za-udarjanje-black-dragon"},"modified":"2026-03-30T10:54:50","modified_gmt":"2026-03-30T08:54:50","slug":"zidna-makiwara-za-udarjanje-black-dragon","status":"publish","type":"product","link":"https:\/\/www.budoshop.si\/sl\/izdelek\/zidna-makiwara-za-udarjanje-black-dragon\/","title":{"rendered":"Zidna Makiwara za udarjanje &#8221;BLACK DRAGON&#8221;"},"content":{"rendered":"<div style=\"text-align: justify;\">\n<p><span style=\"color: #c00000; font-size: 15px;\">\u0160ir\u0161i model vzmetne zidne MAKIWARE (deska za udarjanje), ki je namenjena utrjevanju in natan\u010dnemu treningu ro\u010dnih in no\u017enih udarcev. Cca. 30 cm dolga in 15 cm \u0161iroka obloga je ovita v trpe\u017eno usnje \u010drne barve in postavljena na leseno stojalo naravne barve. Stojalo je opremljeno z vzmetjo, ki bla\u017ei udarce, na steno pa se pritrdi s tremi zati\u010di. Za dekoracijo je Makiwara opremljena \u0161e motivom zmaja. <\/span><\/p>\n<p><span style=\"color: #c00000; font-size: 15px;\">Dimenzije:<br \/>\nDol\u017eina: cca. 30 cm<br \/>\n\u0160irina: cca. 15 cm<br \/>\nDebelina: cca. 7 cm<\/span><\/p>\n<\/div>\n","protected":false},"excerpt":{"rendered":"<p><span style=\"color: #002060;\"><strong>Velika zidna usnjena vzmetna Makiwara deska za udarjanje.<\/strong><\/span><\/p>\n","protected":false},"featured_media":66799,"comment_status":"open","ping_status":"closed","template":"","meta":[],"product_brand":[5596],"product_cat":[1035,1043,1033,1029,749,1037,1039,1041],"product_tag":[],"class_list":{"0":"post-66797","1":"product","2":"type-product","3":"status-publish","4":"has-post-thumbnail","6":"product_brand-kwon","7":"product_cat-aikido-kendo-iai-kobudo-1","8":"product_cat-boks-kickbox-tajski-boks-mma","9":"product_cat-ju-jitsujiu-jitsu-1","10":"product_cat-karate-5","11":"product_cat-makiware-1","12":"product_cat-ninjutsu-3","13":"product_cat-taekwondo-3","14":"product_cat-tai-chi-kunf-fu-wu-shu-1","16":"first","17":"instock","18":"taxable","19":"shipping-taxable","20":"purchasable","21":"product-type-simple"},"_links":{"self":[{"href":"https:\/\/www.budoshop.si\/sl\/wp-json\/wp\/v2\/product\/66797","targetHints":{"allow":["GET"]}}],"collection":[{"href":"https:\/\/www.budoshop.si\/sl\/wp-json\/wp\/v2\/product"}],"about":[{"href":"https:\/\/www.budoshop.si\/sl\/wp-json\/wp\/v2\/types\/product"}],"replies":[{"embeddable":true,"href":"https:\/\/www.budoshop.si\/sl\/wp-json\/wp\/v2\/comments?post=66797"}],"wp:featuredmedia":[{"embeddable":true,"href":"https:\/\/www.budoshop.si\/sl\/wp-json\/wp\/v2\/media\/66799"}],"wp:attachment":[{"href":"https:\/\/www.budoshop.si\/sl\/wp-json\/wp\/v2\/media?parent=66797"}],"wp:term":[{"taxonomy":"product_brand","embeddable":true,"href":"https:\/\/www.budoshop.si\/sl\/wp-json\/wp\/v2\/product_brand?post=66797"},{"taxonomy":"product_cat","embeddable":true,"href":"https:\/\/www.budoshop.si\/sl\/wp-json\/wp\/v2\/product_cat?post=66797"},{"taxonomy":"product_tag","embeddable":true,"href":"https:\/\/www.budoshop.si\/sl\/wp-json\/wp\/v2\/product_tag?post=66797"}],"curies":[{"name":"wp","href":"https:\/\/api.w.org\/{rel}","templated":true}]}}