{"id":66791,"date":"2018-09-13T06:51:49","date_gmt":"2018-09-13T06:51:49","guid":{"rendered":"https:\/\/budoshop.si\/?product=zidna-makiwara-za-udarjanje-black"},"modified":"2024-11-22T16:45:14","modified_gmt":"2024-11-22T15:45:14","slug":"zidna-makiwara-za-udarjanje-black","status":"publish","type":"product","link":"https:\/\/www.budoshop.si\/sl\/izdelek\/zidna-makiwara-za-udarjanje-black\/","title":{"rendered":"Zidna Makiwara za udarjanje &#8221;KARATE&#8221;"},"content":{"rendered":"<div style=\"text-align: justify;\">\n<p><span style=\"color: #993300; font-size: 15px;\">Vzmetna zidna Makiwara (deska za udarjanje), ki je namenjena utrjevanju in natan\u010dnemu treningu predvsem ro\u010dnih in tudi no\u017enih udarcev. Cca. 28 cm dolga in 7 cm \u0161iroka obloga je ovita v trpe\u017eno usnje \u010drne barve in postavljena na leseno stojalo naravne barve. Stojalo je opremljeno z vzmetjo, ki bla\u017ei udarce, na steno pa se pritrdi z dvema zati\u010dema. Za dekoracijo je Makiwara na zgornjem delu opremljena \u0161e z japonskim napisom Karate z japonskimi pismenkami. <\/span><\/p>\n<p><span style=\"font-size: 15px; color: #993300;\">Dimenzije:<br \/>\nDol\u017eina: cca. 28 cm<br \/>\n\u0160irina: cca. 7 cm<br \/>\nDebelina: cca 5 cm<\/span><\/p>\n<\/div>\n","protected":false},"excerpt":{"rendered":"<p><span style=\"color: #002060;\"><strong>Usnjena zidna vzmetna Makiwara deska za udarjanje.<\/strong><\/span><\/p>\n","protected":false},"featured_media":66793,"comment_status":"open","ping_status":"closed","template":"","meta":[],"product_brand":[5608],"product_cat":[1035,1043,1085,1087,1033,1029,749,1037,1039,1041],"product_tag":[],"class_list":{"0":"post-66791","1":"product","2":"type-product","3":"status-publish","4":"has-post-thumbnail","6":"product_brand-dax","7":"product_cat-aikido-kendo-iai-kobudo-1","8":"product_cat-boks-kickbox-tajski-boks-mma","9":"product_cat-dax-1","10":"product_cat-dax-3","11":"product_cat-ju-jitsujiu-jitsu-1","12":"product_cat-karate-5","13":"product_cat-makiware-1","14":"product_cat-ninjutsu-3","15":"product_cat-taekwondo-3","16":"product_cat-tai-chi-kunf-fu-wu-shu-1","18":"first","19":"instock","20":"taxable","21":"shipping-taxable","22":"purchasable","23":"product-type-simple"},"_links":{"self":[{"href":"https:\/\/www.budoshop.si\/sl\/wp-json\/wp\/v2\/product\/66791","targetHints":{"allow":["GET"]}}],"collection":[{"href":"https:\/\/www.budoshop.si\/sl\/wp-json\/wp\/v2\/product"}],"about":[{"href":"https:\/\/www.budoshop.si\/sl\/wp-json\/wp\/v2\/types\/product"}],"replies":[{"embeddable":true,"href":"https:\/\/www.budoshop.si\/sl\/wp-json\/wp\/v2\/comments?post=66791"}],"wp:featuredmedia":[{"embeddable":true,"href":"https:\/\/www.budoshop.si\/sl\/wp-json\/wp\/v2\/media\/66793"}],"wp:attachment":[{"href":"https:\/\/www.budoshop.si\/sl\/wp-json\/wp\/v2\/media?parent=66791"}],"wp:term":[{"taxonomy":"product_brand","embeddable":true,"href":"https:\/\/www.budoshop.si\/sl\/wp-json\/wp\/v2\/product_brand?post=66791"},{"taxonomy":"product_cat","embeddable":true,"href":"https:\/\/www.budoshop.si\/sl\/wp-json\/wp\/v2\/product_cat?post=66791"},{"taxonomy":"product_tag","embeddable":true,"href":"https:\/\/www.budoshop.si\/sl\/wp-json\/wp\/v2\/product_tag?post=66791"}],"curies":[{"name":"wp","href":"https:\/\/api.w.org\/{rel}","templated":true}]}}