{"id":66787,"date":"2018-09-13T06:51:49","date_gmt":"2018-09-13T06:51:49","guid":{"rendered":"https:\/\/budoshop.si\/?product=zidna-makiwara-za-udarjanje-dragon-big"},"modified":"2026-01-21T09:24:51","modified_gmt":"2026-01-21T08:24:51","slug":"zidna-makiwara-za-udarjanje-dragon-big","status":"publish","type":"product","link":"https:\/\/www.budoshop.si\/sl\/izdelek\/zidna-makiwara-za-udarjanje-dragon-big\/","title":{"rendered":"Zidna Makiwara za udarjanje &#8221;DRAGON BIG&#8221;"},"content":{"rendered":"<div style=\"text-align: justify;\">\n<p><span style=\"color: #993300; font-size: 15px;\">\u0160ir\u0161i model <span class=\"HwtZe\" lang=\"sl\"><span class=\"jCAhz ChMk0b\"><span class=\"ryNqvb\">tradicionalne Karate Makiware (oblo\u017eena deska za udarjanje). Ta Makiwara je napolnjena z gosto peno, odporno na udarce in prekrita z grobim in trpe\u017enim canvas platnom na katerem se nahaja motivo zmaja.<\/span><\/span> <span class=\"jCAhz ChMk0b\"><span class=\"ryNqvb\">Zasnovana za utrjevanje komolcev, stopal, \u010dlenkov in drugih udarnih povr\u0161in.<\/span><\/span> <span class=\"jCAhz\"><span class=\"ryNqvb\">Lahko se pritrdi na steno s kavlji za moznike.<\/span><\/span> <span class=\"jCAhz ChMk0b\"><span class=\"ryNqvb\">Primerno za Dojo in doma\u010do uporabo.<\/span><\/span><\/span><br \/>\nUdarna povr\u0161ina je dolga cca. 30 cm dolga, 23 cm \u0161iroka in 3,5 cm. Pritrjena je na leseno stojalo \u010drne barve, ki je iz zadnje strani opremljeno s \u0161tirimi luknjami s katerimi se Makiwaro trdno pritrdi na steno. <\/span><\/p>\n<p><span style=\"color: #993300; font-size: 15px;\">Dimenzije:<br \/>\nDol\u017eina: cca. 30 cm<br \/>\n\u0160irina: cca. 24 cm<br \/>\ndebelina: cca. 3,5 cm<br \/>\n<\/span><\/p>\n<\/div>\n","protected":false},"excerpt":{"rendered":"<p><span style=\"color: #002060;\"><strong>Velika tradicionalna Karate Makiwara deska za udarjanje.<\/strong><\/span><\/p>\n","protected":false},"featured_media":66789,"comment_status":"open","ping_status":"closed","template":"","meta":[],"product_brand":[5595],"product_cat":[1035,1043,1033,1029,1037,1039,1041,749,1087,1085],"product_tag":[],"class_list":{"0":"post-66787","1":"product","2":"type-product","3":"status-publish","4":"has-post-thumbnail","6":"product_brand-ju-sports","7":"product_cat-aikido-kendo-iai-kobudo-1","8":"product_cat-boks-kickbox-tajski-boks-mma","9":"product_cat-ju-jitsujiu-jitsu-1","10":"product_cat-karate-5","11":"product_cat-ninjutsu-3","12":"product_cat-taekwondo-3","13":"product_cat-tai-chi-kunf-fu-wu-shu-1","14":"product_cat-makiware-1","15":"product_cat-dax-3","16":"product_cat-dax-1","18":"first","19":"instock","20":"taxable","21":"shipping-taxable","22":"purchasable","23":"product-type-simple"},"_links":{"self":[{"href":"https:\/\/www.budoshop.si\/sl\/wp-json\/wp\/v2\/product\/66787","targetHints":{"allow":["GET"]}}],"collection":[{"href":"https:\/\/www.budoshop.si\/sl\/wp-json\/wp\/v2\/product"}],"about":[{"href":"https:\/\/www.budoshop.si\/sl\/wp-json\/wp\/v2\/types\/product"}],"replies":[{"embeddable":true,"href":"https:\/\/www.budoshop.si\/sl\/wp-json\/wp\/v2\/comments?post=66787"}],"wp:featuredmedia":[{"embeddable":true,"href":"https:\/\/www.budoshop.si\/sl\/wp-json\/wp\/v2\/media\/66789"}],"wp:attachment":[{"href":"https:\/\/www.budoshop.si\/sl\/wp-json\/wp\/v2\/media?parent=66787"}],"wp:term":[{"taxonomy":"product_brand","embeddable":true,"href":"https:\/\/www.budoshop.si\/sl\/wp-json\/wp\/v2\/product_brand?post=66787"},{"taxonomy":"product_cat","embeddable":true,"href":"https:\/\/www.budoshop.si\/sl\/wp-json\/wp\/v2\/product_cat?post=66787"},{"taxonomy":"product_tag","embeddable":true,"href":"https:\/\/www.budoshop.si\/sl\/wp-json\/wp\/v2\/product_tag?post=66787"}],"curies":[{"name":"wp","href":"https:\/\/api.w.org\/{rel}","templated":true}]}}