{"id":66775,"date":"2018-09-13T06:51:49","date_gmt":"2018-09-13T06:51:49","guid":{"rendered":"https:\/\/budoshop.si\/?product=metalni-noz-z-etuijem"},"modified":"2024-11-12T12:32:30","modified_gmt":"2024-11-12T11:32:30","slug":"metalni-noz-z-etuijem","status":"publish","type":"product","link":"https:\/\/www.budoshop.si\/sl\/izdelek\/metalni-noz-z-etuijem\/","title":{"rendered":"Metalni no\u017e z etuijem"},"content":{"rendered":"<div style=\"text-align: justify;\">\n<p><span class=\"HwtZe\" lang=\"en\" style=\"font-size: 15px; color: #993300;\"><span class=\"HwtZe\" lang=\"sl\"><span class=\"jCAhz ChMk0b\"><span class=\"ryNqvb\">No\u017e za metanje je v celoti izdelan iz enega kosa ogljikovega jekla.<\/span><\/span> Z luknjami v ro\u010daju za bolj\u0161o uravnote\u017eenost.<br \/>\n<span class=\"jCAhz ChMk0b\"><span class=\"ryNqvb\">A\u017eurni ro\u010daj je prevle\u010den s \u010drno barvo.<\/span><\/span> <span class=\"jCAhz ChMk0b\"><span class=\"ryNqvb\">Vklju\u010dno etuijem.<\/span><\/span><\/span><\/span><\/p>\n<p><span class=\"jCAhz ChMk0b\" style=\"color: #993300;\"><span class=\"ryNqvb\">Material rezila: ogljikovo jeklo<\/span><\/span><br \/>\n<span class=\"jCAhz ChMk0b\" style=\"color: #993300;\"><span class=\"ryNqvb\">Material ro\u010daja: ogljikovo jeklo<\/span><\/span><br \/>\n<span style=\"color: #993300;\">Etuij<span class=\"jCAhz ChMk0b\"><span class=\"ryNqvb\">: najlon<\/span><\/span><\/span><br \/>\n<span class=\"jCAhz ChMk0b\" style=\"color: #993300;\"><span class=\"ryNqvb\">Skupna dol\u017eina: 210 mm<\/span><\/span><br \/>\n<span class=\"jCAhz ChMk0b\" style=\"color: #993300;\"><span class=\"ryNqvb\">Te\u017ea: cca. 135 g<\/span><\/span><\/p>\n<\/div>\n<div style=\"text-align: justify;\"><\/div>\n<div style=\"text-align: justify;\">\n<p><span style=\"font-size: 11px; color: #993300;\">Opozorilo!<br \/>\n\u25ba Artikel je namenjen samo dekorativni uporabi oziroma osebnemu treningu borilnih ve\u0161\u010din.<br \/>\n\u25ba Po prodaji, prodajalec ni ve\u010d odgovoren za nikakr\u0161ne po\u0161kodbe, ki se lahko zgodijo zaradi napa\u010dne uporabe ali zanemarjanja teh opozoril. Novi lastnik prevzema popolno odgovornost za skrb in uporabo tega artikla.<br \/>\n\u25ba Vsakr\u0161na napa\u010dna uporaba ali nepazljivost lahko vam ali drugemu povzro\u010di resne po\u0161kodbe ali celo smrt!<br \/>\n\u25ba Ta artikel se v nobenem primeru ne sme uporabljati na drugi osebi!<\/span><\/p>\n<p>&nbsp;<\/p>\n<\/div>\n","protected":false},"excerpt":{"rendered":"<p><strong><span style=\"color: #003366;\">Kvaliteten metalni no\u017e z etuijem.<\/span><\/strong><\/p>\n","protected":false},"featured_media":110093,"comment_status":"open","ping_status":"closed","template":"","meta":[],"product_brand":[5610],"product_cat":[5374,5376,5369,847,1037,731],"product_tag":[],"class_list":{"0":"post-66775","1":"product","2":"type-product","3":"status-publish","4":"has-post-thumbnail","6":"product_brand-haller","7":"product_cat-haller-sl","8":"product_cat-haller-2","9":"product_cat-metalni-nozi","10":"product_cat-ninja-1","11":"product_cat-ninjutsu-3","12":"product_cat-ostalo-2","14":"first","15":"outofstock","16":"taxable","17":"shipping-taxable","18":"purchasable","19":"product-type-simple"},"_links":{"self":[{"href":"https:\/\/www.budoshop.si\/sl\/wp-json\/wp\/v2\/product\/66775","targetHints":{"allow":["GET"]}}],"collection":[{"href":"https:\/\/www.budoshop.si\/sl\/wp-json\/wp\/v2\/product"}],"about":[{"href":"https:\/\/www.budoshop.si\/sl\/wp-json\/wp\/v2\/types\/product"}],"replies":[{"embeddable":true,"href":"https:\/\/www.budoshop.si\/sl\/wp-json\/wp\/v2\/comments?post=66775"}],"wp:featuredmedia":[{"embeddable":true,"href":"https:\/\/www.budoshop.si\/sl\/wp-json\/wp\/v2\/media\/110093"}],"wp:attachment":[{"href":"https:\/\/www.budoshop.si\/sl\/wp-json\/wp\/v2\/media?parent=66775"}],"wp:term":[{"taxonomy":"product_brand","embeddable":true,"href":"https:\/\/www.budoshop.si\/sl\/wp-json\/wp\/v2\/product_brand?post=66775"},{"taxonomy":"product_cat","embeddable":true,"href":"https:\/\/www.budoshop.si\/sl\/wp-json\/wp\/v2\/product_cat?post=66775"},{"taxonomy":"product_tag","embeddable":true,"href":"https:\/\/www.budoshop.si\/sl\/wp-json\/wp\/v2\/product_tag?post=66775"}],"curies":[{"name":"wp","href":"https:\/\/api.w.org\/{rel}","templated":true}]}}