{"id":66667,"date":"2018-09-13T06:51:49","date_gmt":"2018-09-13T06:51:49","guid":{"rendered":"https:\/\/budoshop.si\/?product=tradicionalna-lesena-trening-kama-par"},"modified":"2025-12-19T08:45:31","modified_gmt":"2025-12-19T07:45:31","slug":"tradicionalna-lesena-trening-kama-par","status":"publish","type":"product","link":"https:\/\/www.budoshop.si\/sl\/izdelek\/tradicionalna-lesena-trening-kama-par\/","title":{"rendered":"Tradicionalna lesena trening KAMA (par)"},"content":{"rendered":"<div style=\"text-align: justify;\">\n<p><span style=\"color: #993300; font-size: 15px;\">Kama je tradicionalni borbeni rekvizit, ki izvira iz Okinave. Prvotno srp s katerim se je \u017eel ri\u017e, so spretno spremenili v oro\u017eje, ki jih je branilo pred ostrim me\u010dem. Danes ga uporabljajo kot trening rekvizit vsi, ki se ukvarjajo s tradicionalnim Kobudo-m ali kot dodatek nekaterim tradicionalnim stilom Karate-ja. <\/span><\/p>\n<p><span style=\"font-size: 15px; color: #993300;\">Skupna dol\u017eina: cca. 46 cm<\/span><br \/>\n<span style=\"font-size: 15px; color: #993300;\">Debelina ro\u010daja: cca. 3 cm<\/span><br \/>\n<span style=\"font-size: 15px; color: #993300;\">Dol\u017eina rezila: cca. 13<\/span><br \/>\n<span style=\"font-size: 15px; color: #993300;\">Te\u017ea: cca. 275 g<\/span><\/p>\n<p><span style=\"font-size: 15px; color: #993300;\">Artikel zagotavlja varen in vzpodbuden trening.<\/span><\/p>\n<p><span style=\"font-size: 15px; color: #993300;\">Prodaja se v paru.<\/span><\/p>\n<\/div>\n<div style=\"text-align: justify;\"><\/div>\n<div style=\"text-align: justify;\"><\/div>\n<div style=\"text-align: justify;\"><\/div>\n<div style=\"text-align: justify;\"><span style=\"color: #993300; font-size: 11px;\">Opozorilo!<br \/>\n\u25ba Artikel je namenjen samo dekorativni uporabi oziroma osebnemu treningu borilnih ve\u0161\u010din.<br \/>\n\u25ba Po prodaji, prodajalec ni ve\u010d odgovoren za nikakr\u0161ne po\u0161kodbe, ki se lahko zgodijo zaradi napa\u010dne uporabe ali zanemarjanja teh opozoril. Novi lastnik prevzema popolno odgovornost za skrb in uporabo tega artikla.<br \/>\n\u25ba Vsakr\u0161na napa\u010dna uporaba ali nepazljivost lahko vam ali drugemu povzro\u010di resne po\u0161kodbe ali celo smrt!<br \/>\n\u25ba Ta artikel se v nobenem primeru ne sme uporabljati na drugi osebi!<\/span><\/div>\n","protected":false},"excerpt":{"rendered":"<p><span style=\"color: #002060;\"><strong>Lesen azijski Kama srp (par).<\/strong><\/span><\/p>\n","protected":false},"featured_media":66669,"comment_status":"open","ping_status":"closed","template":"","meta":[],"product_brand":[5595],"product_cat":[1035,5405,5406,1037,849],"product_tag":[],"class_list":{"0":"post-66667","1":"product","2":"type-product","3":"status-publish","4":"has-post-thumbnail","6":"product_brand-ju-sports","7":"product_cat-aikido-kendo-iai-kobudo-1","8":"product_cat-ju-sports","9":"product_cat-ju-sports-2","10":"product_cat-ninjutsu-3","11":"product_cat-tonfa-kama-sai-1","13":"first","14":"instock","15":"taxable","16":"shipping-taxable","17":"purchasable","18":"product-type-simple"},"_links":{"self":[{"href":"https:\/\/www.budoshop.si\/sl\/wp-json\/wp\/v2\/product\/66667","targetHints":{"allow":["GET"]}}],"collection":[{"href":"https:\/\/www.budoshop.si\/sl\/wp-json\/wp\/v2\/product"}],"about":[{"href":"https:\/\/www.budoshop.si\/sl\/wp-json\/wp\/v2\/types\/product"}],"replies":[{"embeddable":true,"href":"https:\/\/www.budoshop.si\/sl\/wp-json\/wp\/v2\/comments?post=66667"}],"wp:featuredmedia":[{"embeddable":true,"href":"https:\/\/www.budoshop.si\/sl\/wp-json\/wp\/v2\/media\/66669"}],"wp:attachment":[{"href":"https:\/\/www.budoshop.si\/sl\/wp-json\/wp\/v2\/media?parent=66667"}],"wp:term":[{"taxonomy":"product_brand","embeddable":true,"href":"https:\/\/www.budoshop.si\/sl\/wp-json\/wp\/v2\/product_brand?post=66667"},{"taxonomy":"product_cat","embeddable":true,"href":"https:\/\/www.budoshop.si\/sl\/wp-json\/wp\/v2\/product_cat?post=66667"},{"taxonomy":"product_tag","embeddable":true,"href":"https:\/\/www.budoshop.si\/sl\/wp-json\/wp\/v2\/product_tag?post=66667"}],"curies":[{"name":"wp","href":"https:\/\/api.w.org\/{rel}","templated":true}]}}