{"id":66615,"date":"2018-09-13T06:51:49","date_gmt":"2018-09-13T06:51:49","guid":{"rendered":"https:\/\/budoshop.si\/?product=nunchaku-palici-konus"},"modified":"2026-01-18T12:33:55","modified_gmt":"2026-01-18T11:33:55","slug":"nunchaku-palici-konus","status":"publish","type":"product","link":"https:\/\/www.budoshop.si\/sl\/izdelek\/nunchaku-palici-konus\/","title":{"rendered":"Nunchaku palici &#8221;KONUS&#8221;"},"content":{"rendered":"<div style=\"text-align: justify;\">\n<p><span style=\"color: #993300; font-size: 15px;\">Moderni leseni NUNCHAKU palici \u010drne barve in valjaste oblike. Nunchaku palici sta povezani z verigo, ki je pritjena z le\u017eaji, kar nudi maksimalno okretnost palic in ne dovoljuje zapletanja verige. Zareze na ro\u010daju omogo\u010dajo dober in varen oprijem ter trdno dr\u017eanje v dlani. <\/span><\/p>\n<p><span style=\"font-size: 15px; color: #993300;\">Dol\u017eina posamezne palice: cca. 31,5 cm<\/span><br \/>\n<span style=\"font-size: 15px; color: #993300;\">Veriga: cca. 14 cm<\/span><br \/>\n<span style=\"font-size: 15px; color: #993300;\">Skupna te\u017ea: cca. 385 g<\/span><\/p>\n<\/div>\n<div style=\"text-align: justify;\"><span style=\"color: #993300; font-size: 15px;\">\u00a0<\/span><\/div>\n<div style=\"text-align: justify;\"><\/div>\n<div style=\"text-align: justify;\"><span style=\"color: #c00000;\"><span style=\"color: #993300; font-size: 11px;\">Opozorilo!<\/span><br \/>\n<span style=\"color: #993300; font-size: 11px;\">\u25ba Artikel je namenjen samo dekorativni uporabi oziroma osebnemu treningu borilnih ve\u0161\u010din.<\/span><br \/>\n<span style=\"color: #993300; font-size: 11px;\">\u25ba Po prodaji, prodajalec ni ve\u010d odgovoren za nikakr\u0161ne po\u0161kodbe, ki se lahko zgodijo zaradi napa\u010dne uporabe ali zanemarjanja teh opozoril. Novi lastnik prevzema popolno odgovornost za skrb in uporabo tega artikla.<\/span><br \/>\n<span style=\"color: #993300; font-size: 11px;\">\u25ba Vsakr\u0161na napa\u010dna uporaba ali nepazljivost lahko vam ali drugemu povzro\u010di resne po\u0161kodbe ali celo smrt!<\/span><br \/>\n<span style=\"color: #993300; font-size: 11px;\">\u25ba Ta artikel se v nobenem primeru ne sme uporabljati na drugi osebi!<\/span><br \/>\n<\/span><\/div>\n","protected":false},"excerpt":{"rendered":"<p><span style=\"color: #003366;\"><strong>Valjasti leseni Nunchaku palici, povezani z verigo.<\/strong><\/span><\/p>\n","protected":false},"featured_media":66617,"comment_status":"open","ping_status":"closed","template":"","meta":[],"product_brand":[],"product_cat":[1035,1029,727],"product_tag":[],"class_list":{"0":"post-66615","1":"product","2":"type-product","3":"status-publish","4":"has-post-thumbnail","6":"product_cat-aikido-kendo-iai-kobudo-1","7":"product_cat-karate-5","8":"product_cat-nunchaku-1","10":"first","11":"instock","12":"taxable","13":"shipping-taxable","14":"purchasable","15":"product-type-simple"},"_links":{"self":[{"href":"https:\/\/www.budoshop.si\/sl\/wp-json\/wp\/v2\/product\/66615","targetHints":{"allow":["GET"]}}],"collection":[{"href":"https:\/\/www.budoshop.si\/sl\/wp-json\/wp\/v2\/product"}],"about":[{"href":"https:\/\/www.budoshop.si\/sl\/wp-json\/wp\/v2\/types\/product"}],"replies":[{"embeddable":true,"href":"https:\/\/www.budoshop.si\/sl\/wp-json\/wp\/v2\/comments?post=66615"}],"wp:featuredmedia":[{"embeddable":true,"href":"https:\/\/www.budoshop.si\/sl\/wp-json\/wp\/v2\/media\/66617"}],"wp:attachment":[{"href":"https:\/\/www.budoshop.si\/sl\/wp-json\/wp\/v2\/media?parent=66615"}],"wp:term":[{"taxonomy":"product_brand","embeddable":true,"href":"https:\/\/www.budoshop.si\/sl\/wp-json\/wp\/v2\/product_brand?post=66615"},{"taxonomy":"product_cat","embeddable":true,"href":"https:\/\/www.budoshop.si\/sl\/wp-json\/wp\/v2\/product_cat?post=66615"},{"taxonomy":"product_tag","embeddable":true,"href":"https:\/\/www.budoshop.si\/sl\/wp-json\/wp\/v2\/product_tag?post=66615"}],"curies":[{"name":"wp","href":"https:\/\/api.w.org\/{rel}","templated":true}]}}