{"id":66537,"date":"2018-09-13T06:51:49","date_gmt":"2018-09-13T06:51:49","guid":{"rendered":"https:\/\/budoshop.si\/?product=zidno-stojalo-za-8-katana-mecev"},"modified":"2026-01-29T13:48:18","modified_gmt":"2026-01-29T12:48:18","slug":"zidno-stojalo-za-8-katana-mecev","status":"publish","type":"product","link":"https:\/\/www.budoshop.si\/sl\/izdelek\/zidno-stojalo-za-8-katana-mecev\/","title":{"rendered":"Zidni nosilec za 8 Katana me\u010dev"},"content":{"rendered":"<div style=\"text-align: justify;\">\n<p><span style=\"color: #993300; font-size: 15px;\">Leseno stojalo za osem me\u010dev ali drugih oro\u017eji, ki se ga montira na steno. Stojalo se lahko poljubno \u0161irinsko nastavi, njegova vi\u0161ina pa je cca. 100cm. To je odli\u010dno stojalo za pravilno hranjenje rekvizitov kot so Katana me\u010di, palice in podobno, poleg tega pa bo zagotovo dodalo k tradicionalnemu izgledu va\u0161ega trening prostora.<br \/>\nEnostavno montiranje.<\/span><\/p>\n<p><span style=\"font-size: 15px; color: #993300;\">\u010crne barve.<\/span><\/p>\n<\/div>\n","protected":false},"excerpt":{"rendered":"<p><span style=\"color: #002060;\"><strong>Leseno zidno stojalo za osem Katana me\u010dev.<\/strong><\/span><\/p>\n","protected":false},"featured_media":66539,"comment_status":"open","ping_status":"closed","template":"","meta":[],"product_brand":[],"product_cat":[763],"product_tag":[],"class_list":{"0":"post-66537","1":"product","2":"type-product","3":"status-publish","4":"has-post-thumbnail","6":"product_cat-stojala","8":"first","9":"instock","10":"taxable","11":"shipping-taxable","12":"purchasable","13":"product-type-simple"},"_links":{"self":[{"href":"https:\/\/www.budoshop.si\/sl\/wp-json\/wp\/v2\/product\/66537","targetHints":{"allow":["GET"]}}],"collection":[{"href":"https:\/\/www.budoshop.si\/sl\/wp-json\/wp\/v2\/product"}],"about":[{"href":"https:\/\/www.budoshop.si\/sl\/wp-json\/wp\/v2\/types\/product"}],"replies":[{"embeddable":true,"href":"https:\/\/www.budoshop.si\/sl\/wp-json\/wp\/v2\/comments?post=66537"}],"wp:featuredmedia":[{"embeddable":true,"href":"https:\/\/www.budoshop.si\/sl\/wp-json\/wp\/v2\/media\/66539"}],"wp:attachment":[{"href":"https:\/\/www.budoshop.si\/sl\/wp-json\/wp\/v2\/media?parent=66537"}],"wp:term":[{"taxonomy":"product_brand","embeddable":true,"href":"https:\/\/www.budoshop.si\/sl\/wp-json\/wp\/v2\/product_brand?post=66537"},{"taxonomy":"product_cat","embeddable":true,"href":"https:\/\/www.budoshop.si\/sl\/wp-json\/wp\/v2\/product_cat?post=66537"},{"taxonomy":"product_tag","embeddable":true,"href":"https:\/\/www.budoshop.si\/sl\/wp-json\/wp\/v2\/product_tag?post=66537"}],"curies":[{"name":"wp","href":"https:\/\/api.w.org\/{rel}","templated":true}]}}