{"id":66533,"date":"2018-09-13T06:51:49","date_gmt":"2018-09-13T04:51:49","guid":{"rendered":"https:\/\/budoshop.si\/?product=samostojece-stojalo-za-8-katana-mecev"},"modified":"2024-10-26T19:15:48","modified_gmt":"2024-10-26T17:15:48","slug":"samostojece-stojalo-za-8-katana-mecev","status":"publish","type":"product","link":"https:\/\/www.budoshop.si\/sl\/izdelek\/samostojece-stojalo-za-8-katana-mecev\/","title":{"rendered":"Samostoje\u010de stojalo za 8 Katana me\u010dev"},"content":{"rendered":"<div style=\"text-align: justify;\">\n<p><span style=\"color: #993300; font-size: 15px;\">Leseno, samostoje\u010de stojalo za osem me\u010dev ali drugih oro\u017eji. Odli\u010dno za pravilno hranjenje me\u010dev, palic in podobnih rekvizitov kot tudi za dekoracijo va\u0161ega trening prostora.<\/span><\/p>\n<p><span style=\"font-size: 15px; color: #993300;\">\u010crne barve.<\/span><\/p>\n<p><span style=\"font-size: 15px; color: #993300;\">Mere:<\/span><br \/>\n<span style=\"font-size: 15px; color: #993300;\">Vi\u0161ina: cca. 81 cm<\/span><br \/>\n<span style=\"font-size: 15px; color: #993300;\">\u0160irina: cca. 47 cm<\/span><\/p>\n<\/div>\n","protected":false},"excerpt":{"rendered":"<p><span style=\"color: #002060;\"><strong>Samostoje\u010de stojalo za osem me\u010dev.<\/strong><\/span><\/p>\n","protected":false},"featured_media":111134,"comment_status":"open","ping_status":"closed","template":"","meta":[],"product_brand":[],"product_cat":[1035,1037,763,5376,5374],"product_tag":[],"class_list":{"0":"post-66533","1":"product","2":"type-product","3":"status-publish","4":"has-post-thumbnail","6":"product_cat-aikido-kendo-iai-kobudo-1","7":"product_cat-ninjutsu-3","8":"product_cat-stojala","9":"product_cat-haller-2","10":"product_cat-haller-sl","12":"first","13":"instock","14":"taxable","15":"shipping-taxable","16":"purchasable","17":"product-type-simple"},"_links":{"self":[{"href":"https:\/\/www.budoshop.si\/sl\/wp-json\/wp\/v2\/product\/66533","targetHints":{"allow":["GET"]}}],"collection":[{"href":"https:\/\/www.budoshop.si\/sl\/wp-json\/wp\/v2\/product"}],"about":[{"href":"https:\/\/www.budoshop.si\/sl\/wp-json\/wp\/v2\/types\/product"}],"replies":[{"embeddable":true,"href":"https:\/\/www.budoshop.si\/sl\/wp-json\/wp\/v2\/comments?post=66533"}],"wp:featuredmedia":[{"embeddable":true,"href":"https:\/\/www.budoshop.si\/sl\/wp-json\/wp\/v2\/media\/111134"}],"wp:attachment":[{"href":"https:\/\/www.budoshop.si\/sl\/wp-json\/wp\/v2\/media?parent=66533"}],"wp:term":[{"taxonomy":"product_brand","embeddable":true,"href":"https:\/\/www.budoshop.si\/sl\/wp-json\/wp\/v2\/product_brand?post=66533"},{"taxonomy":"product_cat","embeddable":true,"href":"https:\/\/www.budoshop.si\/sl\/wp-json\/wp\/v2\/product_cat?post=66533"},{"taxonomy":"product_tag","embeddable":true,"href":"https:\/\/www.budoshop.si\/sl\/wp-json\/wp\/v2\/product_tag?post=66533"}],"curies":[{"name":"wp","href":"https:\/\/api.w.org\/{rel}","templated":true}]}}