{"id":66527,"date":"2018-09-13T06:51:49","date_gmt":"2018-09-13T06:51:49","guid":{"rendered":"https:\/\/budoshop.si\/?product=stojalo-za-katana-set-treh-mecev"},"modified":"2023-10-03T08:09:27","modified_gmt":"2023-10-03T06:09:27","slug":"stojalo-za-katana-set-treh-mecev","status":"publish","type":"product","link":"https:\/\/www.budoshop.si\/sl\/izdelek\/stojalo-za-katana-set-treh-mecev\/","title":{"rendered":"Stojalo za Katana set treh me\u010dev"},"content":{"rendered":"<div style=\"text-align: justify;\">\n<p><span style=\"color: #993300; font-size: 15px;\">Leseno, samostoje\u010de sestavljivo namizno stojalo za tri, vodoravno postavljene Samuraiske ali podobne me\u010de. \u010crne barve.<\/span><\/p>\n<p><span style=\"font-size: 15px; color: #993300;\">Mere:<\/span><br \/>\n<span style=\"font-size: 15px; color: #993300;\">\u0160irina: cca. 40 cm.<\/span><br \/>\n<span style=\"font-size: small; color: #993300;\"><span style=\"font-size: 15px;\">Vi\u0161ina: cca. 35 cm.<\/span> <\/span><\/p>\n<p>&nbsp;<\/p>\n<\/div>\n","protected":false},"excerpt":{"rendered":"<p><span style=\"color: #003366;\"><strong>Leseno sestavljivo namizno stojalo za tri Samurajske me\u010de.<\/strong><\/span><\/p>\n","protected":false},"featured_media":66529,"comment_status":"open","ping_status":"closed","template":"","meta":[],"product_brand":[],"product_cat":[763],"product_tag":[],"class_list":{"0":"post-66527","1":"product","2":"type-product","3":"status-publish","4":"has-post-thumbnail","6":"product_cat-stojala","8":"first","9":"instock","10":"taxable","11":"shipping-taxable","12":"purchasable","13":"product-type-simple"},"_links":{"self":[{"href":"https:\/\/www.budoshop.si\/sl\/wp-json\/wp\/v2\/product\/66527","targetHints":{"allow":["GET"]}}],"collection":[{"href":"https:\/\/www.budoshop.si\/sl\/wp-json\/wp\/v2\/product"}],"about":[{"href":"https:\/\/www.budoshop.si\/sl\/wp-json\/wp\/v2\/types\/product"}],"replies":[{"embeddable":true,"href":"https:\/\/www.budoshop.si\/sl\/wp-json\/wp\/v2\/comments?post=66527"}],"wp:featuredmedia":[{"embeddable":true,"href":"https:\/\/www.budoshop.si\/sl\/wp-json\/wp\/v2\/media\/66529"}],"wp:attachment":[{"href":"https:\/\/www.budoshop.si\/sl\/wp-json\/wp\/v2\/media?parent=66527"}],"wp:term":[{"taxonomy":"product_brand","embeddable":true,"href":"https:\/\/www.budoshop.si\/sl\/wp-json\/wp\/v2\/product_brand?post=66527"},{"taxonomy":"product_cat","embeddable":true,"href":"https:\/\/www.budoshop.si\/sl\/wp-json\/wp\/v2\/product_cat?post=66527"},{"taxonomy":"product_tag","embeddable":true,"href":"https:\/\/www.budoshop.si\/sl\/wp-json\/wp\/v2\/product_tag?post=66527"}],"curies":[{"name":"wp","href":"https:\/\/api.w.org\/{rel}","templated":true}]}}