{"id":66519,"date":"2018-09-13T06:51:49","date_gmt":"2018-09-13T06:51:49","guid":{"rendered":"https:\/\/budoshop.si\/?product=stojalo-za-dva-katana-meca"},"modified":"2026-02-13T10:30:05","modified_gmt":"2026-02-13T09:30:05","slug":"stojalo-za-dva-katana-meca","status":"publish","type":"product","link":"https:\/\/www.budoshop.si\/sl\/izdelek\/stojalo-za-dva-katana-meca\/","title":{"rendered":"Stojalo za dva Katana me\u010da"},"content":{"rendered":"<div style=\"text-align: justify;\">\n<p><span style=\"color: #993300; font-size: 15px;\">Leseno, samostoje\u010de stojalo za dva, vodoravno postavljena Samuraiska me\u010da. Izvrsten komplet za va\u0161o Katano in Wakizashi.<br \/>\n\u010crne barve.<\/span><\/p>\n<p><span style=\"font-size: 15px; color: #993300;\">Mere:<\/span><br \/>\n<span style=\"font-size: 15px; color: #993300;\">\u0160irina: cca. 40 cm.<\/span><br \/>\n<span style=\"font-size: 15px; color: #993300;\">Vi\u0161ina: cca. 35 cm.<\/span><\/p>\n<p>&nbsp;<\/p>\n<\/div>\n","protected":false},"excerpt":{"rendered":"<p><span style=\"color: #003366;\"><strong>Leseno samostoje\u010de stojalo za dva Katana me\u010da.<\/strong><\/span><\/p>\n","protected":false},"featured_media":66521,"comment_status":"open","ping_status":"closed","template":"","meta":[],"product_brand":[],"product_cat":[1035,1037,1041,763],"product_tag":[],"class_list":{"0":"post-66519","1":"product","2":"type-product","3":"status-publish","4":"has-post-thumbnail","6":"product_cat-aikido-kendo-iai-kobudo-1","7":"product_cat-ninjutsu-3","8":"product_cat-tai-chi-kunf-fu-wu-shu-1","9":"product_cat-stojala","11":"first","12":"instock","13":"taxable","14":"shipping-taxable","15":"purchasable","16":"product-type-simple"},"_links":{"self":[{"href":"https:\/\/www.budoshop.si\/sl\/wp-json\/wp\/v2\/product\/66519","targetHints":{"allow":["GET"]}}],"collection":[{"href":"https:\/\/www.budoshop.si\/sl\/wp-json\/wp\/v2\/product"}],"about":[{"href":"https:\/\/www.budoshop.si\/sl\/wp-json\/wp\/v2\/types\/product"}],"replies":[{"embeddable":true,"href":"https:\/\/www.budoshop.si\/sl\/wp-json\/wp\/v2\/comments?post=66519"}],"wp:featuredmedia":[{"embeddable":true,"href":"https:\/\/www.budoshop.si\/sl\/wp-json\/wp\/v2\/media\/66521"}],"wp:attachment":[{"href":"https:\/\/www.budoshop.si\/sl\/wp-json\/wp\/v2\/media?parent=66519"}],"wp:term":[{"taxonomy":"product_brand","embeddable":true,"href":"https:\/\/www.budoshop.si\/sl\/wp-json\/wp\/v2\/product_brand?post=66519"},{"taxonomy":"product_cat","embeddable":true,"href":"https:\/\/www.budoshop.si\/sl\/wp-json\/wp\/v2\/product_cat?post=66519"},{"taxonomy":"product_tag","embeddable":true,"href":"https:\/\/www.budoshop.si\/sl\/wp-json\/wp\/v2\/product_tag?post=66519"}],"curies":[{"name":"wp","href":"https:\/\/api.w.org\/{rel}","templated":true}]}}